{"id":5940,"date":"2024-05-11T19:22:34","date_gmt":"2024-05-11T22:22:34","guid":{"rendered":"https:\/\/lidertecsa.com.ar\/catalogo\/?post_type=product&#038;p=5940"},"modified":"2026-02-04T12:56:21","modified_gmt":"2026-02-04T15:56:21","slug":"siloc-adhesivo-sellador-sanitarios-85-x-280g-blanco","status":"publish","type":"product","link":"https:\/\/lidertecsa.com.ar\/catalogo\/producto\/siloc-adhesivo-sellador-sanitarios-85-x-280g-blanco\/","title":{"rendered":"SILOC &#8211; Adhesivo Sellador Sanitarios 85 % x 280g BLANCO"},"content":{"rendered":"<div>PARA AMBIENTES H\u00daMEDOS<\/div>\n<div>\n<p>Cura ac\u00e9tica. Contiene fungicida que evita la formaci\u00f3n de hongos en ba\u00f1os, cocinas, piletas, lavaderos. Adhiere y sella azulejos, sanitarios, superficies esmaltadas, algunos pl\u00e1sticos y muchos otros materiales para la construcci\u00f3n. Se mantiene el\u00e1stico en el tiempo, sin cuartearse y sin perder adhesi\u00f3n. Para uso interior y exterior. Soporta elevadas temperaturas, la acci\u00f3n del agua y la radiaci\u00f3n UV. No apto para contacto con combustibles y solventes. No usar en peceras.<\/p>\n<ul class=\"ficha\">\n<li>Tiempo cura parcial (Minutos):\u00a0Forma piel en 25-30 minutos<\/li>\n<li>Tiempo cura total (Horas):\u00a03mm en 24 hs.<\/li>\n<li>Resistencia temperatura (\u00b0C):\u00a0-40 a +100 \u00baC<\/li>\n<li>Resistencia traccion (MPa):\u00a00,5 &#8211; 0,8<\/li>\n<li>Porcentaje elongacion (%):\u00a0150 &#8211; 200<\/li>\n<li>Dureza (Shore A):\u00a018-22<\/li>\n<li>Usos:\u00a0Sellado de artefactos (inodoro, bidet, lavamanos, etc.), fijaci\u00f3n de fuelle de inodoro, sellado de mamparas de vidrio, ba\u00f1eras y aberturas.<\/li>\n<\/ul>\n<\/div>\n","protected":false},"excerpt":{"rendered":"<h2>Adhesivo Sellador Sanitario &#8211; 85 %<\/h2>\n<div class=\"content\">\n<div class=\"ttl-subcat-producto\">USO AMBIENTES MUY H\u00daMEDOS.<\/div>\n<\/div>\n","protected":false},"featured_media":483,"template":"","meta":{"_joinchat":[]},"product_cat":[158],"product_tag":[165],"class_list":{"0":"post-5940","1":"product","2":"type-product","3":"status-publish","4":"has-post-thumbnail","6":"product_cat-siloc","7":"product_tag-silicona-85","9":"first","10":"instock","11":"taxable","12":"shipping-taxable","13":"product-type-simple"},"_links":{"self":[{"href":"https:\/\/lidertecsa.com.ar\/catalogo\/wp-json\/wp\/v2\/product\/5940"}],"collection":[{"href":"https:\/\/lidertecsa.com.ar\/catalogo\/wp-json\/wp\/v2\/product"}],"about":[{"href":"https:\/\/lidertecsa.com.ar\/catalogo\/wp-json\/wp\/v2\/types\/product"}],"wp:featuredmedia":[{"embeddable":true,"href":"https:\/\/lidertecsa.com.ar\/catalogo\/wp-json\/wp\/v2\/media\/483"}],"wp:attachment":[{"href":"https:\/\/lidertecsa.com.ar\/catalogo\/wp-json\/wp\/v2\/media?parent=5940"}],"wp:term":[{"taxonomy":"product_cat","embeddable":true,"href":"https:\/\/lidertecsa.com.ar\/catalogo\/wp-json\/wp\/v2\/product_cat?post=5940"},{"taxonomy":"product_tag","embeddable":true,"href":"https:\/\/lidertecsa.com.ar\/catalogo\/wp-json\/wp\/v2\/product_tag?post=5940"}],"curies":[{"name":"wp","href":"https:\/\/api.w.org\/{rel}","templated":true}]}}