{"id":5938,"date":"2024-05-11T19:19:34","date_gmt":"2024-05-11T22:19:34","guid":{"rendered":"https:\/\/lidertecsa.com.ar\/catalogo\/?post_type=product&#038;p=5938"},"modified":"2026-02-04T12:55:01","modified_gmt":"2026-02-04T15:55:01","slug":"siloc-adhesivo-sellador-85-x-280g-negro","status":"publish","type":"product","link":"https:\/\/lidertecsa.com.ar\/catalogo\/producto\/siloc-adhesivo-sellador-85-x-280g-negro\/","title":{"rendered":"SILOC &#8211; Adhesivo Sellador x 280g NEGRO."},"content":{"rendered":"<div class=\"content\">\n<div>\n<div class=\"box-presentaciones\">USO UNIVERSAL<\/div>\n<\/div>\n<\/div>\n<p>Adhesivo sellador de uso general para m\u00faltiples materiales: vidrio, cer\u00e1micos, azulejos, superficies esmaltadas, enlozadas y pintadas, metales, madera, algunos pl\u00e1sticos y muchos otros. Permanece el\u00e1stico en el tiempo, sin cuartearse y sin perder la adherencia a los sustratos. Para uso interior y exterior. Soporta la acci\u00f3n del agua y la radiaci\u00f3n UV. No apto para contacto con combustibles y solventes. Colores blanco y transparente contienen fungicida, son antihongos, no usar en peceras.<\/p>\n<ul class=\"ficha\">\n<li>Tiempo cura parcial (Minutos):\u00a0Forma piel en 25-30 minutos<\/li>\n<li>Tiempo cura total (Horas):\u00a03mm en 24 hs.<\/li>\n<li>Resistencia temperatura (\u00b0C):\u00a0-40 a +100 \u00baC<\/li>\n<li>Resistencia traccion (MPa):\u00a00,5 &#8211; 0,8<\/li>\n<li>Porcentaje elongacion (%):\u00a0150 &#8211; 200<\/li>\n<li>Dureza (Shore A):\u00a018-22<\/li>\n<li>Usos:\u00a0Sellado de aberturas, reconstrucci\u00f3n de burletes, pegado de vidrios y m\u00faltiples aplicaciones de sellado y adhesi\u00f3n.<\/li>\n<\/ul>\n","protected":false},"excerpt":{"rendered":"<h2>Adhesivo Sellador &#8211; 85 %<\/h2>\n<div class=\"content\">\n<div class=\"ttl-subcat-producto\">USO UNIVERSAL.<\/div>\n<\/div>\n","protected":false},"featured_media":481,"template":"","meta":{"_joinchat":[]},"product_cat":[158],"product_tag":[165],"class_list":{"0":"post-5938","1":"product","2":"type-product","3":"status-publish","4":"has-post-thumbnail","6":"product_cat-siloc","7":"product_tag-silicona-85","9":"first","10":"instock","11":"product-type-simple"},"_links":{"self":[{"href":"https:\/\/lidertecsa.com.ar\/catalogo\/wp-json\/wp\/v2\/product\/5938"}],"collection":[{"href":"https:\/\/lidertecsa.com.ar\/catalogo\/wp-json\/wp\/v2\/product"}],"about":[{"href":"https:\/\/lidertecsa.com.ar\/catalogo\/wp-json\/wp\/v2\/types\/product"}],"wp:featuredmedia":[{"embeddable":true,"href":"https:\/\/lidertecsa.com.ar\/catalogo\/wp-json\/wp\/v2\/media\/481"}],"wp:attachment":[{"href":"https:\/\/lidertecsa.com.ar\/catalogo\/wp-json\/wp\/v2\/media?parent=5938"}],"wp:term":[{"taxonomy":"product_cat","embeddable":true,"href":"https:\/\/lidertecsa.com.ar\/catalogo\/wp-json\/wp\/v2\/product_cat?post=5938"},{"taxonomy":"product_tag","embeddable":true,"href":"https:\/\/lidertecsa.com.ar\/catalogo\/wp-json\/wp\/v2\/product_tag?post=5938"}],"curies":[{"name":"wp","href":"https:\/\/api.w.org\/{rel}","templated":true}]}}