{"id":5927,"date":"2024-05-10T20:15:22","date_gmt":"2024-05-10T23:15:22","guid":{"rendered":"https:\/\/lidertecsa.com.ar\/catalogo\/?post_type=product&#038;p=5927"},"modified":"2026-02-04T12:44:29","modified_gmt":"2026-02-04T15:44:29","slug":"siloc-adhesivo-sellador-puro-100-blanco-x-100g","status":"publish","type":"product","link":"https:\/\/lidertecsa.com.ar\/catalogo\/producto\/siloc-adhesivo-sellador-puro-100-blanco-x-100g\/","title":{"rendered":"SILOC &#8211; Adhesivo Sellador Puro 100% BLANCO x 100g"},"content":{"rendered":"<div>USO UNIVERSAL<\/div>\n<p>Fuerte, flexible, inalterable. Resiste al agua, a la intemperie y a la radiaci\u00f3n UV sin envejecer, perder adhesi\u00f3n, agrietarse o cuartearse. Aislante el\u00e9ctrico (20kv\/mm). Para vidrio, superficies vitrificadas, esmaltadas, enlozadas, pintadas, metales, madera y muchos materiales de construcci\u00f3n. Colores transparente y negro: aptos para peceras. Color blanco: con fungicida, antihongos. Para ambientes h\u00famedos, armado de electrodom\u00e9sticos, sellado de g\u00f3ndolas refrigeradas. No usar en peceras. No aptos para combustibles y solventes.<\/p>\n<ul class=\"ficha\">\n<li>Tiempo cura parcial (Minutos):\u00a0Forma piel en 15-30 minutos<\/li>\n<li>Tiempo cura total (Horas):\u00a03mm en 24 hs.<\/li>\n<li>Resistencia temperatura (\u00b0C):\u00a0-40 a +180 \u00baC<\/li>\n<li>Resistencia traccion (MPa):\u00a00,6 &#8211; 1,0<\/li>\n<li>Porcentaje elongacion (%):\u00a0250 &#8211; 300<\/li>\n<li>Dureza (Shore A):\u00a020-25<\/li>\n<li>Usos:\u00a0Sellado y adhesi\u00f3n de vidrios grandes o de alto espesor: vidrieras, aberturas, cerramientos y toda aplicaci\u00f3n exigida que requiera m\u00e1xima adhesi\u00f3n y elasticidad.<\/li>\n<\/ul>\n","protected":false},"excerpt":{"rendered":"<h2>Adhesivo Sellador &#8211; Puro 100%<\/h2>\n<div class=\"content\">\n<div class=\"ttl-subcat-producto\">USO UNIVERSAL.<\/div>\n<\/div>\n","protected":false},"featured_media":454,"template":"","meta":{"_joinchat":[]},"product_cat":[158],"product_tag":[156],"class_list":{"0":"post-5927","1":"product","2":"type-product","3":"status-publish","4":"has-post-thumbnail","6":"product_cat-siloc","7":"product_tag-silicona-100-pura","9":"first","10":"instock","11":"taxable","12":"shipping-taxable","13":"product-type-simple"},"_links":{"self":[{"href":"https:\/\/lidertecsa.com.ar\/catalogo\/wp-json\/wp\/v2\/product\/5927"}],"collection":[{"href":"https:\/\/lidertecsa.com.ar\/catalogo\/wp-json\/wp\/v2\/product"}],"about":[{"href":"https:\/\/lidertecsa.com.ar\/catalogo\/wp-json\/wp\/v2\/types\/product"}],"wp:featuredmedia":[{"embeddable":true,"href":"https:\/\/lidertecsa.com.ar\/catalogo\/wp-json\/wp\/v2\/media\/454"}],"wp:attachment":[{"href":"https:\/\/lidertecsa.com.ar\/catalogo\/wp-json\/wp\/v2\/media?parent=5927"}],"wp:term":[{"taxonomy":"product_cat","embeddable":true,"href":"https:\/\/lidertecsa.com.ar\/catalogo\/wp-json\/wp\/v2\/product_cat?post=5927"},{"taxonomy":"product_tag","embeddable":true,"href":"https:\/\/lidertecsa.com.ar\/catalogo\/wp-json\/wp\/v2\/product_tag?post=5927"}],"curies":[{"name":"wp","href":"https:\/\/api.w.org\/{rel}","templated":true}]}}