{"id":592,"date":"2023-06-17T21:56:23","date_gmt":"2023-06-18T00:56:23","guid":{"rendered":"https:\/\/lidertecsa.com.ar\/catalogo\/?post_type=product&#038;p=592"},"modified":"2024-12-13T16:30:43","modified_gmt":"2024-12-13T19:30:43","slug":"lijadora-de-banda-te-bs-8540","status":"publish","type":"product","link":"https:\/\/lidertecsa.com.ar\/catalogo\/producto\/lijadora-de-banda-te-bs-8540\/","title":{"rendered":"Lijadora de banda TE-BS 8540"},"content":{"rendered":"<div id=\"content\" class=\"site-content\">\n<div id=\"primary\" class=\"content-area\">\n<p>&nbsp;<\/p>\n<div id=\"product-40352\" class=\"product type-product post-40352 status-publish first instock product_cat-lijadoras has-post-thumbnail taxable shipping-taxable purchasable product-type-simple\">\n<div class=\"woocommerce-tabs wc-tabs-wrapper\">\n<div id=\"tab-description\" class=\"woocommerce-Tabs-panel woocommerce-Tabs-panel--description panel entry-content wc-tab\" role=\"tabpanel\" aria-labelledby=\"tab-title-description\">\n<p>Con la lijadora de banda TE-BS 8540 E de Einhell, los exigentes entusiastas del bricolaje tienen un equipo de esmerilado de alta calidad y potencia para un lijado flexible y efectivo en una variedad de talleres. La electr\u00f3nica del n\u00famero de revoluciones permite un trabajo enfocado en el material y la aplicaci\u00f3n. El recorrido extremadamente preciso de la banda se puede ajustar de manera \u00f3ptima mediante un ajuste fino, y las bandas de lijado se cambian en poco tiempo y sin herramientas gracias a la palanca de bloqueo. La empu\u00f1adura suave y el mango adicional ajustable sin herramientas de la TE-BS 8540 E ofrecen tambi\u00e9n una excelente ergonom\u00eda y facilidad de uso. La cubierta frontal se puede plegar para poder trabajar incluso en superficies cercanas al borde. Para trabajos con poco polvo, la lijadora de banda est\u00e1 equipada con un sistema integrado de extracci\u00f3n de polvo y un adaptador para la extracci\u00f3n externa de polvo. Una vez que se ha completado el trabajo, el cable enrollado se puede fijar con un sujetacables y guardar as\u00ed la TE-BS 8540 E de inmediato. Para comenzar a trabajar de inmediato, se incluye una banda de lija (P80).<\/p>\n<p>&nbsp;<\/p>\n<table width=\"346\">\n<tbody>\n<tr>\n<td colspan=\"2\" width=\"346\">Datos Tecnicos<\/td>\n<\/tr>\n<tr>\n<td width=\"173\">Suministro de red<\/td>\n<td width=\"173\">230 V | 50 Hz<\/td>\n<\/tr>\n<tr>\n<td width=\"173\">Potencia<\/td>\n<td width=\"173\">850 W<\/td>\n<\/tr>\n<tr>\n<td width=\"173\">Ralent\u00ed<\/td>\n<td width=\"173\">300 m\/min \u2013 400 m\/min<\/td>\n<\/tr>\n<tr>\n<td width=\"173\">Cinta de lijado<\/td>\n<td width=\"173\">75 mm x 533 mm<\/td>\n<\/tr>\n<\/tbody>\n<\/table>\n<\/div>\n<\/div>\n<\/div>\n<p>&nbsp;<\/p>\n<\/div>\n<\/div>\n<footer id=\"colophon\" class=\"site-footer\">\n<div class=\"site-info\">\n<div class=\"cols-2 cols-2_12_12\">\n<div class=\"c2left\">\n<div class=\"data-fiscal\"><\/div>\n<\/div>\n<div class=\"c2right\">\n<div id=\"m3form_general_wrapper\" title=\"Consulta General\"><\/div>\n<\/div>\n<\/div>\n<\/div>\n<\/footer>\n","protected":false},"excerpt":{"rendered":"<ul>\n<li>Cubierta frontal abatible para pulir cerca de los bordes<\/li>\n<li>Componentes electr\u00f3nicos de velocidad para trabajos adaptados a los materiales y las aplicaciones<\/li>\n<li>Cambio de lijas f\u00e1cil y sin necesidad de herramientas gracias a la palanca de bloqueo<\/li>\n<li>Empu\u00f1adura auxiliar ajustable sin necesidad de herramientas para trabajar con flexibilidad<\/li>\n<li>Funcionamiento preciso de la cinta gracias a su fin\u00edsimo ajuste<\/li>\n<li>Trabajo seguro y c\u00f3modo gracias a la empu\u00f1adura de agarre suave Softgrip<\/li>\n<li>Integrado y como adaptador para la extracci\u00f3n de polvo externa<\/li>\n<li>Clip para fijar el cable enrollado<\/li>\n<li>Incl. 1 lija (P80)<\/li>\n<\/ul>\n","protected":false},"featured_media":3260,"template":"","meta":{"_joinchat":[]},"product_cat":[181],"product_tag":[199],"class_list":{"0":"post-592","1":"product","2":"type-product","3":"status-publish","4":"has-post-thumbnail","6":"product_cat-herramientas-electricas","7":"product_tag-lijadora-de-banda","9":"first","10":"instock","11":"product-type-simple"},"_links":{"self":[{"href":"https:\/\/lidertecsa.com.ar\/catalogo\/wp-json\/wp\/v2\/product\/592"}],"collection":[{"href":"https:\/\/lidertecsa.com.ar\/catalogo\/wp-json\/wp\/v2\/product"}],"about":[{"href":"https:\/\/lidertecsa.com.ar\/catalogo\/wp-json\/wp\/v2\/types\/product"}],"wp:featuredmedia":[{"embeddable":true,"href":"https:\/\/lidertecsa.com.ar\/catalogo\/wp-json\/wp\/v2\/media\/3260"}],"wp:attachment":[{"href":"https:\/\/lidertecsa.com.ar\/catalogo\/wp-json\/wp\/v2\/media?parent=592"}],"wp:term":[{"taxonomy":"product_cat","embeddable":true,"href":"https:\/\/lidertecsa.com.ar\/catalogo\/wp-json\/wp\/v2\/product_cat?post=592"},{"taxonomy":"product_tag","embeddable":true,"href":"https:\/\/lidertecsa.com.ar\/catalogo\/wp-json\/wp\/v2\/product_tag?post=592"}],"curies":[{"name":"wp","href":"https:\/\/api.w.org\/{rel}","templated":true}]}}