{"id":5918,"date":"2024-05-10T14:22:11","date_gmt":"2024-05-10T17:22:11","guid":{"rendered":"https:\/\/lidertecsa.com.ar\/catalogo\/?post_type=product&#038;p=5918"},"modified":"2026-02-04T11:19:09","modified_gmt":"2026-02-04T14:19:09","slug":"pegamil-sellador-silicona-x-25g","status":"publish","type":"product","link":"https:\/\/lidertecsa.com.ar\/catalogo\/producto\/pegamil-sellador-silicona-x-25g\/","title":{"rendered":"PEGAMIL Sellador Silicona x 25g"},"content":{"rendered":"<p>Adhesivo sellador para m\u00faltiples usos y materiales. Permanece el\u00e1stico, no se cuartea. Tiene muy buena adherencia sobre vidrio, cer\u00e1micos, azulejos, superficies esmaltadas, enlozadas y pintadas, metales, madera, algunos pl\u00e1sticos y muchos materiales m\u00e1s. Apto para uso interior y exterior por su excelente resistencia al contacto con el agua y la radiaci\u00f3n UV. Las siliconas no son pintables.<\/p>\n<p><strong>Usos<\/strong>: para adherir y sellar vidrios, sanitarios, z\u00f3calos, mesadas, azulejos y cer\u00e1micos, pegado de cablecanal, y m\u00faltiples usos m\u00e1s..<\/p>\n","protected":false},"excerpt":{"rendered":"<p>Adhesivo sellador para m\u00faltiples usos y materiales.<\/p>\n","protected":false},"featured_media":6243,"template":"","meta":{"_joinchat":[]},"product_cat":[29],"product_tag":[],"class_list":{"0":"post-5918","1":"product","2":"type-product","3":"status-publish","4":"has-post-thumbnail","6":"product_cat-pegamil","8":"first","9":"instock","10":"product-type-simple"},"_links":{"self":[{"href":"https:\/\/lidertecsa.com.ar\/catalogo\/wp-json\/wp\/v2\/product\/5918"}],"collection":[{"href":"https:\/\/lidertecsa.com.ar\/catalogo\/wp-json\/wp\/v2\/product"}],"about":[{"href":"https:\/\/lidertecsa.com.ar\/catalogo\/wp-json\/wp\/v2\/types\/product"}],"wp:featuredmedia":[{"embeddable":true,"href":"https:\/\/lidertecsa.com.ar\/catalogo\/wp-json\/wp\/v2\/media\/6243"}],"wp:attachment":[{"href":"https:\/\/lidertecsa.com.ar\/catalogo\/wp-json\/wp\/v2\/media?parent=5918"}],"wp:term":[{"taxonomy":"product_cat","embeddable":true,"href":"https:\/\/lidertecsa.com.ar\/catalogo\/wp-json\/wp\/v2\/product_cat?post=5918"},{"taxonomy":"product_tag","embeddable":true,"href":"https:\/\/lidertecsa.com.ar\/catalogo\/wp-json\/wp\/v2\/product_tag?post=5918"}],"curies":[{"name":"wp","href":"https:\/\/api.w.org\/{rel}","templated":true}]}}