{"id":590,"date":"2023-06-17T21:50:38","date_gmt":"2023-06-18T00:50:38","guid":{"rendered":"https:\/\/lidertecsa.com.ar\/catalogo\/?post_type=product&#038;p=590"},"modified":"2024-12-13T16:30:42","modified_gmt":"2024-12-13T19:30:42","slug":"lijadora-roto-orbital-te-rs-40-e","status":"publish","type":"product","link":"https:\/\/lidertecsa.com.ar\/catalogo\/producto\/lijadora-roto-orbital-te-rs-40-e\/","title":{"rendered":"Lijadora Roto Orbital TE-RS 40 E"},"content":{"rendered":"","protected":false},"excerpt":{"rendered":"<ul>\n<li>Incluye: adaptador para extractor, caja recuperadora de polvo.<\/li>\n<li>Elevada remoci\u00f3n mediante doble movimiento de lijado (rotaci\u00f3n \/ excentricidad)<\/li>\n<li>Perfectamente apropiado para elevada remoci\u00f3n y lijado fino<\/li>\n<li>Adaptaci\u00f3n del n\u00famero de revoluciones adecuada al material mediante unidad electr\u00f3nica para el n\u00famero de revoluciones<\/li>\n<li>Cambio de papel abrasivo sencillo \/ r\u00e1pido mediante micro-hook and loop<\/li>\n<li>Bajas vibraciones mediante robusta compensaci\u00f3n de masa de aluminio en la carcasa<\/li>\n<li>Superficies de agarre ergon\u00f3micas, equipadas de empu\u00f1adura antideslizante<\/li>\n<li>Asidero adicional (tambi\u00e9n desmontable) para manipulaci\u00f3n equilibrada<\/li>\n<li>Con aspiraci\u00f3n de polvo activa para un entorno de trabajo limpio<\/li>\n<li>La caja de filtro acumula el polvo de lijado producido<\/li>\n<li>Posible una limpieza m\u00e1xima mediante conexi\u00f3n de una aspiradora<\/li>\n<li>Suministro en pr\u00e1ctico malet\u00edn<\/li>\n<\/ul>\n","protected":false},"featured_media":3259,"template":"","meta":{"_joinchat":[]},"product_cat":[181],"product_tag":[198],"class_list":{"0":"post-590","1":"product","2":"type-product","3":"status-publish","4":"has-post-thumbnail","6":"product_cat-herramientas-electricas","7":"product_tag-lijadora-roto-orbital","9":"first","10":"instock","11":"product-type-simple"},"_links":{"self":[{"href":"https:\/\/lidertecsa.com.ar\/catalogo\/wp-json\/wp\/v2\/product\/590"}],"collection":[{"href":"https:\/\/lidertecsa.com.ar\/catalogo\/wp-json\/wp\/v2\/product"}],"about":[{"href":"https:\/\/lidertecsa.com.ar\/catalogo\/wp-json\/wp\/v2\/types\/product"}],"wp:featuredmedia":[{"embeddable":true,"href":"https:\/\/lidertecsa.com.ar\/catalogo\/wp-json\/wp\/v2\/media\/3259"}],"wp:attachment":[{"href":"https:\/\/lidertecsa.com.ar\/catalogo\/wp-json\/wp\/v2\/media?parent=590"}],"wp:term":[{"taxonomy":"product_cat","embeddable":true,"href":"https:\/\/lidertecsa.com.ar\/catalogo\/wp-json\/wp\/v2\/product_cat?post=590"},{"taxonomy":"product_tag","embeddable":true,"href":"https:\/\/lidertecsa.com.ar\/catalogo\/wp-json\/wp\/v2\/product_tag?post=590"}],"curies":[{"name":"wp","href":"https:\/\/api.w.org\/{rel}","templated":true}]}}