{"id":588,"date":"2023-06-17T21:46:53","date_gmt":"2023-06-18T00:46:53","guid":{"rendered":"https:\/\/lidertecsa.com.ar\/catalogo\/?post_type=product&#038;p=588"},"modified":"2024-12-13T16:30:42","modified_gmt":"2024-12-13T19:30:42","slug":"lijadora-orbital-te-os-2520-e","status":"publish","type":"product","link":"https:\/\/lidertecsa.com.ar\/catalogo\/producto\/lijadora-orbital-te-os-2520-e\/","title":{"rendered":"Lijadora Orbital TE-OS 2520 E"},"content":{"rendered":"<p>La lijadora orbital TE-OS 2520 es un equipo robusto y potente, que puede mostrar su clase especialmente en el lijado de grandes superficies. A este respecto, su unidad electr\u00f3nica de n\u00famero de revoluciones proporciona una potencia dosificable exactamente para el tratamiento superficial adecuado al material. A este respecto, gracias al dispositivo de apriete y el micro-hook and loop, el equipo ofrece tanto la libre selecci\u00f3n, como tambi\u00e9n el cambio sencillo y r\u00e1pido del agente abrasivo. La lijadora orbital TE-OS 2520 E se sit\u00faa de forma sobresaliente en la mano debido a su dise\u00f1o ergon\u00f3mico y a las superficies de asido configuradas con empu\u00f1adura antideslizante, mientras que los amortiguadores de vibraciones especiales posibilitan asimismo un trabajo especialmente c\u00f3modo. La aspiraci\u00f3n de polvo activa con caja de filtros posibilita un trabajo limpio. Gracias al adaptador de aspiraci\u00f3n de polvo se puede conectar un aspirador de polvo, el cual aspira directamente el polvo de lijado. Un papel abrasivo para el comienzo inmediato del trabajo y un pr\u00e1ctico malet\u00edn de transporte y almacenamiento ya est\u00e1n contenidos en el alcance del suministro.<\/p>\n<p>Potencia\u2026\u2026\u2026\u2026\u2026\u2026\u2026\u2026\u2026\u2026\u2026\u2026\u2026\u2026\u2026\u2026\u2026\u2026\u2026\u2026\u2026\u2026\u2026\u2026\u2026\u2026\u2026\u2026\u2026\u2026\u2026\u2026250 W<br \/>\nVelocidad de oscilaci\u00f3n\u2026\u2026\u2026\u2026\u2026\u2026\u2026\u2026\u2026\u2026\u2026\u2026\u2026\u2026\u2026\u2026\u2026\u2026\u2026\u2026\u2026\u2026..14000 \u2013 24000 min^-1<br \/>\nCircuito de oscilaci\u00f3n\u2026\u2026\u2026\u2026\u2026\u2026\u2026\u2026\u2026\u2026\u2026\u2026\u2026\u2026\u2026\u2026\u2026\u2026\u2026\u2026\u2026\u2026\u2026\u20262 mm<br \/>\n\u00c1rea de lijado\u2026\u2026\u2026\u2026\u2026\u2026\u2026\u2026\u2026\u2026\u2026\u2026\u2026\u2026\u2026\u2026\u2026\u2026\u2026\u2026\u2026\u2026\u2026\u2026\u2026\u2026\u2026\u2026..230 x 115 mm<br \/>\nTama\u00f1o del papel para lijado (conexi\u00f3n directa)\u2026\u2026\u2026\u2026\u2026\u2026\u2026..280 mm x 115 mm<br \/>\nTama\u00f1o del papel para lijado (tira de hook and loop)\u2026\u2026\u2026\u2026..230 mm x 115 mm<\/p>\n","protected":false},"excerpt":{"rendered":"<ul>\n<li>Suministro de red 230 V | 50 Hz<\/li>\n<li>Potencia 250 W<\/li>\n<li>Velocidad de oscilaci\u00f3n 14000 \u2013 24000 min^-1<\/li>\n<li>Circuito de oscilaci\u00f3n 2 mm<\/li>\n<li>\u00c1rea de lijado 230 x 115 mm<\/li>\n<li>Tama\u00f1o del papel para lijado (conexi\u00f3n directa) 280 mm x 115 mm<\/li>\n<li>Tama\u00f1o del papel para lijado (tira de hook and loop) 230 mm x 115 mm<\/li>\n<li>Perfectamente apropiada para el lijado de grandes superficies<\/li>\n<li>Adaptaci\u00f3n del n\u00famero de revoluciones adecuada al material mediante unidad electr\u00f3nica para el n\u00famero de revoluciones<\/li>\n<li>Cambio de papel abrasivo r\u00e1pido y sencillo mediante micro-hook and loop<\/li>\n<li>Tambi\u00e9n apropiado para papeles abrasivos sin hook and loop<\/li>\n<li>Bajas vibraciones por amortiguador especial de vibraciones<\/li>\n<li>Placa de pie de aluminio robusta y de larga vida \u00fatil<\/li>\n<li>Superficies de agarre ergon\u00f3micas, equipadas de empu\u00f1adura antideslizante<\/li>\n<li>Con aspiraci\u00f3n de polvo activa para un entorno de trabajo limpio<\/li>\n<li>La caja de filtro acumula el polvo de lijado producido<\/li>\n<li>Posible una limpieza m\u00e1xima mediante conexi\u00f3n de una aspiradora<\/li>\n<li>Incl. 1 papel abrasivo para inicio inmediato del proyecto<\/li>\n<li>Suministro en pr\u00e1ctico malet\u00edn<\/li>\n<\/ul>\n","protected":false},"featured_media":3258,"template":"","meta":{"_joinchat":[]},"product_cat":[181],"product_tag":[197],"class_list":{"0":"post-588","1":"product","2":"type-product","3":"status-publish","4":"has-post-thumbnail","6":"product_cat-herramientas-electricas","7":"product_tag-lijadora-orbital","9":"first","10":"instock","11":"product-type-simple"},"_links":{"self":[{"href":"https:\/\/lidertecsa.com.ar\/catalogo\/wp-json\/wp\/v2\/product\/588"}],"collection":[{"href":"https:\/\/lidertecsa.com.ar\/catalogo\/wp-json\/wp\/v2\/product"}],"about":[{"href":"https:\/\/lidertecsa.com.ar\/catalogo\/wp-json\/wp\/v2\/types\/product"}],"wp:featuredmedia":[{"embeddable":true,"href":"https:\/\/lidertecsa.com.ar\/catalogo\/wp-json\/wp\/v2\/media\/3258"}],"wp:attachment":[{"href":"https:\/\/lidertecsa.com.ar\/catalogo\/wp-json\/wp\/v2\/media?parent=588"}],"wp:term":[{"taxonomy":"product_cat","embeddable":true,"href":"https:\/\/lidertecsa.com.ar\/catalogo\/wp-json\/wp\/v2\/product_cat?post=588"},{"taxonomy":"product_tag","embeddable":true,"href":"https:\/\/lidertecsa.com.ar\/catalogo\/wp-json\/wp\/v2\/product_tag?post=588"}],"curies":[{"name":"wp","href":"https:\/\/api.w.org\/{rel}","templated":true}]}}