{"id":5865,"date":"2024-04-23T13:21:34","date_gmt":"2024-04-23T16:21:34","guid":{"rendered":"https:\/\/lidertecsa.com.ar\/catalogo\/?post_type=product&#038;p=5865"},"modified":"2024-12-13T16:37:50","modified_gmt":"2024-12-13T19:37:50","slug":"taladro-percutor-tc-id-1000-e-1000-w-kit","status":"publish","type":"product","link":"https:\/\/lidertecsa.com.ar\/catalogo\/producto\/taladro-percutor-tc-id-1000-e-1000-w-kit\/","title":{"rendered":"Taladro Percutor TC-ID 1000 E &#8211; 1000 W Kit"},"content":{"rendered":"<div class=\"col-xs-12 user-content m-top\" data-store=\"product-description-91711766\">\n<div class=\"description user-content\">\n<p>Numero de art\u00edculo\u00a04259825<\/p>\n<ul>\n<li>Portabrocas robusto de metal completo<\/li>\n<li>Control de velocidad electr\u00f3nico con preselecci\u00f3n de velocidad<\/li>\n<li>Funciones de taladrado y taladrado con percusi\u00f3n<\/li>\n<li>Tope de profundidad de metal<\/li>\n<li>Gran \u00e1rea de agarre suave para un trabajo conveniente<\/li>\n<li>Asa adicional con bloqueo anti-torsi\u00f3n<\/li>\n<li>Listo para usar para un soporte de taladro con un eje de 43 mm<\/li>\n<\/ul>\n<h3><strong>DESCRIPCI\u00d3N DEL PRODUCTO<\/strong><\/h3>\n<div>\n<div>El TC-ID 1000 E es un potente taladro de impacto para que los entusiastas del bricolaje lo utilicen en muchos trabajos diferentes en cualquier lugar del hogar y el garaje.\u00a0Un interruptor le permite seleccionar entre las funciones de perforaci\u00f3n y perforaci\u00f3n de impacto.\u00a0El robusto mandril de llave completamente met\u00e1lico asegura una fijaci\u00f3n segura de la broca de la herramienta.\u00a0Con los controles electr\u00f3nicos integrados, la velocidad se puede preseleccionar y ajustar con precisi\u00f3n.\u00a0Un tope de profundidad de perforaci\u00f3n ajustable y resistente hecho de metal permite profundidades de perforaci\u00f3n exactas y repetidas.\u00a0La funci\u00f3n de inversi\u00f3n significa que tambi\u00e9n se pueden realizar trabajos de atornillado.\u00a0Para una operaci\u00f3n segura y f\u00e1cil de usar de la m\u00e1quina, hay una gran \u00e1rea de agarre suave y un asa adicional con un bloqueo anti-torsi\u00f3n.<\/div>\n<div><\/div>\n<div>\n<div class=\"col -centered\">\n<div class=\"content-item module-headline-paragraph headline paragraph -color-headline-red paragraph--decreased-width\">\n<h2>ESPECIFICACIONES<\/h2>\n<p>Hechos, cifras e informaci\u00f3n para Taladro percutor\u00a0TC-ID 1000 E: aqu\u00ed encontrar\u00e1 datos t\u00e9cnicos detallados, as\u00ed como informaci\u00f3n espec\u00edfica sobre las dimensiones, el peso y el embalaje de este producto Einhell.<\/p>\n<\/div>\n<\/div>\n<div class=\"property-0 clearfix\">\n<table>\n<tbody>\n<tr>\n<th class=\"heading gamma\" colspan=\"2\">Datos t\u00e9cnicos<\/th>\n<\/tr>\n<tr>\n<td>Suministro de red<\/td>\n<td>230 V |\u00a050 Hz<\/td>\n<\/tr>\n<tr class=\"grey\">\n<td>Energ\u00eda<\/td>\n<td>1010 W<\/td>\n<\/tr>\n<tr>\n<td>N\u00famero de engranajes<\/td>\n<td>1<\/td>\n<\/tr>\n<tr class=\"grey\">\n<td>Velocidad de ralent\u00ed (marcha 1)<\/td>\n<td>0-3000 min ^ -1<\/td>\n<\/tr>\n<tr>\n<td>Tasa de impacto (marcha 1)<\/td>\n<td>0-48000 min ^ -1<\/td>\n<\/tr>\n<tr class=\"grey\">\n<td>Portabrocas<\/td>\n<td>1,5 mm &#8211; 13 mm<\/td>\n<\/tr>\n<tr>\n<td>Capacidad de perforaci\u00f3n en madera<\/td>\n<td>32 mm<\/td>\n<\/tr>\n<tr class=\"grey\">\n<td>Capacidad de perforaci\u00f3n en metal<\/td>\n<td>13 mm<\/td>\n<\/tr>\n<tr>\n<td>Capacidad de perforaci\u00f3n en hormig\u00f3n<\/td>\n<td>16 mm<\/td>\n<\/tr>\n<\/tbody>\n<\/table>\n<table>\n<tbody>\n<tr>\n<th class=\"heading gamma\" colspan=\"2\">Datos log\u00edsticos<\/th>\n<\/tr>\n<tr>\n<td>Largo<\/td>\n<td>315 mm<\/td>\n<\/tr>\n<tr class=\"grey\">\n<td>Ancho<\/td>\n<td>80 mm<\/td>\n<\/tr>\n<tr>\n<td>Altura<\/td>\n<td>235 mm<\/td>\n<\/tr>\n<tr class=\"grey\">\n<td>Embalaje individual de peso bruto<\/td>\n<td>2,56 kg<\/td>\n<\/tr>\n<tr>\n<td>Peso del Producto<\/td>\n<td>2,12 kg<\/td>\n<\/tr>\n<\/tbody>\n<\/table>\n<\/div>\n<\/div>\n<\/div>\n<\/div>\n<\/div>\n","protected":false},"excerpt":{"rendered":"<ul>\n<li class=\" meta\">Robusto mandril portabrocas de corona dentada y metal macizo<\/li>\n<li class=\" meta\">Control electr\u00f3nico de velocidad con preselecci\u00f3n de velocidad<\/li>\n<li class=\" meta\">Funci\u00f3n taladro \/ taladro percutor<\/li>\n<li class=\" meta\">Tope de profundidad de perforaci\u00f3n ajustable sin escalonamiento de metal macizo<\/li>\n<li class=\" meta\">Gran zona de empu\u00f1adura antideslizante ergon\u00f3mica para trabajo agradable<\/li>\n<li class=\"meta\">Mango adicional fijado de forma segura mediante nervadura<\/li>\n<li class=\"meta\">Apropiado para la fijaci\u00f3n en un soporte de perforaci\u00f3n con cuello de sujeci\u00f3n de 43 mm<\/li>\n<\/ul>\n","protected":false},"featured_media":5866,"template":"","meta":{"_joinchat":[]},"product_cat":[181],"product_tag":[185],"class_list":{"0":"post-5865","1":"product","2":"type-product","3":"status-publish","4":"has-post-thumbnail","6":"product_cat-herramientas-electricas","7":"product_tag-taladro-electrico","9":"first","10":"instock","11":"product-type-simple"},"_links":{"self":[{"href":"https:\/\/lidertecsa.com.ar\/catalogo\/wp-json\/wp\/v2\/product\/5865"}],"collection":[{"href":"https:\/\/lidertecsa.com.ar\/catalogo\/wp-json\/wp\/v2\/product"}],"about":[{"href":"https:\/\/lidertecsa.com.ar\/catalogo\/wp-json\/wp\/v2\/types\/product"}],"wp:featuredmedia":[{"embeddable":true,"href":"https:\/\/lidertecsa.com.ar\/catalogo\/wp-json\/wp\/v2\/media\/5866"}],"wp:attachment":[{"href":"https:\/\/lidertecsa.com.ar\/catalogo\/wp-json\/wp\/v2\/media?parent=5865"}],"wp:term":[{"taxonomy":"product_cat","embeddable":true,"href":"https:\/\/lidertecsa.com.ar\/catalogo\/wp-json\/wp\/v2\/product_cat?post=5865"},{"taxonomy":"product_tag","embeddable":true,"href":"https:\/\/lidertecsa.com.ar\/catalogo\/wp-json\/wp\/v2\/product_tag?post=5865"}],"curies":[{"name":"wp","href":"https:\/\/api.w.org\/{rel}","templated":true}]}}