{"id":584,"date":"2023-06-17T21:23:04","date_gmt":"2023-06-18T00:23:04","guid":{"rendered":"https:\/\/lidertecsa.com.ar\/catalogo\/?post_type=product&#038;p=584"},"modified":"2024-12-13T16:30:42","modified_gmt":"2024-12-13T19:30:42","slug":"fresadora-te-ro-55-kit","status":"publish","type":"product","link":"https:\/\/lidertecsa.com.ar\/catalogo\/producto\/fresadora-te-ro-55-kit\/","title":{"rendered":"Fresadora TE-RO 55 kit"},"content":{"rendered":"<p>La fresadora TE-RO 55 es una potente herramienta de alto rendimiento que permite al experto realizar los trabajos de fresado m\u00e1s exigentes en madera maciza, contrachapado y conglomerado. La profundidad de fresado se puede seleccionar f\u00e1cilmente a trav\u00e9s del tope de rev\u00f3lver y tambi\u00e9n reajustar con precisi\u00f3n mediante el ajuste fino de profundidad. Un escudo contra virutas ofrece una protecci\u00f3n adicional.<\/p>\n<p>Gracias a la electr\u00f3nica de regulaci\u00f3n se puede adaptar de forma \u00f3ptima el n\u00famero de revoluciones de la TE-RO 55 a las necesidades relativas al material y las fresas. El bloqueo del husillo permite un cambio de herramienta r\u00e1pido y sin esfuerzo, mientras que el dise\u00f1o equilibrado del aparato garantiza una posici\u00f3n firme y segura. Las pinzas de apriete proporcionan flexibilidad al permitir el uso de herramientas con un di\u00e1metro del eje de 6 mm a 8 mm.<\/p>\n<ul>\n<li>Tensi\u00f3n de red: 220 V | 50 Hz<\/li>\n<li>Potencia: 1200 W<\/li>\n<li>Velocidad en vac\u00edo: 11000 rpm \u2013 30000 rpm<\/li>\n<li>Altura de carrera: 55 mm<\/li>\n<li>Coronilla 2: 6 + 8 mm<\/li>\n<li>Coronilla 1: 30 mm<\/li>\n<\/ul>\n","protected":false},"excerpt":{"rendered":"<ul>\n<li>Incluye Kit de 6 Fresas<\/li>\n<li>Ajuste fino de la profundidad con la precisi\u00f3n de la gu\u00eda de varilla doble<\/li>\n<li>Ajuste de la profundidad con tope de rev\u00f3lver<\/li>\n<li>Protector contra virutas<\/li>\n<li>Electr\u00f3nica de regulaci\u00f3n del n\u00famero de revoluciones con motor de alto rendimiento<\/li>\n<li>Bloqueo del husillo para el cambio de herramienta<\/li>\n<li>Posici\u00f3n segura a la hora de cambiar la herramienta<\/li>\n<li>Pinzas de apriete \u00d8 8 mm y \u00d8 6 mm<\/li>\n<li>Profundidad de fresado regulable progresivamente<\/li>\n<li>Pieza pl\u00e1stica que protege la superficie de trabajo<\/li>\n<li>Empu\u00f1adura antideslizante<\/li>\n<li>Clip para cables<\/li>\n<li>Tope paralelo, comp\u00e1s, casquillo copiador<\/li>\n<li>Juego de Fresas Incluido<\/li>\n<\/ul>\n","protected":false},"featured_media":3257,"template":"","meta":{"_joinchat":[]},"product_cat":[181],"product_tag":[194],"class_list":{"0":"post-584","1":"product","2":"type-product","3":"status-publish","4":"has-post-thumbnail","6":"product_cat-herramientas-electricas","7":"product_tag-router-electrico","9":"first","10":"instock","11":"product-type-simple"},"_links":{"self":[{"href":"https:\/\/lidertecsa.com.ar\/catalogo\/wp-json\/wp\/v2\/product\/584"}],"collection":[{"href":"https:\/\/lidertecsa.com.ar\/catalogo\/wp-json\/wp\/v2\/product"}],"about":[{"href":"https:\/\/lidertecsa.com.ar\/catalogo\/wp-json\/wp\/v2\/types\/product"}],"wp:featuredmedia":[{"embeddable":true,"href":"https:\/\/lidertecsa.com.ar\/catalogo\/wp-json\/wp\/v2\/media\/3257"}],"wp:attachment":[{"href":"https:\/\/lidertecsa.com.ar\/catalogo\/wp-json\/wp\/v2\/media?parent=584"}],"wp:term":[{"taxonomy":"product_cat","embeddable":true,"href":"https:\/\/lidertecsa.com.ar\/catalogo\/wp-json\/wp\/v2\/product_cat?post=584"},{"taxonomy":"product_tag","embeddable":true,"href":"https:\/\/lidertecsa.com.ar\/catalogo\/wp-json\/wp\/v2\/product_tag?post=584"}],"curies":[{"name":"wp","href":"https:\/\/api.w.org\/{rel}","templated":true}]}}