{"id":577,"date":"2023-06-17T20:48:17","date_gmt":"2023-06-17T23:48:17","guid":{"rendered":"https:\/\/lidertecsa.com.ar\/catalogo\/?post_type=product&#038;p=577"},"modified":"2024-12-13T16:30:41","modified_gmt":"2024-12-13T19:30:41","slug":"acanaladora-de-muros-1-320-w","status":"publish","type":"product","link":"https:\/\/lidertecsa.com.ar\/catalogo\/producto\/acanaladora-de-muros-1-320-w\/","title":{"rendered":"Acanaladora de Muros &#8211; 1.320 W"},"content":{"rendered":"<p>La fresadora de ranura de pared Einhell TH-MA 1300 est\u00e1 dise\u00f1ada para fresar ranuras y canales para l\u00edneas el\u00e9ctricas o similares horizontal y verticalmente en la mamposter\u00eda. En comparaci\u00f3n con trabajar con \u00abpotencia muscular\u00bb pura junto con martillo y cincel, la fresadora de ranura de mamposter\u00eda con 1.320 vatios de potencia se recomienda para todos los trabajos de fresado en materiales duros debido solo al ahorro de tiempo y energ\u00eda. Una fresadora de ranura de mamposter\u00eda es adecuada para crear cortes o ranuras dimensionalmente precisas: dos discos de corte que corren paralelos entre s\u00ed en la mamposter\u00eda, el ajuste flexible del ancho de corte permite que la fresadora de ranura de mamposter\u00eda cree ranuras estrechas y anchas, y el marcado de la posici\u00f3n del disco de corte garantiza cortes precisos. La fresadora de ranura de pared est\u00e1 equipada con un potente motor para obtener los mejores resultados de fresado, mientras que el ajuste de profundidad de fresado infinitamente variable permite la m\u00e1xima flexibilidad. La protecci\u00f3n contra sobrecarga garantiza un funcionamiento seguro, mientras que el arranque suave y el corte de tracci\u00f3n garantizan la durabilidad y la protecci\u00f3n para el usuario. Un soporte de mango grande, as\u00ed como el rodillo gu\u00eda y el asa adicional apoyan la gu\u00eda y el manejo c\u00f3modo. El bloqueo del husillo garantiza que el disco se pueda cambiar f\u00e1cilmente y, gracias al adaptador de aspiraci\u00f3n, la fresadora de ranura de pared es compatible con las aspiradoras en h\u00famedo-seco Einhell. Con el cable de cuatro metros de largo, se garantiza un gran radio de acci\u00f3n. La entrega incluye una bolsa de almacenamiento para un transporte limpio y seguro, as\u00ed como dos discos de corte de diamante para un inicio inmediato del proyecto.<\/p>\n","protected":false},"excerpt":{"rendered":"<ul>\n<li class=\" meta\">Motor muy potente para obtener los mejores resultados de fresado<\/li>\n<li class=\" meta\">Para la creaci\u00f3n de cortes o ranuras dimensionalmente precisas en mamposter\u00eda o similares.<\/li>\n<li class=\" meta\">Operaci\u00f3n simple y segura debido al soporte de mango grande<\/li>\n<li class=\" meta\">Gracias al adaptador de extracci\u00f3n, es compatible con las aspiradoras h\u00famedas\/secas Einhell<\/li>\n<li class=\" meta\">El ajuste de la profundidad de fresado infinitamente variable permite la m\u00e1xima flexibilidad<\/li>\n<li class=\"meta\">Ajuste flexible del ancho de corte para ranuras estrechas y anchas<\/li>\n<li class=\"meta\">Funcionamiento seguro gracias al arranque suave y al corte de tracci\u00f3n<\/li>\n<li class=\"meta\">Marcado de la posici\u00f3n de la rueda de corte para cortes precisos<\/li>\n<li class=\"meta\">Bloqueo del husillo para facilitar el cambio de disco<\/li>\n<li class=\"meta\">Rodillo gu\u00eda y asa adicional para un trabajo c\u00f3modo<\/li>\n<li class=\"meta\">Protecci\u00f3n contra sobrecarga para la longevidad y protecci\u00f3n del usuario<\/li>\n<li class=\"meta\">Gran radio de acci\u00f3n gracias al cable de 4m de largo<\/li>\n<li class=\"meta\">Incluye bolsa de almacenamiento para un transporte limpio y seguro<\/li>\n<li class=\"meta\">Incluye 2 discos de corte de diamante para el inicio inmediato del proyecto<\/li>\n<\/ul>\n","protected":false},"featured_media":576,"template":"","meta":{"_joinchat":[]},"product_cat":[181],"product_tag":[191],"class_list":{"0":"post-577","1":"product","2":"type-product","3":"status-publish","4":"has-post-thumbnail","6":"product_cat-herramientas-electricas","7":"product_tag-acanaladora-de-muros","9":"first","10":"instock","11":"product-type-simple"},"_links":{"self":[{"href":"https:\/\/lidertecsa.com.ar\/catalogo\/wp-json\/wp\/v2\/product\/577"}],"collection":[{"href":"https:\/\/lidertecsa.com.ar\/catalogo\/wp-json\/wp\/v2\/product"}],"about":[{"href":"https:\/\/lidertecsa.com.ar\/catalogo\/wp-json\/wp\/v2\/types\/product"}],"wp:featuredmedia":[{"embeddable":true,"href":"https:\/\/lidertecsa.com.ar\/catalogo\/wp-json\/wp\/v2\/media\/576"}],"wp:attachment":[{"href":"https:\/\/lidertecsa.com.ar\/catalogo\/wp-json\/wp\/v2\/media?parent=577"}],"wp:term":[{"taxonomy":"product_cat","embeddable":true,"href":"https:\/\/lidertecsa.com.ar\/catalogo\/wp-json\/wp\/v2\/product_cat?post=577"},{"taxonomy":"product_tag","embeddable":true,"href":"https:\/\/lidertecsa.com.ar\/catalogo\/wp-json\/wp\/v2\/product_tag?post=577"}],"curies":[{"name":"wp","href":"https:\/\/api.w.org\/{rel}","templated":true}]}}