{"id":575,"date":"2023-06-17T20:46:45","date_gmt":"2023-06-17T23:46:45","guid":{"rendered":"https:\/\/lidertecsa.com.ar\/catalogo\/?post_type=product&#038;p=575"},"modified":"2024-12-13T16:30:41","modified_gmt":"2024-12-13T19:30:41","slug":"acanaladora-de-muros-1-700-w","status":"publish","type":"product","link":"https:\/\/lidertecsa.com.ar\/catalogo\/producto\/acanaladora-de-muros-1-700-w\/","title":{"rendered":"Acanaladora de Muros &#8211; 1.700 W"},"content":{"rendered":"<p>La fresadora de ranura de mamposter\u00eda Einhell TE-MA 1700 fresa ranuras y canales para tuber\u00edas o similares en la mamposter\u00eda horizontal y verticalmente. En comparaci\u00f3n con trabajar con \u00abpotencia muscular\u00bb pura junto con martillo y cincel, la fresadora de ranura de mamposter\u00eda se recomienda para todos los trabajos de fresado en materiales duros \u00fanicamente debido al ahorro de tiempo y energ\u00eda. El cortador de ranuras de mamposter\u00eda crea cortes o ranuras dimensionalmente precisos en la mamposter\u00eda a trav\u00e9s de dos discos de corte que corren paralelos entre s\u00ed con 1.700 vatios. El hueco para cables, por ejemplo, se cincela con un taladro de martillo u otra herramienta adecuada despu\u00e9s del trabajo en bruto. El motor muy potente garantiza los mejores resultados de fresado en uso, mientras que el ajuste de profundidad de fresado infinitamente variable y el ajuste de ancho de corte individual para ranuras estrechas y anchas permiten la m\u00e1xima flexibilidad. La operaci\u00f3n simple y segura est\u00e1 garantizada por el gran soporte del mango. La aplicaci\u00f3n segura es compatible con el arranque suave y el corte de tracci\u00f3n. La protecci\u00f3n contra sobrecarga garantiza la longevidad y protecci\u00f3n del usuario. El rodillo gu\u00eda y el asa adicional permiten un manejo c\u00f3modo con una sujeci\u00f3n firme y segura. El marcado de la posici\u00f3n de la rueda de corte permite un posicionamiento preciso del dispositivo y cortes dimensionalmente precisos. El cortador de ranura de mamposter\u00eda tiene un bloqueo de husillo para facilitar el cambio de disco. Gracias al adaptador de aspiraci\u00f3n, la cortadora de ranura de pared es compatible con las aspiradoras h\u00famedas\/secas Einhell. El cable de 4 metros de largo garantiza un gran radio de acci\u00f3n en uso. El volumen de entrega incluye una bolsa de almacenamiento para un transporte limpio y seguro, as\u00ed como cuatro discos de corte de diamante para un inicio inmediato del proyecto.<\/p>\n","protected":false},"excerpt":{"rendered":"<div class=\"information__content -standard-list\">\n<ul>\n<li class=\" meta\">Motor muy potente para obtener los mejores resultados de fresado<\/li>\n<li class=\" meta\">Para la creaci\u00f3n de cortes o ranuras dimensionalmente precisas en mamposter\u00eda o similares.<\/li>\n<li class=\" meta\">Operaci\u00f3n simple y segura debido al soporte de mango grande<\/li>\n<li class=\" meta\">Gracias al adaptador de extracci\u00f3n, es compatible con las aspiradoras h\u00famedas\/secas Einhell<\/li>\n<li class=\" meta\">El ajuste de la profundidad de fresado infinitamente variable permite la m\u00e1xima flexibilidad<\/li>\n<li class=\"meta\">Ajuste flexible del ancho de corte para ranuras estrechas y anchas<\/li>\n<li class=\"meta\">Funcionamiento seguro gracias al arranque suave y al corte de tracci\u00f3n<\/li>\n<li class=\"meta\">Bloqueo del husillo para facilitar el cambio de disco<\/li>\n<li class=\"meta\">Rodillo gu\u00eda y asa adicional para un trabajo c\u00f3modo<\/li>\n<li class=\"meta\">Protecci\u00f3n contra sobrecarga para la longevidad y protecci\u00f3n del usuario<\/li>\n<li class=\"meta\">Gran radio de acci\u00f3n gracias al cable de 4m de largo<\/li>\n<li class=\"meta\">Incluye bolsa de almacenamiento para un transporte limpio y seguro<\/li>\n<li class=\"meta\">Incluye 4 discos de corte de diamante para el inicio inmediato del proyecto<\/li>\n<\/ul>\n<\/div>\n<div class=\"information__price\"><\/div>\n","protected":false},"featured_media":576,"template":"","meta":{"_joinchat":[]},"product_cat":[181],"product_tag":[191],"class_list":{"0":"post-575","1":"product","2":"type-product","3":"status-publish","4":"has-post-thumbnail","6":"product_cat-herramientas-electricas","7":"product_tag-acanaladora-de-muros","9":"first","10":"instock","11":"product-type-simple"},"_links":{"self":[{"href":"https:\/\/lidertecsa.com.ar\/catalogo\/wp-json\/wp\/v2\/product\/575"}],"collection":[{"href":"https:\/\/lidertecsa.com.ar\/catalogo\/wp-json\/wp\/v2\/product"}],"about":[{"href":"https:\/\/lidertecsa.com.ar\/catalogo\/wp-json\/wp\/v2\/types\/product"}],"wp:featuredmedia":[{"embeddable":true,"href":"https:\/\/lidertecsa.com.ar\/catalogo\/wp-json\/wp\/v2\/media\/576"}],"wp:attachment":[{"href":"https:\/\/lidertecsa.com.ar\/catalogo\/wp-json\/wp\/v2\/media?parent=575"}],"wp:term":[{"taxonomy":"product_cat","embeddable":true,"href":"https:\/\/lidertecsa.com.ar\/catalogo\/wp-json\/wp\/v2\/product_cat?post=575"},{"taxonomy":"product_tag","embeddable":true,"href":"https:\/\/lidertecsa.com.ar\/catalogo\/wp-json\/wp\/v2\/product_tag?post=575"}],"curies":[{"name":"wp","href":"https:\/\/api.w.org\/{rel}","templated":true}]}}