{"id":573,"date":"2023-06-17T20:37:07","date_gmt":"2023-06-17T23:37:07","guid":{"rendered":"https:\/\/lidertecsa.com.ar\/catalogo\/?post_type=product&#038;p=573"},"modified":"2024-12-13T16:30:40","modified_gmt":"2024-12-13T19:30:40","slug":"demoledor-exagonal-tp-dh-50-sds-ex-30-1-700-w","status":"publish","type":"product","link":"https:\/\/lidertecsa.com.ar\/catalogo\/producto\/demoledor-exagonal-tp-dh-50-sds-ex-30-1-700-w\/","title":{"rendered":"Demoledor Exagonal TP-DH 50 &#8211; SDS EX 30 &#8211; 1.700 W"},"content":{"rendered":"<p>Con el martillo de demolici\u00f3n Einhell TP-DH 50, el \u00abh\u00e1galo usted mismo\u00bb est\u00e1 a la orden del d\u00eda para el ambicioso bricolaje, incluso para trabajos pesados de demolici\u00f3n. Con una tasa de impacto de 1.800 por minuto y gracias a una sola resistencia al impacto de 50 julios del potente motor de 1.700 vatios, se garantiza el m\u00e1ximo rendimiento de demolici\u00f3n en la casa y el jard\u00edn, y todo esto con un trabajo de baja vibraci\u00f3n gracias al mango principal amortiguado por vibraciones. El portaherramientas hexagonal SDS (33 mil\u00edmetros) permite cambios de herramienta r\u00e1pidos y f\u00e1ciles. El mango adicional del TP-DH 50 est\u00e1 dise\u00f1ado de tal manera que se puede ajustar 180 grados verticalmente y 360 grados horizontalmente, lo que permite que el martillo de demolici\u00f3n se adapte de manera flexible a cualquier posici\u00f3n de trabajo. El cable de goma robusto y de cuatro metros de largo permite la mayor movilidad posible. Las escobillas de carb\u00f3n que se apagan autom\u00e1ticamente tambi\u00e9n evitan defectos en el dispositivo y proporcionan al TP-DH 50 una protecci\u00f3n adicional. Debido a su construcci\u00f3n robusta y duradera, el martillo de demolici\u00f3n tambi\u00e9n est\u00e1 dise\u00f1ado para un funcionamiento continuo exigente. El martillo de demolici\u00f3n est\u00e1 inmediatamente listo para su uso gracias a los cinceles puntiagudos y planos suministrados. El arranque suave garantiza un funcionamiento seguro. En la entrega se incluye un pr\u00e1ctico pa\u00f1o de m\u00e1quina para facilitar la limpieza del dispositivo. La entrega se realiza en un pr\u00e1ctico carro de transporte y almacenamiento.<\/p>\n","protected":false},"excerpt":{"rendered":"<ul>\n<li class=\" meta\">El mayor rendimiento de demolici\u00f3n gracias a la resistencia al impacto simple de 50 J<\/li>\n<li class=\" meta\">Robusto portaherramientas SDS-hexadecimal para un cambio r\u00e1pido de herramienta<\/li>\n<li class=\" meta\">Trabajo de baja vibraci\u00f3n gracias al mango principal amortiguado contra vibraciones<\/li>\n<li class=\" meta\">Mango adicional ajustable horizontalmente de 180\u00b0 vertical \/ 360\u00b0<\/li>\n<li class=\" meta\">Apague autom\u00e1ticamente las escobillas de carb\u00f3n para evitar defectos en el dispositivo<\/li>\n<li class=\"meta\">Arranque suave para un funcionamiento seguro<\/li>\n<li class=\"meta\">Construcci\u00f3n robusta y duradera para un funcionamiento continuo y duro<\/li>\n<li class=\"meta\">Cable de goma robusto y de 4 m de largo para una m\u00e1xima movilidad<\/li>\n<li class=\"meta\">Inmediatamente listo para su uso gracias al cincel puntiagudo y plano suministrado<\/li>\n<li class=\"meta\">Incluye pa\u00f1o de m\u00e1quina para facilitar la limpieza del dispositivo<\/li>\n<li class=\"meta\">Se suministra en un pr\u00e1ctico carro de transporte y almacenamiento<\/li>\n<\/ul>\n","protected":false},"featured_media":574,"template":"","meta":{"_joinchat":[]},"product_cat":[181],"product_tag":[190],"class_list":{"0":"post-573","1":"product","2":"type-product","3":"status-publish","4":"has-post-thumbnail","6":"product_cat-herramientas-electricas","7":"product_tag-demoledor-exagonal-sds-ex-30","9":"first","10":"instock","11":"product-type-simple"},"_links":{"self":[{"href":"https:\/\/lidertecsa.com.ar\/catalogo\/wp-json\/wp\/v2\/product\/573"}],"collection":[{"href":"https:\/\/lidertecsa.com.ar\/catalogo\/wp-json\/wp\/v2\/product"}],"about":[{"href":"https:\/\/lidertecsa.com.ar\/catalogo\/wp-json\/wp\/v2\/types\/product"}],"wp:featuredmedia":[{"embeddable":true,"href":"https:\/\/lidertecsa.com.ar\/catalogo\/wp-json\/wp\/v2\/media\/574"}],"wp:attachment":[{"href":"https:\/\/lidertecsa.com.ar\/catalogo\/wp-json\/wp\/v2\/media?parent=573"}],"wp:term":[{"taxonomy":"product_cat","embeddable":true,"href":"https:\/\/lidertecsa.com.ar\/catalogo\/wp-json\/wp\/v2\/product_cat?post=573"},{"taxonomy":"product_tag","embeddable":true,"href":"https:\/\/lidertecsa.com.ar\/catalogo\/wp-json\/wp\/v2\/product_tag?post=573"}],"curies":[{"name":"wp","href":"https:\/\/api.w.org\/{rel}","templated":true}]}}