{"id":5709,"date":"2023-12-20T11:15:13","date_gmt":"2023-12-20T14:15:13","guid":{"rendered":"https:\/\/lidertecsa.com.ar\/catalogo\/?post_type=product&#038;p=5709"},"modified":"2024-12-13T16:37:47","modified_gmt":"2024-12-13T19:37:47","slug":"lubricante-para-armas-2","status":"publish","type":"product","link":"https:\/\/lidertecsa.com.ar\/catalogo\/producto\/lubricante-para-armas-2\/","title":{"rendered":"LUBRICANTE PARA ARMAS"},"content":{"rendered":"<p class=\"bold\">Otorga mayor velocidad de disparo. Protege el arma como ninguno.<\/p>\n<p class=\"bold\">Lubricante formulado con aceites refinados y aditivos espec\u00edficos desarrollado para mejorar el mantenimiento y limpieza de las armas de fuego, protegi\u00e9ndolas contra la corrosi\u00f3n, la oxidaci\u00f3n y la humedad.<\/p>\n<p class=\"bold\">Presentaci\u00f3n:<\/p>\n<p>Aceitera 100cm3<\/p>\n<p>Ventajas y beneficios<\/p>\n<p>Aumenta la velocidad de salida del proyectil. Posee propiedades anti fricci\u00f3n, anti abrasi\u00f3n, anti adherente de polvo y esquirlas, anti humedad, anti corrosivo, anti congelante (soporta -20\u00b0C), anti desgaste y anti dieseling. Alto poder de penetraci\u00f3n potenciado por aditivos que mejoran el contacto aceite metal y brindan mayor lubricaci\u00f3n a las partes m\u00f3viles. Asegura el buen funcionamiento de los mecanismos, a\u00fan luego de per\u00edodos prolongados fuera de uso. Contiene hidro repelentes y dispersantes que favorecen sustancialmente la protecci\u00f3n de los metales en condiciones severas de uso, facilitando a su vez la posterior limpieza. Queda lista para su empleo, sin necesidad de una limpieza previa.<\/p>\n<p>Usos:<\/p>\n<div class=\"util\">Se aplica para la limpieza, lubricaci\u00f3n, protecci\u00f3n, deshumectaci\u00f3n de armas de fuego. Almacenamiento y mantenimiento peri\u00f3dico. Protecci\u00f3n del armamento contra la corrosi\u00f3n y humedad.<\/div>\n<div><\/div>\n<div class=\"util\">Modos de uso:<\/div>\n<div class=\"util\">Luego de utilizar el arma, aplique y deje actuar varios minutos, limpiando con un trapo los excesos.<\/div>\n<div><\/div>\n<div class=\"util\">Precauciones:<\/div>\n<p>MANTENER LEJOS DEL ALCANCE DE LOS NI\u00d1OS Y ANIMALES DOM\u00c9STICOS. Evite el contacto prolongado de la piel con el producto y con ropas contaminadas. Puede causar irritaci\u00f3n en mucosas y pieles sensibles. En caso de ingesti\u00f3n no induzca el v\u00f3mito, suministre agua o leche y procure ayuda m\u00e9dica. Evite el contacto con los ojos. En tal caso lave con abundante agua. Si la irritaci\u00f3n contin\u00faa consulte en forma inmediata al oculista. Producto inflamable, no lo exponga al fuego.<\/p>\n","protected":false},"excerpt":{"rendered":"<p class=\"bold\">Otorga mayor velocidad de disparo. Protege el arma como ninguno.<\/p>\n<p class=\"bold\">Lubricante formulado con aceites refinados y aditivos espec\u00edficos desarrollado para mejorar el mantenimiento y limpieza de las armas de fuego, protegi\u00e9ndolas contra la corrosi\u00f3n, la oxidaci\u00f3n y la humedad.<\/p>\n","protected":false},"featured_media":5710,"template":"","meta":{"_joinchat":[]},"product_cat":[1049],"product_tag":[140],"class_list":{"0":"post-5709","1":"product","2":"type-product","3":"status-publish","4":"has-post-thumbnail","6":"product_cat-outdoors","7":"product_tag-lubricante-multiuso","9":"first","10":"instock","11":"product-type-simple"},"_links":{"self":[{"href":"https:\/\/lidertecsa.com.ar\/catalogo\/wp-json\/wp\/v2\/product\/5709"}],"collection":[{"href":"https:\/\/lidertecsa.com.ar\/catalogo\/wp-json\/wp\/v2\/product"}],"about":[{"href":"https:\/\/lidertecsa.com.ar\/catalogo\/wp-json\/wp\/v2\/types\/product"}],"wp:featuredmedia":[{"embeddable":true,"href":"https:\/\/lidertecsa.com.ar\/catalogo\/wp-json\/wp\/v2\/media\/5710"}],"wp:attachment":[{"href":"https:\/\/lidertecsa.com.ar\/catalogo\/wp-json\/wp\/v2\/media?parent=5709"}],"wp:term":[{"taxonomy":"product_cat","embeddable":true,"href":"https:\/\/lidertecsa.com.ar\/catalogo\/wp-json\/wp\/v2\/product_cat?post=5709"},{"taxonomy":"product_tag","embeddable":true,"href":"https:\/\/lidertecsa.com.ar\/catalogo\/wp-json\/wp\/v2\/product_tag?post=5709"}],"curies":[{"name":"wp","href":"https:\/\/api.w.org\/{rel}","templated":true}]}}