{"id":5707,"date":"2023-12-20T11:12:46","date_gmt":"2023-12-20T14:12:46","guid":{"rendered":"https:\/\/lidertecsa.com.ar\/catalogo\/?post_type=product&#038;p=5707"},"modified":"2024-12-13T16:37:46","modified_gmt":"2024-12-13T19:37:46","slug":"protector-de-burletes","status":"publish","type":"product","link":"https:\/\/lidertecsa.com.ar\/catalogo\/producto\/protector-de-burletes\/","title":{"rendered":"PROTECTOR DE BURLETES"},"content":{"rendered":"<p class=\"bold\">Mejora la elasticidad y le da vida a los burletes.<\/p>\n<p class=\"bold\">Producto con alto poder de lubricaci\u00f3n desarrollado para proteger, revitalizar y restaurar la elasticidad de burletes, gomas, retenes, o\u00b4rings y cauchos.<\/p>\n<p class=\"bold\">Presentaci\u00f3n:<\/p>\n<p>Aerosol 175g\/250cm3<\/p>\n<p>&nbsp;<\/p>\n<p>Ventajas y beneficios<\/p>\n<p>Protege y revitaliza los burletes que pierden elasticidad con el tiempo, se debilitan, resquebrajan y ablandan. Al restaurar la elasticidad, elimina las fugas de fr\u00edo en las heladeras y freezers evitando el excesivo consumo de energ\u00eda generado por el deterioro del material. Evita la p\u00e9rdida de hermeticidad de autom\u00f3viles y ambientes climatizados: entradas de agua, fugas de aire acondicionado y calefacci\u00f3n, generadas por los burletes de puertas y ventanas en mal estado. Una protecci\u00f3n peri\u00f3dica con Penetrit Burletes aumenta hasta un 50% la vida \u00fatil de los elementos tratados.<\/p>\n<p>Usos:<\/p>\n<div class=\"util\">Burletes de heladeras y freezers; de puertas y ventanas en ambientes climatizados; de puertas, ventanillas, ba\u00fales de autos. Colocaci\u00f3n de elementos de goma, caucho, retenes y o\u00b4rings.<\/div>\n<div><\/div>\n<div class=\"util\">Modos de uso:<\/div>\n<div class=\"util\">AGITE BIEN ANTES DE USAR. Roc\u00ede directamente sobre el burlete y distribuya el producto con un pa\u00f1o de manera uniforme hasta cubrir toda la superficie.<\/div>\n<div><\/div>\n<div class=\"util\">Precauciones:<\/div>\n<p>MANTENER LEJOS DEL ALCANCE DE LOS NI\u00d1OS. Desconecte los enseres y herramientas el\u00e9ctricas antes de aplicar. No perforar el envase, No pulverizar cerca de llama. No arrojar al incinerador. Prohibido su rellenado. No exponer a temperatura mayor a 50\u00ba C. Peligro!! Inflamable. Contiene hidrocarburos. Mantener lejos del fuego y de superficies calientes. No comer, beber ni fumar mientras manipula estos productos. Usar en ambientes ventilados. No inhalar. Luego de su uso asegure el buen cierre del envase. En contacto con los ojos lavar con abundante agua. En caso de ingesti\u00f3n accidental beber agua. Consultar a un Centro Asistencial o Toxicol\u00f3gico llevando el envase o r\u00f3tulo. Centro Nacional de Intoxicaciones: 0800-333-0160.<\/p>\n","protected":false},"excerpt":{"rendered":"<p class=\"bold\">Mejora la elasticidad y le da vida a los burletes.<\/p>\n<p class=\"bold\">Producto con alto poder de lubricaci\u00f3n desarrollado para proteger, revitalizar y restaurar la elasticidad de burletes, gomas, retenes, o\u00b4rings y cauchos.<\/p>\n","protected":false},"featured_media":5708,"template":"","meta":{"_joinchat":[]},"product_cat":[1048],"product_tag":[1076],"class_list":{"0":"post-5707","1":"product","2":"type-product","3":"status-publish","4":"has-post-thumbnail","6":"product_cat-auto","7":"product_tag-protector-de-burletes","9":"first","10":"instock","11":"product-type-simple"},"_links":{"self":[{"href":"https:\/\/lidertecsa.com.ar\/catalogo\/wp-json\/wp\/v2\/product\/5707"}],"collection":[{"href":"https:\/\/lidertecsa.com.ar\/catalogo\/wp-json\/wp\/v2\/product"}],"about":[{"href":"https:\/\/lidertecsa.com.ar\/catalogo\/wp-json\/wp\/v2\/types\/product"}],"wp:featuredmedia":[{"embeddable":true,"href":"https:\/\/lidertecsa.com.ar\/catalogo\/wp-json\/wp\/v2\/media\/5708"}],"wp:attachment":[{"href":"https:\/\/lidertecsa.com.ar\/catalogo\/wp-json\/wp\/v2\/media?parent=5707"}],"wp:term":[{"taxonomy":"product_cat","embeddable":true,"href":"https:\/\/lidertecsa.com.ar\/catalogo\/wp-json\/wp\/v2\/product_cat?post=5707"},{"taxonomy":"product_tag","embeddable":true,"href":"https:\/\/lidertecsa.com.ar\/catalogo\/wp-json\/wp\/v2\/product_tag?post=5707"}],"curies":[{"name":"wp","href":"https:\/\/api.w.org\/{rel}","templated":true}]}}