{"id":5705,"date":"2023-12-20T11:09:49","date_gmt":"2023-12-20T14:09:49","guid":{"rendered":"https:\/\/lidertecsa.com.ar\/catalogo\/?post_type=product&#038;p=5705"},"modified":"2024-12-13T16:37:46","modified_gmt":"2024-12-13T19:37:46","slug":"protector-de-correas","status":"publish","type":"product","link":"https:\/\/lidertecsa.com.ar\/catalogo\/producto\/protector-de-correas\/","title":{"rendered":"PROTECTOR DE CORREAS"},"content":{"rendered":"<p class=\"bold\">Hace que las correas duren mucho m\u00e1s.<\/p>\n<p class=\"bold\">Producto \u00fanico en el mercado elaborado con derivados de petr\u00f3leo, especialmente desarrollado para proteger y aumentar la vida \u00fatil de todo tipo de correas.<\/p>\n<p class=\"bold\">Presentaci\u00f3n:<\/p>\n<p>Aerosol 175g\/250cm3.<\/p>\n<p>Ventajas y beneficios<\/p>\n<p>Mejora la productividad y reduce costos de energ\u00eda, puesto que ayuda en la transferencia de la fuerza. Impide el deslizamiento en las poleas. No acumula suciedad ni provoca da\u00f1os en superficies pl\u00e1sticas pintadas.<\/p>\n<p>Usos:<\/p>\n<div class=\"util\">Motores, m\u00e1quinas y equipos que utilicen poleas en su funcionamiento.<\/div>\n<div><\/div>\n<div class=\"util\">Modos de uso:<\/div>\n<div class=\"util\">AGITE BIEN ANTES DE USAR. Utilizando la c\u00e1nula, aplique Protector de Correas Penetrit en la cavidad de la polea con el equipamiento en reposo y desenchufado. Una vez en movimiento, aplique una fina capa del producto en la superficie interna de la correa. Deje actuar por unos minutos. Reaplique si fuera necesario.<\/div>\n<div><\/div>\n<div class=\"util\">Precauciones:<\/div>\n<p>MANTENER LEJOS DEL ALCANCE DE LOS NI\u00d1OS. Desconecte los enseres y herramientas el\u00e9ctricas antes de aplicar. No perforar el envase, No pulverizar cerca de llama. No arrojar al incinerador. Prohibido su rellenado. No exponer a temperatura mayor a 50\u00ba C. Peligro!! Inflamable. Contiene hidrocarburos. Mantener lejos del fuego y de superficies calientes. No comer, beber ni fumar mientras manipula estos productos. Usar en ambientes ventilados. No inhalar. Luego de su uso asegure el buen cierre del envase. En contacto con los ojos lavar con abundante agua. En caso de ingesti\u00f3n accidental beber agua. Consultar a un Centro Asistencial o Toxicol\u00f3gico llevando el envase o r\u00f3tulo. Centro Nacional de Intoxicaciones: 0800-333-0160.<\/p>\n","protected":false},"excerpt":{"rendered":"<p class=\"bold\">Hace que las correas duren mucho m\u00e1s.<\/p>\n<p class=\"bold\">Producto \u00fanico en el mercado elaborado con derivados de petr\u00f3leo, especialmente desarrollado para proteger y aumentar la vida \u00fatil de todo tipo de correas.<\/p>\n","protected":false},"featured_media":5706,"template":"","meta":{"_joinchat":[]},"product_cat":[1048],"product_tag":[1075],"class_list":{"0":"post-5705","1":"product","2":"type-product","3":"status-publish","4":"has-post-thumbnail","6":"product_cat-auto","7":"product_tag-protector-de-correas","9":"first","10":"instock","11":"product-type-simple"},"_links":{"self":[{"href":"https:\/\/lidertecsa.com.ar\/catalogo\/wp-json\/wp\/v2\/product\/5705"}],"collection":[{"href":"https:\/\/lidertecsa.com.ar\/catalogo\/wp-json\/wp\/v2\/product"}],"about":[{"href":"https:\/\/lidertecsa.com.ar\/catalogo\/wp-json\/wp\/v2\/types\/product"}],"wp:featuredmedia":[{"embeddable":true,"href":"https:\/\/lidertecsa.com.ar\/catalogo\/wp-json\/wp\/v2\/media\/5706"}],"wp:attachment":[{"href":"https:\/\/lidertecsa.com.ar\/catalogo\/wp-json\/wp\/v2\/media?parent=5705"}],"wp:term":[{"taxonomy":"product_cat","embeddable":true,"href":"https:\/\/lidertecsa.com.ar\/catalogo\/wp-json\/wp\/v2\/product_cat?post=5705"},{"taxonomy":"product_tag","embeddable":true,"href":"https:\/\/lidertecsa.com.ar\/catalogo\/wp-json\/wp\/v2\/product_tag?post=5705"}],"curies":[{"name":"wp","href":"https:\/\/api.w.org\/{rel}","templated":true}]}}