{"id":5703,"date":"2023-12-20T11:07:38","date_gmt":"2023-12-20T14:07:38","guid":{"rendered":"https:\/\/lidertecsa.com.ar\/catalogo\/?post_type=product&#038;p=5703"},"modified":"2024-12-13T16:37:46","modified_gmt":"2024-12-13T19:37:46","slug":"removedor-de-asfalto-y-alquitran","status":"publish","type":"product","link":"https:\/\/lidertecsa.com.ar\/catalogo\/producto\/removedor-de-asfalto-y-alquitran\/","title":{"rendered":"REMOVEDOR DE ASFALTO Y ALQUITR\u00c1N"},"content":{"rendered":"<p class=\"bold\">Posee gran poder de limpieza.<\/p>\n<p class=\"bold\">Limpiador espec\u00edficamente desarrollado para eliminar r\u00e1pidamente y en forma efectiva los restos de alquitr\u00e1n y\/o asfalto de cualquier superficie lisa no porosa (chapa, superficies cromadas, pl\u00e1stico, hierro, etc.) Tambi\u00e9n es efectivo para remover grasas, aceites, y todo tipo de suciedad que sea una combinaci\u00f3n de \u00e9stos.<\/p>\n<p class=\"bold\">Presentaci\u00f3n:<\/p>\n<p>Aerosol 163g\/250cm3<\/p>\n<p>Ventajas y beneficios<\/p>\n<p>Posee una acci\u00f3n en\u00e9rgica que permite eliminar restos bituminosos sin esfuerzos. Su presentaci\u00f3n en aerosol lo hace pr\u00e1ctico, limpio, portable y permite la aplicaci\u00f3n del producto a\u00fan en lugares de dif\u00edcil acceso gracias a su c\u00e1nula aplicadora. No ataca la pintura ni los cromados. No es corrosivo.<\/p>\n<p>Usos:<\/p>\n<div class=\"util\">Limpieza de motores y piezas que compongan los mismos. Limpieza de herramientas. Limpieza de superficies pintadas y\/o cromadas. Limpieza de accesorios y herramientas luego de la colocaci\u00f3n de una membrana asf\u00e1ltica. Eliminaci\u00f3n de restos de adhesivo asf\u00e1ltico en pisos y revestimientos colocados con adhesivos bituminosos. Quita los restos de adhesivos bituminosos en elementos de construcci\u00f3n (marcos, vidrios, grifer\u00edas, etc.)<\/div>\n<div><\/div>\n<div class=\"util\">Modos de uso:<\/div>\n<div class=\"util\">AGITE BIEN ANTES DE USAR. Aplique el producto sobre la superficie a limpiar. Deje actuar unos minutos y limpie con un trapo seco. Remueve la suciedad con un cepillo si estuviera muy adherida. Si la capa de asfalto o alquitr\u00e1n fuera gruesa, repita el tratamiento aumentando el tiempo de contacto del producto.<\/div>\n<div><\/div>\n<div class=\"util\">Precauciones:<\/div>\n<p>MANTENER LEJOS DEL ALCANCE DE LOS NI\u00d1OS. Desconecte los enseres y herramientas el\u00e9ctricas antes de aplicar. No perforar el envase, No pulverizar cerca de llama. No arrojar al incinerador. Prohibido su rellenado. No exponer a temperatura mayor a 50\u00ba C. Peligro!! Inflamable. Contiene hidrocarburos. Mantener lejos del fuego y de superficies calientes. No comer, beber ni fumar mientras manipula estos productos. Usar en ambientes ventilados. No inhalar. Luego de su uso asegure el buen cierre del envase. En contacto con los ojos lavar con abundante agua. En caso de ingesti\u00f3n accidental beber agua. Consultar a un Centro Asistencial o Toxicol\u00f3gico llevando el envase o r\u00f3tulo. Centro Nacional de Intoxicaciones: 0800-333-0160.<\/p>\n","protected":false},"excerpt":{"rendered":"<p class=\"bold\">Posee gran poder de limpieza.<\/p>\n<p class=\"bold\">Limpiador espec\u00edficamente desarrollado para eliminar r\u00e1pidamente y en forma efectiva los restos de alquitr\u00e1n y\/o asfalto de cualquier superficie lisa no porosa (chapa, superficies cromadas, pl\u00e1stico, hierro, etc.) Tambi\u00e9n es efectivo para remover grasas, aceites, y todo tipo de suciedad que sea una combinaci\u00f3n de \u00e9stos.<\/p>\n","protected":false},"featured_media":5704,"template":"","meta":{"_joinchat":[]},"product_cat":[1048],"product_tag":[1024],"class_list":{"0":"post-5703","1":"product","2":"type-product","3":"status-publish","4":"has-post-thumbnail","6":"product_cat-auto","7":"product_tag-removedor","9":"first","10":"instock","11":"product-type-simple"},"_links":{"self":[{"href":"https:\/\/lidertecsa.com.ar\/catalogo\/wp-json\/wp\/v2\/product\/5703"}],"collection":[{"href":"https:\/\/lidertecsa.com.ar\/catalogo\/wp-json\/wp\/v2\/product"}],"about":[{"href":"https:\/\/lidertecsa.com.ar\/catalogo\/wp-json\/wp\/v2\/types\/product"}],"wp:featuredmedia":[{"embeddable":true,"href":"https:\/\/lidertecsa.com.ar\/catalogo\/wp-json\/wp\/v2\/media\/5704"}],"wp:attachment":[{"href":"https:\/\/lidertecsa.com.ar\/catalogo\/wp-json\/wp\/v2\/media?parent=5703"}],"wp:term":[{"taxonomy":"product_cat","embeddable":true,"href":"https:\/\/lidertecsa.com.ar\/catalogo\/wp-json\/wp\/v2\/product_cat?post=5703"},{"taxonomy":"product_tag","embeddable":true,"href":"https:\/\/lidertecsa.com.ar\/catalogo\/wp-json\/wp\/v2\/product_tag?post=5703"}],"curies":[{"name":"wp","href":"https:\/\/api.w.org\/{rel}","templated":true}]}}