{"id":5697,"date":"2023-12-20T11:01:33","date_gmt":"2023-12-20T14:01:33","guid":{"rendered":"https:\/\/lidertecsa.com.ar\/catalogo\/?post_type=product&#038;p=5697"},"modified":"2024-12-13T16:37:45","modified_gmt":"2024-12-13T19:37:45","slug":"pasta-desengrasante-de-accion-total","status":"publish","type":"product","link":"https:\/\/lidertecsa.com.ar\/catalogo\/producto\/pasta-desengrasante-de-accion-total\/","title":{"rendered":"PASTA DESENGRASANTE DE ACCI\u00d3N TOTAL"},"content":{"rendered":"<p class=\"bold\">Contiene abrasivo con alt\u00edsimo poder de limpieza.<\/p>\n<p class=\"bold\">Pasta Desengrasante de Acci\u00f3n Profunda con agradable fragancia. Remueve todo tipo de grasas, aceites, gomas, lacas, tintas, carb\u00f3n, alquitr\u00e1n, adhesivos y negro de humo. Es un limpiador en pasta, ideal para usar en talleres mec\u00e1nicos, imprentas, f\u00e1bricas, industrias en general, compa\u00f1\u00edas petroleras y cualquier otro trabajo donde exista suciedad rebelde a los limpiadores tradicionales.<\/p>\n<p class=\"bold\">Presentaci\u00f3n:<\/p>\n<p>Pote 750g<\/p>\n<p>Ventajas y beneficios<\/p>\n<p>Remueve todo tipo de suciedad, gracias a la acci\u00f3n de detergentes y de micro-part\u00edculas abrasivas. Posee alt\u00edsimo poder de limpieza. No ataca la piel. No contiene solventes agresivos ni c\u00e1usticos.<\/p>\n<p>Usos:<\/p>\n<div class=\"util\">Ideal para talleres m\u00e9canicos, imprentas y gr\u00e1ficas, industrias en general, f\u00e1bricas, gomer\u00edas, talleres de pintura, etc. Remueve la suciedad de todo tipo de superficies no porosas.<\/div>\n<div><\/div>\n<div class=\"util\">Modos de uso:<\/div>\n<div class=\"util\">Tomar una peque\u00f1a cantidad de pasta y refregar la superficie hasta que la suciedad haya desaparecido, humedecer previamente si es necesario. Enjuagar con agua.<\/div>\n<div><\/div>\n<div class=\"util\">Precauciones:<\/div>\n<p>No ingerir, puede ser nocivo. Si ocurre beber abundante agua y procurar ayuda m\u00e9dica. Mantener lejos del alcance de los ni\u00f1os y de los animales dom\u00e9sticos. Puede causar irritaci\u00f3n en pieles sensibles y en mucosas. En este caso, lavar con abundante agua limpia; de persistir la irritaci\u00f3n, consultar al m\u00e9dico. Evitar el contacto con los ojos y en caso que se produzca lavar con abundante agua, manteniendo los p\u00e1rpados abiertos. Si se produce irritaci\u00f3n persistente, consultar al oculista. Conservar el envase tapado, en lugar fresco y ventilado. Ante la menor duda dir\u00edjase al hospital m\u00e1s cercano o al Centro Nacional de Intoxicaciones Policl\u00ednico Prof. A. Posadas, Tel.: (011) 4654-6648 y 4658-7777, Haedo, Pcia. Bs. As., o a la Unidad Toxicol\u00f3gica del Hospital Gral. de Ni\u00f1os Dr. R. Guti\u00e9rrez, Tel.: (011) 4962-6666 y 4962-2247, C.A.Buenos Aires, o al Hospital de Cl\u00ednicas Facultad de Medicina, UBA, Tel.: (011) 4508-3900 y 3888 (int.480) Directo (011) 4508-3760, C. A. Buenos Aires.<\/p>\n","protected":false},"excerpt":{"rendered":"<p class=\"bold\">Contiene abrasivo con alt\u00edsimo poder de limpieza.<\/p>\n<p class=\"bold\">Pasta Desengrasante de Acci\u00f3n Profunda con agradable fragancia. Remueve todo tipo de grasas, aceites, gomas, lacas, tintas, carb\u00f3n, alquitr\u00e1n, adhesivos y negro de humo. Es un limpiador en pasta, ideal para usar en talleres mec\u00e1nicos, imprentas, f\u00e1bricas, industrias en general, compa\u00f1\u00edas petroleras y cualquier otro trabajo donde exista suciedad rebelde a los limpiadores tradicionales.<\/p>\n","protected":false},"featured_media":5698,"template":"","meta":{"_joinchat":[]},"product_cat":[1048],"product_tag":[1050],"class_list":{"0":"post-5697","1":"product","2":"type-product","3":"status-publish","4":"has-post-thumbnail","6":"product_cat-auto","7":"product_tag-desengrasante","9":"first","10":"instock","11":"product-type-simple"},"_links":{"self":[{"href":"https:\/\/lidertecsa.com.ar\/catalogo\/wp-json\/wp\/v2\/product\/5697"}],"collection":[{"href":"https:\/\/lidertecsa.com.ar\/catalogo\/wp-json\/wp\/v2\/product"}],"about":[{"href":"https:\/\/lidertecsa.com.ar\/catalogo\/wp-json\/wp\/v2\/types\/product"}],"wp:featuredmedia":[{"embeddable":true,"href":"https:\/\/lidertecsa.com.ar\/catalogo\/wp-json\/wp\/v2\/media\/5698"}],"wp:attachment":[{"href":"https:\/\/lidertecsa.com.ar\/catalogo\/wp-json\/wp\/v2\/media?parent=5697"}],"wp:term":[{"taxonomy":"product_cat","embeddable":true,"href":"https:\/\/lidertecsa.com.ar\/catalogo\/wp-json\/wp\/v2\/product_cat?post=5697"},{"taxonomy":"product_tag","embeddable":true,"href":"https:\/\/lidertecsa.com.ar\/catalogo\/wp-json\/wp\/v2\/product_tag?post=5697"}],"curies":[{"name":"wp","href":"https:\/\/api.w.org\/{rel}","templated":true}]}}