{"id":5683,"date":"2023-12-20T10:53:12","date_gmt":"2023-12-20T13:53:12","guid":{"rendered":"https:\/\/lidertecsa.com.ar\/catalogo\/?post_type=product&#038;p=5683"},"modified":"2024-12-13T16:37:43","modified_gmt":"2024-12-13T19:37:43","slug":"silicon-bosques-del-sur","status":"publish","type":"product","link":"https:\/\/lidertecsa.com.ar\/catalogo\/producto\/silicon-bosques-del-sur\/","title":{"rendered":"SILICONA BOSQUES DEL SUR"},"content":{"rendered":"<p class=\"bold\">Alto porcentaje de aceite de silicona. Fragancia europea cuidadosamente seleccionada. Rinde mucho m\u00e1s que las siliconas tradicionales.<\/p>\n<p class=\"bold\">Soluci\u00f3n concentrada de aceites de silicona perfumados, ideada para proteger, embellecer, perfumar y mejorar el aspecto de las superficies tratadas.<\/p>\n<p class=\"bold\">Presentaci\u00f3n:<\/p>\n<p>Aerosol 260g\/440cm3<\/p>\n<p>Ventajas y beneficios<\/p>\n<p>Evita que las superficies de goma, pl\u00e1stico y\/o vinilo comiencen a opacarse, resquebrajarse y\/o endurecerse por la acci\u00f3n de los rayos UV del sol u otros agentes clim\u00e1ticos. Gracias a su f\u00f3rmula de avanzada forma una pel\u00edcula protectora sobre la superficie donde es aplicada. Protege y embellece dejando un suave, agradable y duradero aroma. Restaura el brillo original. Protege y da repelencia al agua. Evita la acumulaci\u00f3n de polvo. Su presentaci\u00f3n en aerosol permite una mejor distribuci\u00f3n del producto.<\/p>\n<p>Usos:<\/p>\n<div class=\"util\">En el hogar: para cueros, telas vin\u00edlicas, cauchos, muebles de madera laminados, pl\u00e1sticos, calzados de cuero, valijas, carteras y maletines. En el autom\u00f3vil: para revestimientos internos, tableros, asientos, paneles de puertas, alfombras de goma, etc. Tambi\u00e9n puede usarse en neum\u00e1ticos, paragolpes pl\u00e1sticos y techos vin\u00edlicos. En bicicletas y motos.<\/div>\n<div><\/div>\n<div class=\"util\">Modos de uso:<\/div>\n<div class=\"util\">AGITE BIEN ANTES DE USAR. Roc\u00ede a unos 20 cm de distancia sobre las superficies limpias, deje orear unos segundos y distribuya el producto con un pa\u00f1o seco.<\/div>\n<div><\/div>\n<div class=\"util\">Precauciones:<\/div>\n<p>MANTENER LEJOS DEL ALCANCE DE LOS NI\u00d1OS. Desconecte los enseres y herramientas el\u00e9ctricas antes de aplicar. No perforar el envase vac\u00edo. No pulverizar cerca de llama. No arrojar al fuego o incinerador. Prohibido su rellenado. No exponer a temperatura mayor a 50\u00baC. Peligro!! Inflamable. Contiene hidrocarburos. Mantener lejos del fuego y de superficies calientes. No comer, beber ni fumar mientras manipula estos productos. Usar en ambientes ventilados. No inhalar. Luego de su uso asegure el buen cierre del envase. En contacto con los ojos o la piel, lavar inmediatamente con abundante agua. En caso de ingesti\u00f3n, no provoque el v\u00f3mito y consulte inmediatamente al Centro de Intoxicaciones 0800-333-0160 o al M\u00e9dico llevando el envase o r\u00f3tulo del producto. Guardar en lugar fresco, cerrado y bien ventilado.<\/p>\n","protected":false},"excerpt":{"rendered":"<p class=\"bold\">Alto porcentaje de aceite de silicona. Fragancia europea cuidadosamente seleccionada. Rinde mucho m\u00e1s que las siliconas tradicionales.<\/p>\n<p class=\"bold\">Soluci\u00f3n concentrada de aceites de silicona perfumados, ideada para proteger, embellecer, perfumar y mejorar el aspecto de las superficies tratadas.<\/p>\n","protected":false},"featured_media":5684,"template":"","meta":{"_joinchat":[]},"product_cat":[1048],"product_tag":[1069],"class_list":{"0":"post-5683","1":"product","2":"type-product","3":"status-publish","4":"has-post-thumbnail","6":"product_cat-auto","7":"product_tag-silicona-para-plasticos","9":"first","10":"instock","11":"product-type-simple"},"_links":{"self":[{"href":"https:\/\/lidertecsa.com.ar\/catalogo\/wp-json\/wp\/v2\/product\/5683"}],"collection":[{"href":"https:\/\/lidertecsa.com.ar\/catalogo\/wp-json\/wp\/v2\/product"}],"about":[{"href":"https:\/\/lidertecsa.com.ar\/catalogo\/wp-json\/wp\/v2\/types\/product"}],"wp:featuredmedia":[{"embeddable":true,"href":"https:\/\/lidertecsa.com.ar\/catalogo\/wp-json\/wp\/v2\/media\/5684"}],"wp:attachment":[{"href":"https:\/\/lidertecsa.com.ar\/catalogo\/wp-json\/wp\/v2\/media?parent=5683"}],"wp:term":[{"taxonomy":"product_cat","embeddable":true,"href":"https:\/\/lidertecsa.com.ar\/catalogo\/wp-json\/wp\/v2\/product_cat?post=5683"},{"taxonomy":"product_tag","embeddable":true,"href":"https:\/\/lidertecsa.com.ar\/catalogo\/wp-json\/wp\/v2\/product_tag?post=5683"}],"curies":[{"name":"wp","href":"https:\/\/api.w.org\/{rel}","templated":true}]}}