{"id":5672,"date":"2023-12-20T10:43:08","date_gmt":"2023-12-20T13:43:08","guid":{"rendered":"https:\/\/lidertecsa.com.ar\/catalogo\/?post_type=product&#038;p=5672"},"modified":"2024-12-13T16:37:42","modified_gmt":"2024-12-13T19:37:42","slug":"cera-abrillantadora","status":"publish","type":"product","link":"https:\/\/lidertecsa.com.ar\/catalogo\/producto\/cera-abrillantadora\/","title":{"rendered":"CERA ABRILLANTADORA"},"content":{"rendered":"<p class=\"bold\">Revive el color, da brillo intenso y otorga protecci\u00f3n duradera a tu auto.<\/p>\n<p class=\"bold\">La Cera Abrillantadora Penetrit revive el color y aumenta notablemente el brillo de la carrocer\u00eda de su autom\u00f3vil, cubri\u00e9ndola con una delgada capa que protege su veh\u00edculo de la acci\u00f3n de los rayos solares y las inclemencias del tiempo.<\/p>\n<p class=\"bold\">Presentaci\u00f3n:<\/p>\n<p>Aerosol 280g\/410cm3<\/p>\n<p>Ventajas y beneficios<\/p>\n<p>Le otorga al veh\u00edculo el brillo que merece. Dise\u00f1ado para todas aquellas personas que lavan usualmente su auto. Contiene en su f\u00f3rmula la concentraci\u00f3n necesaria de ceras para lograr protecci\u00f3n y brillo \u00fanico. R\u00e1pido y f\u00e1cil de usar, con pa\u00f1o, trapo, pulidor, al sol o a la sombra. Elimina rayaduras superficiales. Otorga s\u00faper protecci\u00f3n contra los rayos solares UV.<\/p>\n<p>Usos:<\/p>\n<div class=\"util\">Cualquier tipo de veh\u00edculo. Indicado tambi\u00e9n para motos, camiones y embarcaciones; incluso para electrodom\u00e9sticos.<\/div>\n<div><\/div>\n<div class=\"util\">Modos de uso:<\/div>\n<div class=\"util\">AGITE BIEN ANTES DE USAR. Previo a la aplicaci\u00f3n, lave la carrocer\u00eda con Shampoo Penetrit. Enjuague y deje secar. Aplique la Cera Abrillantadora Penetrit y distribuya con un pa\u00f1o o franela haciendo movimientos circulares y uniformes en las distintas \u00e1reas. Deje orear unos minutos. Con un pa\u00f1o suave y seco, lustre hasta lograr el brillo deseado. Preferentemente mantenga el veh\u00edculo a la sombra hasta completar el proceso. Repita en caso de ser necesario.<\/div>\n<div><\/div>\n<div class=\"util\">Precauciones:<\/div>\n<p>MANTENER LEJOS DEL ALCANCE DE LOS NI\u00d1OS. Desconecte los enseres y herramientas el\u00e9ctricas antes de aplicar. No perforar el envase vac\u00edo. No pulverizar cerca de llama. No arrojar al fuego o incinerador. Prohibido su rellenado. No exponer a temperatura mayor a 50\u00baC. Peligro!! Inflamable. Contiene hidrocarburos. Mantener lejos del fuego y de superficies calientes. No comer, beber ni fumar mientras manipula estos productos. Usar en ambientes ventilados. No inhalar. Luego de su uso asegure el buen cierre del envase. En contacto con los ojos o la piel, lavar inmediatamente con abundante agua. En caso de ingesti\u00f3n, no provoque el v\u00f3mito y consulte inmediatamente al Centro de Intoxicaciones 0800-333-0160 o al M\u00e9dico llevando el envase o r\u00f3tulo del producto. Guardar en lugar fresco, cerrado y bien ventilado.<\/p>\n","protected":false},"excerpt":{"rendered":"<p class=\"bold\">Revive el color, da brillo intenso y otorga protecci\u00f3n duradera a tu auto.<\/p>\n<p class=\"bold\">La Cera Abrillantadora Penetrit revive el color y aumenta notablemente el brillo de la carrocer\u00eda de su autom\u00f3vil, cubri\u00e9ndola con una delgada capa que protege su veh\u00edculo de la acci\u00f3n de los rayos solares y las inclemencias del tiempo.<\/p>\n","protected":false},"featured_media":5674,"template":"","meta":{"_joinchat":[]},"product_cat":[1048],"product_tag":[947],"class_list":{"0":"post-5672","1":"product","2":"type-product","3":"status-publish","4":"has-post-thumbnail","6":"product_cat-auto","7":"product_tag-abrillantador","9":"first","10":"instock","11":"product-type-simple"},"_links":{"self":[{"href":"https:\/\/lidertecsa.com.ar\/catalogo\/wp-json\/wp\/v2\/product\/5672"}],"collection":[{"href":"https:\/\/lidertecsa.com.ar\/catalogo\/wp-json\/wp\/v2\/product"}],"about":[{"href":"https:\/\/lidertecsa.com.ar\/catalogo\/wp-json\/wp\/v2\/types\/product"}],"wp:featuredmedia":[{"embeddable":true,"href":"https:\/\/lidertecsa.com.ar\/catalogo\/wp-json\/wp\/v2\/media\/5674"}],"wp:attachment":[{"href":"https:\/\/lidertecsa.com.ar\/catalogo\/wp-json\/wp\/v2\/media?parent=5672"}],"wp:term":[{"taxonomy":"product_cat","embeddable":true,"href":"https:\/\/lidertecsa.com.ar\/catalogo\/wp-json\/wp\/v2\/product_cat?post=5672"},{"taxonomy":"product_tag","embeddable":true,"href":"https:\/\/lidertecsa.com.ar\/catalogo\/wp-json\/wp\/v2\/product_tag?post=5672"}],"curies":[{"name":"wp","href":"https:\/\/api.w.org\/{rel}","templated":true}]}}