{"id":5670,"date":"2023-12-20T10:39:38","date_gmt":"2023-12-20T13:39:38","guid":{"rendered":"https:\/\/lidertecsa.com.ar\/catalogo\/?post_type=product&#038;p=5670"},"modified":"2024-12-13T16:37:42","modified_gmt":"2024-12-13T19:37:42","slug":"lava-parabrisas","status":"publish","type":"product","link":"https:\/\/lidertecsa.com.ar\/catalogo\/producto\/lava-parabrisas\/","title":{"rendered":"LAVA PARABRISAS"},"content":{"rendered":"<p class=\"bold\">M\u00e1s visibilidad, mayor seguridad al volante.<\/p>\n<p class=\"bold\">Producto especialmente formulado para limpiar r\u00e1pidamente el parabrisas de su veh\u00edculo, permitir el f\u00e1cil deslizamiento de las escobillas y brindar una visi\u00f3n perfecta al conductor.<\/p>\n<p class=\"bold\">Presentaci\u00f3n:<\/p>\n<p>Botella 500cm3<\/p>\n<p>Ventajas y beneficios<\/p>\n<p>Limpia y remueve sin esfuerzo el polvo, el barro, la grasa, las manchas de insectos y dem\u00e1s suciedades que se impregnan al parabrisas de su veh\u00edculo, otorgando m\u00e1xima transparencia. Su exclusiva f\u00f3rmula garantiza una gran eficacia en todo momento, ya que posee aditivos que evitan el congelamiento del agua a\u00fan a temperaturas bajo 0\u00ba C. Al mantener limpio el parabrisas mejora la visi\u00f3n del chofer, evitando as\u00ed problemas, maniobras bruscas por falta de visibilidad e incluso accidentes.<\/p>\n<p>Usos:<\/p>\n<div class=\"util\">Parabrisas y dep\u00f3sito de lava parabrisas (sapito) de todo tipo de veh\u00edculo.<\/div>\n<div><\/div>\n<div class=\"util\">Modos de uso:<\/div>\n<div class=\"util\">Vierta en el deposito de agua 1 tapita (20ml) de Lava Parabrisas Penetrit por litro de agua.<\/div>\n<div><\/div>\n<div class=\"util\">Precauciones:<\/div>\n<p>Cuidado, inflamable! Mantenga lejos del fuego y superficies calientes. MANTENER LEJOS DEL ALCANCE DE LOS NI\u00d1OS. No inhale. Usar en ambientes ventilados. En contacto con los ojos o la piel, lave inmediatamente con abundante agua. En caso de ingesti\u00f3n, no provoque el v\u00f3mito y consulte inmediatamente al Centro de Intoxicaciones 0800-333-0160 o al M\u00e9dico llevando el envase o r\u00f3tulo del producto. Guardar el recipiente herm\u00e9ticamente cerrado en lugar fresco, cerrado y bien ventilado.<\/p>\n","protected":false},"excerpt":{"rendered":"<p class=\"bold\">M\u00e1s visibilidad, mayor seguridad al volante.<\/p>\n<p class=\"bold\">Producto especialmente formulado para limpiar r\u00e1pidamente el parabrisas de su veh\u00edculo, permitir el f\u00e1cil deslizamiento de las escobillas y brindar una visi\u00f3n perfecta al conductor.<\/p>\n","protected":false},"featured_media":5671,"template":"","meta":{"_joinchat":[]},"product_cat":[1048],"product_tag":[1074],"class_list":{"0":"post-5670","1":"product","2":"type-product","3":"status-publish","4":"has-post-thumbnail","6":"product_cat-auto","7":"product_tag-limpiador-de-parabrisas","9":"first","10":"instock","11":"product-type-simple"},"_links":{"self":[{"href":"https:\/\/lidertecsa.com.ar\/catalogo\/wp-json\/wp\/v2\/product\/5670"}],"collection":[{"href":"https:\/\/lidertecsa.com.ar\/catalogo\/wp-json\/wp\/v2\/product"}],"about":[{"href":"https:\/\/lidertecsa.com.ar\/catalogo\/wp-json\/wp\/v2\/types\/product"}],"wp:featuredmedia":[{"embeddable":true,"href":"https:\/\/lidertecsa.com.ar\/catalogo\/wp-json\/wp\/v2\/media\/5671"}],"wp:attachment":[{"href":"https:\/\/lidertecsa.com.ar\/catalogo\/wp-json\/wp\/v2\/media?parent=5670"}],"wp:term":[{"taxonomy":"product_cat","embeddable":true,"href":"https:\/\/lidertecsa.com.ar\/catalogo\/wp-json\/wp\/v2\/product_cat?post=5670"},{"taxonomy":"product_tag","embeddable":true,"href":"https:\/\/lidertecsa.com.ar\/catalogo\/wp-json\/wp\/v2\/product_tag?post=5670"}],"curies":[{"name":"wp","href":"https:\/\/api.w.org\/{rel}","templated":true}]}}