{"id":5668,"date":"2023-12-20T10:33:54","date_gmt":"2023-12-20T13:33:54","guid":{"rendered":"https:\/\/lidertecsa.com.ar\/catalogo\/?post_type=product&#038;p=5668"},"modified":"2024-12-13T16:37:42","modified_gmt":"2024-12-13T19:37:42","slug":"lava-lustre","status":"publish","type":"product","link":"https:\/\/lidertecsa.com.ar\/catalogo\/producto\/lava-lustre\/","title":{"rendered":"LAVA LUSTRE"},"content":{"rendered":"<p class=\"bold\">Limpia, da brillo y protege con siliconas. Todo en una sola operaci\u00f3n.<\/p>\n<p class=\"bold\">Producto elaborado con exclusivos agentes limpiadores y abrillantadores sint\u00e9ticos, desarrollado para usarse luego del lavado. Su f\u00f3rmula con jab\u00f3n l\u00edquido y emulsi\u00f3n de siliconas perfumadas otorga una delicada terminaci\u00f3n.<\/p>\n<p class=\"bold\">Presentaci\u00f3n:<\/p>\n<p>Botella 500cm3<\/p>\n<p>Ventajas y beneficios<\/p>\n<p>Limpia, resalta el brillo y protege con siliconas la carrocer\u00eda de su autom\u00f3vil en una sola operaci\u00f3n. Limpia f\u00e1cilmente la suciedad sin rayar la superficie donde es utilizado. Se puede aplicar sobre cualquier tipo de superficie pintada, laqueada o esmaltada. Su exclusiva f\u00f3rmula deja una pel\u00edcula protectora contra el polvo, el smog y los nocivos rayos UV del sol.<\/p>\n<p>Usos:<\/p>\n<div class=\"util\">Cualquier tipo de veh\u00edculo.<\/div>\n<div><\/div>\n<div class=\"util\">Modos de uso:<\/div>\n<div class=\"util\">AGITE BIEN ANTES DE USAR. Mezcle 5 o m\u00e1s tapitas de Lava-lustre Penetrit en 5 litros de agua hasta obtener una soluci\u00f3n espumosa. Aplique con una esponja, lave el autom\u00f3vil y seque con un trapo limpio. No lave a la luz del sol.<\/div>\n<div><\/div>\n<div class=\"util\">Precauciones:<\/div>\n<p>MANTENER LEJOS DEL ALCANCE DE LOS NI\u00d1OS. Usar en ambientes ventilados. En contacto con los ojos o la piel, lave inmediatamente con abundante agua. En caso de ingesti\u00f3n, no provoque el v\u00f3mito y consulte inmediatamente al Centro de Intoxicaciones 0800-333-0160 o al M\u00e9dico llevando el envase o r\u00f3tulo del producto. Guardar el recipiente herm\u00e9ticamente cerrado en lugar fresco, cerrado y bien ventilado.<\/p>\n","protected":false},"excerpt":{"rendered":"<p class=\"bold\">Limpia, da brillo y protege con siliconas. Todo en una sola operaci\u00f3n.<\/p>\n<p class=\"bold\">Producto elaborado con exclusivos agentes limpiadores y abrillantadores sint\u00e9ticos, desarrollado para usarse luego del lavado. Su f\u00f3rmula con jab\u00f3n l\u00edquido y emulsi\u00f3n de siliconas perfumadas otorga una delicada terminaci\u00f3n.<\/p>\n","protected":false},"featured_media":5669,"template":"","meta":{"_joinchat":[]},"product_cat":[1048],"product_tag":[1073],"class_list":{"0":"post-5668","1":"product","2":"type-product","3":"status-publish","4":"has-post-thumbnail","6":"product_cat-auto","7":"product_tag-lava-lustre","9":"first","10":"instock","11":"product-type-simple"},"_links":{"self":[{"href":"https:\/\/lidertecsa.com.ar\/catalogo\/wp-json\/wp\/v2\/product\/5668"}],"collection":[{"href":"https:\/\/lidertecsa.com.ar\/catalogo\/wp-json\/wp\/v2\/product"}],"about":[{"href":"https:\/\/lidertecsa.com.ar\/catalogo\/wp-json\/wp\/v2\/types\/product"}],"wp:featuredmedia":[{"embeddable":true,"href":"https:\/\/lidertecsa.com.ar\/catalogo\/wp-json\/wp\/v2\/media\/5669"}],"wp:attachment":[{"href":"https:\/\/lidertecsa.com.ar\/catalogo\/wp-json\/wp\/v2\/media?parent=5668"}],"wp:term":[{"taxonomy":"product_cat","embeddable":true,"href":"https:\/\/lidertecsa.com.ar\/catalogo\/wp-json\/wp\/v2\/product_cat?post=5668"},{"taxonomy":"product_tag","embeddable":true,"href":"https:\/\/lidertecsa.com.ar\/catalogo\/wp-json\/wp\/v2\/product_tag?post=5668"}],"curies":[{"name":"wp","href":"https:\/\/api.w.org\/{rel}","templated":true}]}}