{"id":5666,"date":"2023-12-20T10:31:20","date_gmt":"2023-12-20T13:31:20","guid":{"rendered":"https:\/\/lidertecsa.com.ar\/catalogo\/?post_type=product&#038;p=5666"},"modified":"2024-12-13T16:37:42","modified_gmt":"2024-12-13T19:37:42","slug":"shampoo-para-autos","status":"publish","type":"product","link":"https:\/\/lidertecsa.com.ar\/catalogo\/producto\/shampoo-para-autos\/","title":{"rendered":"SHAMPOO PARA AUTOS"},"content":{"rendered":"<p class=\"bold\">Gran rendimiento. \u00d3ptimo poder de limpieza. Conserva los tratamientos de lustre y protecci\u00f3n realizados al auto.<\/p>\n<p class=\"bold\">Poderoso limpiador con elevado contenido de tensioactivos desarrollado para un lavado cuidadoso y duradero.<\/p>\n<p class=\"bold\">Presentaci\u00f3n:<\/p>\n<p>Botella 500cm3<\/p>\n<p>Ventajas y beneficios<\/p>\n<p>Especialmente desarrollado para usar con nuestro Polish y Cera para Autos Penetrit. Su alta concentraci\u00f3n de agentes limpiadores y su excepcional poder de remoci\u00f3n eliminan las grasas y otras suciedades causadas por el smog y dem\u00e1s sustancias.<\/p>\n<p>Usos:<\/p>\n<div class=\"util\">Chasis de cualquier tipo de veh\u00edculo.<\/div>\n<div><\/div>\n<div class=\"util\">Modos de uso:<\/div>\n<div class=\"util\">AGITE BIEN ANTES DE USAR. Mezcle 5 o m\u00e1s tapitas de Shampoo Penetrit en 5 L de agua hasta obtener una soluci\u00f3n espumosa. Aplique con una esponja, lave el autom\u00f3vil y seque con un trapo limpio. No lave a la luz del sol. Mantenga el envase bien tapado mientras no lo use.<\/div>\n<div><\/div>\n<div class=\"util\">Precauciones:<\/div>\n<p>MANTENER LEJOS DEL ALCANCE DE LOS NI\u00d1OS. Usar en ambientes ventilados. En contacto con los ojos o la piel, lave inmediatamente con abundante agua. En caso de ingesti\u00f3n, no provoque el v\u00f3mito y consulte inmediatamente al Centro de Intoxicaciones 0800-333-0160 o al M\u00e9dico llevando el envase o r\u00f3tulo del producto. Guardar el recipiente herm\u00e9ticamente cerrado en lugar fresco, cerrado y bien ventilado.<\/p>\n","protected":false},"excerpt":{"rendered":"<p class=\"bold\">Gran rendimiento. \u00d3ptimo poder de limpieza. Conserva los tratamientos de lustre y protecci\u00f3n realizados al auto.<\/p>\n<p class=\"bold\">Poderoso limpiador con elevado contenido de tensioactivos desarrollado para un lavado cuidadoso y duradero.<\/p>\n","protected":false},"featured_media":5667,"template":"","meta":{"_joinchat":[]},"product_cat":[1048],"product_tag":[1072],"class_list":{"0":"post-5666","1":"product","2":"type-product","3":"status-publish","4":"has-post-thumbnail","6":"product_cat-auto","7":"product_tag-shampoo-para-autos","9":"first","10":"instock","11":"product-type-simple"},"_links":{"self":[{"href":"https:\/\/lidertecsa.com.ar\/catalogo\/wp-json\/wp\/v2\/product\/5666"}],"collection":[{"href":"https:\/\/lidertecsa.com.ar\/catalogo\/wp-json\/wp\/v2\/product"}],"about":[{"href":"https:\/\/lidertecsa.com.ar\/catalogo\/wp-json\/wp\/v2\/types\/product"}],"wp:featuredmedia":[{"embeddable":true,"href":"https:\/\/lidertecsa.com.ar\/catalogo\/wp-json\/wp\/v2\/media\/5667"}],"wp:attachment":[{"href":"https:\/\/lidertecsa.com.ar\/catalogo\/wp-json\/wp\/v2\/media?parent=5666"}],"wp:term":[{"taxonomy":"product_cat","embeddable":true,"href":"https:\/\/lidertecsa.com.ar\/catalogo\/wp-json\/wp\/v2\/product_cat?post=5666"},{"taxonomy":"product_tag","embeddable":true,"href":"https:\/\/lidertecsa.com.ar\/catalogo\/wp-json\/wp\/v2\/product_tag?post=5666"}],"curies":[{"name":"wp","href":"https:\/\/api.w.org\/{rel}","templated":true}]}}