{"id":5661,"date":"2023-12-20T10:17:25","date_gmt":"2023-12-20T13:17:25","guid":{"rendered":"https:\/\/lidertecsa.com.ar\/catalogo\/?post_type=product&#038;p=5661"},"modified":"2024-12-13T16:37:41","modified_gmt":"2024-12-13T19:37:41","slug":"aceite-2t","status":"publish","type":"product","link":"https:\/\/lidertecsa.com.ar\/catalogo\/producto\/aceite-2t\/","title":{"rendered":"ACEITE 2T"},"content":{"rendered":"<p class=\"bold\">Protege el motor reduciendo la formaci\u00f3n de dep\u00f3sitos de carb\u00f3n.<\/p>\n<p class=\"bold\">Desarrollado para lubricar motores de 2 tiempos refrigerados por aire. Formulado con bases premium y aditivos antidesgaste y anticenizas fabricados con las tecnolog\u00edas m\u00e1s avanzadas disponibles actualmente.<\/p>\n<p class=\"bold\">Presentaci\u00f3n:<\/p>\n<p>Aceitera 100cm3<\/p>\n<p>Ventajas y beneficios<\/p>\n<p>Proporciona arranque instant\u00e1neo y correcto funcionamiento, con menor emisi\u00f3n de humos. Posee gran poder antidesgaste, inhibe la formaci\u00f3n de barnices y de dep\u00f3sitos carbonosos en los motores, prolongando su vida \u00fatil<\/p>\n<p>Usos:<\/p>\n<div class=\"util\">\u00daselo en motos de baja cilindrada, ciclomotores, motosierras, bordeadoras, cortadoras de c\u00e9sped, etc. Puede ser utilizado tanto en sistemas de premezclado como de inyecci\u00f3n por dosificadores autom\u00e1ticos.<\/div>\n<div><\/div>\n<div class=\"util\">Modos de uso:<\/div>\n<div class=\"util\">Diluya 1 parte de Aceite 2T Penetrit en hasta 50 partes de combustible, seg\u00fan las indicaciones del fabricante del motor.<\/div>\n<div><\/div>\n<div class=\"util\">Precauciones:<\/div>\n<p>MANTENGA LEJOS DEL ALCANCE DE LOS NI\u00d1OS Y DE LOS ANIMALES DOM\u00c9STICOS. Evite el contacto prolongado de la piel con el producto y con ropas contaminadas. Puede causar irritaci\u00f3n en mucosas y pieles sensibles. En caso de ingesti\u00f3n, no induzca el v\u00f3mito. Suministre agua o leche y procure ayuda m\u00e9dica. Evite el contacto con los ojos. En tal caso lave con agua copiosamente. Si la irritaci\u00f3n contin\u00faa consulte al oculista inmediatamente. Producto inflamable, no lo exponga al fuego.<\/p>\n","protected":false},"excerpt":{"rendered":"<p class=\"bold\">Protege el motor reduciendo la formaci\u00f3n de dep\u00f3sitos de carb\u00f3n.<\/p>\n<p class=\"bold\">Desarrollado para lubricar motores de 2 tiempos refrigerados por aire. Formulado con bases premium y aditivos antidesgaste y anticenizas fabricados con las tecnolog\u00edas m\u00e1s avanzadas disponibles actualmente.<\/p>\n","protected":false},"featured_media":5663,"template":"","meta":{"_joinchat":[]},"product_cat":[1047],"product_tag":[1070],"class_list":{"0":"post-5661","1":"product","2":"type-product","3":"status-publish","4":"has-post-thumbnail","6":"product_cat-moto","7":"product_tag-aceite-para-2t","9":"first","10":"instock","11":"product-type-simple"},"_links":{"self":[{"href":"https:\/\/lidertecsa.com.ar\/catalogo\/wp-json\/wp\/v2\/product\/5661"}],"collection":[{"href":"https:\/\/lidertecsa.com.ar\/catalogo\/wp-json\/wp\/v2\/product"}],"about":[{"href":"https:\/\/lidertecsa.com.ar\/catalogo\/wp-json\/wp\/v2\/types\/product"}],"wp:featuredmedia":[{"embeddable":true,"href":"https:\/\/lidertecsa.com.ar\/catalogo\/wp-json\/wp\/v2\/media\/5663"}],"wp:attachment":[{"href":"https:\/\/lidertecsa.com.ar\/catalogo\/wp-json\/wp\/v2\/media?parent=5661"}],"wp:term":[{"taxonomy":"product_cat","embeddable":true,"href":"https:\/\/lidertecsa.com.ar\/catalogo\/wp-json\/wp\/v2\/product_cat?post=5661"},{"taxonomy":"product_tag","embeddable":true,"href":"https:\/\/lidertecsa.com.ar\/catalogo\/wp-json\/wp\/v2\/product_tag?post=5661"}],"curies":[{"name":"wp","href":"https:\/\/api.w.org\/{rel}","templated":true}]}}