{"id":566,"date":"2023-06-17T20:12:46","date_gmt":"2023-06-17T23:12:46","guid":{"rendered":"https:\/\/lidertecsa.com.ar\/catalogo\/?post_type=product&#038;p=566"},"modified":"2024-12-13T16:30:40","modified_gmt":"2024-12-13T19:30:40","slug":"rotomartillo-te-rh-32-4-f-sds-plus-en-kit-1-250-w","status":"publish","type":"product","link":"https:\/\/lidertecsa.com.ar\/catalogo\/producto\/rotomartillo-te-rh-32-4-f-sds-plus-en-kit-1-250-w\/","title":{"rendered":"Rotomartillo TE-RH 40 3 F &#8211; SDS Max &#8211; 1.050 W"},"content":{"rendered":"<p>El taladro de martillo Einhell TE-RH 40 3F es un ayudante de 1.050 vatios con tres funciones b\u00e1sicas para trabajos de renovaci\u00f3n y renovaci\u00f3n: taladrado con martillo y cincelado con y sin fijaci\u00f3n. El taladro de martillo convierte hasta la friolera de 10 julios en la herramienta y, con el mecanismo de impacto neum\u00e1tico, crea una muy buena propulsi\u00f3n para una capacidad de perforaci\u00f3n de hasta 40 mm en concreto. El interruptor de posici\u00f3n es pr\u00e1ctico para todas las funciones, mientras que las grandes superficies de agarre suave garantizan un agarre firme y, por lo tanto, un manejo seguro. El taladro de martillo est\u00e1 equipado con un mecanismo de bloqueo continuo para un trabajo agradable y f\u00e1cil y un robusto portaherramientas SDS-max con semiautom\u00e1tico. A pesar de toda la potencia, la electr\u00f3nica de velocidad garantiza que el trabajo se adapte al material y la aplicaci\u00f3n. La entrega incluye cinceles puntiagudos y planos en el estuche de transporte y almacenamiento E-Box M55.<\/p>\n","protected":false},"excerpt":{"rendered":"<ul>\n<li class=\" meta\">3 funciones: taladrado \/ cincelado con martillo con y sin fijaci\u00f3n<\/li>\n<li class=\" meta\">El mayor rendimiento de perforaci\u00f3n debido a la resistencia al impacto de 10 J<\/li>\n<li class=\" meta\">Un interruptor de posici\u00f3n para todas las funciones<\/li>\n<li class=\" meta\">Bloqueo de resistencia para un trabajo c\u00f3modo y f\u00e1cil<\/li>\n<li class=\" meta\">Mecanismo de impacto neum\u00e1tico para una muy buena propulsi\u00f3n<\/li>\n<li class=\"meta\">Robusto portaherramientas SDS-max<\/li>\n<li class=\"meta\">Electr\u00f3nica de velocidad para trabajos espec\u00edficos de materiales y aplicaciones<\/li>\n<li class=\"meta\">Mango ergon\u00f3mico con agarre suave<\/li>\n<li class=\"meta\">Trabajo de baja vibraci\u00f3n gracias al mango amortiguado por vibraciones<\/li>\n<li class=\"meta\">Incl. cincel puntiagudo y plano<\/li>\n<li class=\"meta\">Se suministra en estuche de transporte y almacenamiento E-Box M55<\/li>\n<\/ul>\n","protected":false},"featured_media":570,"template":"","meta":{"_joinchat":[]},"product_cat":[181],"product_tag":[189],"class_list":{"0":"post-566","1":"product","2":"type-product","3":"status-publish","4":"has-post-thumbnail","6":"product_cat-herramientas-electricas","7":"product_tag-rotomartillo-sds-max-electroneumatico","9":"first","10":"instock","11":"product-type-simple"},"_links":{"self":[{"href":"https:\/\/lidertecsa.com.ar\/catalogo\/wp-json\/wp\/v2\/product\/566"}],"collection":[{"href":"https:\/\/lidertecsa.com.ar\/catalogo\/wp-json\/wp\/v2\/product"}],"about":[{"href":"https:\/\/lidertecsa.com.ar\/catalogo\/wp-json\/wp\/v2\/types\/product"}],"wp:featuredmedia":[{"embeddable":true,"href":"https:\/\/lidertecsa.com.ar\/catalogo\/wp-json\/wp\/v2\/media\/570"}],"wp:attachment":[{"href":"https:\/\/lidertecsa.com.ar\/catalogo\/wp-json\/wp\/v2\/media?parent=566"}],"wp:term":[{"taxonomy":"product_cat","embeddable":true,"href":"https:\/\/lidertecsa.com.ar\/catalogo\/wp-json\/wp\/v2\/product_cat?post=566"},{"taxonomy":"product_tag","embeddable":true,"href":"https:\/\/lidertecsa.com.ar\/catalogo\/wp-json\/wp\/v2\/product_tag?post=566"}],"curies":[{"name":"wp","href":"https:\/\/api.w.org\/{rel}","templated":true}]}}