{"id":5659,"date":"2023-12-20T10:12:52","date_gmt":"2023-12-20T13:12:52","guid":{"rendered":"https:\/\/lidertecsa.com.ar\/catalogo\/?post_type=product&#038;p=5659"},"modified":"2024-12-13T16:37:41","modified_gmt":"2024-12-13T19:37:41","slug":"silicona-brillo-y-proteccion","status":"publish","type":"product","link":"https:\/\/lidertecsa.com.ar\/catalogo\/producto\/silicona-brillo-y-proteccion\/","title":{"rendered":"SILICONA, BRILLO Y PROTECCI\u00d3N"},"content":{"rendered":"<p class=\"bold\">Otorga un acabado brillante y una protecci\u00f3n extra. Evita que la superficie tratada se opaque o resquebraje. Es f\u00e1cil de usar.<\/p>\n<p class=\"bold\">Soluci\u00f3n a base de siliconas perfumadas ideal para realzar el brillo de superficies no porosas de motos y dem\u00e1s veh\u00edculos. Desarrollada especialmente para proteger, embellecer, perfumar y mejorar el aspecto de las superficies tratadas.<\/p>\n<p class=\"bold\">Presentaci\u00f3n:<\/p>\n<p>Aerosol 212g\/360cm3<\/p>\n<p>Ventajas y beneficios<\/p>\n<p>Protege y embellece dejando una suave, agradable y duradera fragancia. Resalta los colores, refresca y otorga un brillo extremo. Gracias a su f\u00f3rmula de avanzada, forma una pel\u00edcula protectora donde es aplicada. Evita que las superficies de goma, pl\u00e1stico y vinilo comiencen a opacarse, resquebrajarse o endurecerse por la acci\u00f3n de los rayos UV del sol u otros agentes clim\u00e1ticos. Repele el agua y evita la acumulaci\u00f3n de polvo. Se evapora casi instant\u00e1neamente actuando en forma r\u00e1pida. Posee gran cantidad de aceite de siliconas que reduce la fricci\u00f3n por lo que tambi\u00e9n puede ser utilizado como lubricante en piezas de metal, pl\u00e1stico y goma.<\/p>\n<p>Usos:<\/p>\n<div class=\"util\">Dise\u00f1ado para superficies met\u00e1licas pintadas o con tratamientos de superficie (cromado, zincado, etc.), laminados pl\u00e1sticos, poliuretano, cromados, fibra de carbono y otros materiales polim\u00e9ricos. \u00daselo en revestimientos, tableros, asientos de cuero, paneles, elementos de goma, etc. Tambi\u00e9n para neum\u00e1ticos y paragolpes pl\u00e1sticos. Apto para bicicletas y autos. En el hogar: para cueros, telas vin\u00edlicas, cauchos, muebles laminados, pl\u00e1sticos, calzados de cuero, valijas y carteras.<\/div>\n<div><\/div>\n<div class=\"util\">Modos de uso:<\/div>\n<div class=\"util\">AGITE BIEN ANTES DE USAR. Roc\u00ede a unos 20 cm de distancia sobre las superficies limpias, deje orear unos segundos y distribuya el producto con un pa\u00f1o suave y seco. Frote hasta obtener el brillo deseado y lograr un lustre parejo. Para evitar la pulverizaci\u00f3n, puede aplicar el producto directamente en el pa\u00f1o.<\/div>\n<div><\/div>\n<div class=\"util\">Precauciones:<\/div>\n<p>MANTENGA LEJOS DEL ALCANCE DE LOS NI\u00d1OS. Trabaje siempre en condiciones bien ventiladas. Desconecte los enseres y herramientas el\u00e9ctricas antes de aplicar. No perfore el envase vac\u00edo. No pulverice cerca de llama, mant\u00e9ngalo lejos del fuego y de superficies calientes. No arroje el envase al fuego o al incinerador. Prohibido su rellenado. No exponer a temperatura mayor a 50\u00ba C. Peligro!! Inflamable. Contiene hidrocarburos. No comer, beber ni fumar mientras manipula estos productos. No lo utilice sobre sustratos decorativos en los que pueden verse afectados los revestimientos. No aplique sobre pl\u00e1sticos y gomas blandas sin antes averiguar si son aptos para su uso. Luego de usarlo, asegure el buen cierre del envase. Almacenar en lugar fresco, bien ventilado, al resguardo de las inclemencias clim\u00e1ticas y del sol. En caso de contacto con los ojos o la piel, lave inmediatamente con abundante agua. No inhale. \u00a1CUIDADO! Peligrosa su ingesti\u00f3n. En tal caso, no provoque el v\u00f3mito y consulte inmediatamente al Centro de Intoxicaciones o a su m\u00e9dico, llevando el envase o r\u00f3tulo del producto. Disponga los envases vac\u00edos de acuerdo a la normativa local vigente. Centro Nacional de Intoxicaciones 0800-333-0160.<\/p>\n","protected":false},"excerpt":{"rendered":"<p class=\"bold\">Otorga un acabado brillante y una protecci\u00f3n extra. Evita que la superficie tratada se opaque o resquebraje. Es f\u00e1cil de usar.<\/p>\n<p class=\"bold\">Soluci\u00f3n a base de siliconas perfumadas ideal para realzar el brillo de superficies no porosas de motos y dem\u00e1s veh\u00edculos. Desarrollada especialmente para proteger, embellecer, perfumar y mejorar el aspecto de las superficies tratadas.<\/p>\n","protected":false},"featured_media":5660,"template":"","meta":{"_joinchat":[]},"product_cat":[1047],"product_tag":[1069],"class_list":{"0":"post-5659","1":"product","2":"type-product","3":"status-publish","4":"has-post-thumbnail","6":"product_cat-moto","7":"product_tag-silicona-para-plasticos","9":"first","10":"instock","11":"product-type-simple"},"_links":{"self":[{"href":"https:\/\/lidertecsa.com.ar\/catalogo\/wp-json\/wp\/v2\/product\/5659"}],"collection":[{"href":"https:\/\/lidertecsa.com.ar\/catalogo\/wp-json\/wp\/v2\/product"}],"about":[{"href":"https:\/\/lidertecsa.com.ar\/catalogo\/wp-json\/wp\/v2\/types\/product"}],"wp:featuredmedia":[{"embeddable":true,"href":"https:\/\/lidertecsa.com.ar\/catalogo\/wp-json\/wp\/v2\/media\/5660"}],"wp:attachment":[{"href":"https:\/\/lidertecsa.com.ar\/catalogo\/wp-json\/wp\/v2\/media?parent=5659"}],"wp:term":[{"taxonomy":"product_cat","embeddable":true,"href":"https:\/\/lidertecsa.com.ar\/catalogo\/wp-json\/wp\/v2\/product_cat?post=5659"},{"taxonomy":"product_tag","embeddable":true,"href":"https:\/\/lidertecsa.com.ar\/catalogo\/wp-json\/wp\/v2\/product_tag?post=5659"}],"curies":[{"name":"wp","href":"https:\/\/api.w.org\/{rel}","templated":true}]}}