{"id":5643,"date":"2023-12-20T09:54:40","date_gmt":"2023-12-20T12:54:40","guid":{"rendered":"https:\/\/lidertecsa.com.ar\/catalogo\/?post_type=product&#038;p=5643"},"modified":"2024-12-13T16:37:39","modified_gmt":"2024-12-13T19:37:39","slug":"lubricante-para-cadenas-para-uso-en-terreno-humedo-2","status":"publish","type":"product","link":"https:\/\/lidertecsa.com.ar\/catalogo\/producto\/lubricante-para-cadenas-para-uso-en-terreno-humedo-2\/","title":{"rendered":"LUBRICANTE PARA CADENAS PARA USO EN TERRENO H\u00daMEDO"},"content":{"rendered":"<p>Especialmente formulado para condiciones extremas, h\u00famedas o con barro. Ecol\u00f3gico y Biodegradable. \u00danico con Bio-T\u00ae.<\/p>\n<p>Lubricante ecol\u00f3gico con Bio-T\u00ae que proporciona lubricidad \u00f3ptima y excelente protecci\u00f3n contra la corrosi\u00f3n.<\/p>\n<p>Presentaci\u00f3n:<br \/>\nBid\u00f3n de 5 L<\/p>\n<p>Ventajas y beneficios<br \/>\nPenetra en forma r\u00e1pida y profunda, mejorando el pasaje de los cambios y el funcionamiento de todo el sistema. Repele fuertemente la humedad, extendiendo la vida \u00fatil de la cadena. Es ideal para bicicletas que transitan por lugares mojados o embarrados.<\/p>\n<p>Usos:<br \/>\nCadenas de bicicletas, triciclos y toda cadena de veh\u00edculo con tracci\u00f3n a sangre.<\/p>\n<p>Modos de uso:<br \/>\n1) Eliminar la suciedad y grasitud de la cadena y dem\u00e1s mecanismos de transmisi\u00f3n.<br \/>\n2) Secar y eliminar el excedente con un trapo.<br \/>\n3) Aplicar Penetrit Bike\u00ae Lubricante para Cadenas cuidando que todos los eslabones queden lubricados.<br \/>\n4) Accionar la cadena para facilitar la penetraci\u00f3n del lubricante y eliminar el excedente con un trapo limpio y seco.<\/p>\n<p>Precauciones:<br \/>\nMantener fuera del alcance de los ni\u00f1os. En caso de contacto con los ojos o la piel, lave inmediatamente con abundante agua. En caso de ingesti\u00f3n, no provoque el v\u00f3mito y consulte inmediatamente al m\u00e9dico, llevando el r\u00f3tulo del producto. Centro Nacional de Intoxicaciones 0800-333-0160. Disponer los envases vac\u00edos de acuerdo a la normativa local vigente.<\/p>\n","protected":false},"excerpt":{"rendered":"<p>Especialmente formulado para condiciones extremas, h\u00famedas o con barro. Ecol\u00f3gico y Biodegradable. \u00danico con Bio-T\u00ae.<\/p>\n<p>Lubricante ecol\u00f3gico con Bio-T\u00ae que proporciona lubricidad \u00f3ptima y excelente protecci\u00f3n contra la corrosi\u00f3n.<\/p>\n","protected":false},"featured_media":5644,"template":"","meta":{"_joinchat":[]},"product_cat":[1046],"product_tag":[142],"class_list":{"0":"post-5643","1":"product","2":"type-product","3":"status-publish","4":"has-post-thumbnail","6":"product_cat-bike","7":"product_tag-lubricante-para-cadenas","9":"first","10":"instock","11":"product-type-simple"},"_links":{"self":[{"href":"https:\/\/lidertecsa.com.ar\/catalogo\/wp-json\/wp\/v2\/product\/5643"}],"collection":[{"href":"https:\/\/lidertecsa.com.ar\/catalogo\/wp-json\/wp\/v2\/product"}],"about":[{"href":"https:\/\/lidertecsa.com.ar\/catalogo\/wp-json\/wp\/v2\/types\/product"}],"wp:featuredmedia":[{"embeddable":true,"href":"https:\/\/lidertecsa.com.ar\/catalogo\/wp-json\/wp\/v2\/media\/5644"}],"wp:attachment":[{"href":"https:\/\/lidertecsa.com.ar\/catalogo\/wp-json\/wp\/v2\/media?parent=5643"}],"wp:term":[{"taxonomy":"product_cat","embeddable":true,"href":"https:\/\/lidertecsa.com.ar\/catalogo\/wp-json\/wp\/v2\/product_cat?post=5643"},{"taxonomy":"product_tag","embeddable":true,"href":"https:\/\/lidertecsa.com.ar\/catalogo\/wp-json\/wp\/v2\/product_tag?post=5643"}],"curies":[{"name":"wp","href":"https:\/\/api.w.org\/{rel}","templated":true}]}}