{"id":5635,"date":"2023-12-20T09:42:48","date_gmt":"2023-12-20T12:42:48","guid":{"rendered":"https:\/\/lidertecsa.com.ar\/catalogo\/?post_type=product&#038;p=5635"},"modified":"2024-12-13T16:37:38","modified_gmt":"2024-12-13T19:37:38","slug":"cepillo-de-cerdas-duras","status":"publish","type":"product","link":"https:\/\/lidertecsa.com.ar\/catalogo\/producto\/cepillo-de-cerdas-duras\/","title":{"rendered":"CEPILLO DE CERDAS DURAS"},"content":{"rendered":"<p class=\"bold\">La rigidez justa para ayudar en la correcta remoci\u00f3n de la suciedad.<\/p>\n<p class=\"bold\">Cepillo desarrollado con cerdas duras especiales para remover la suciedad del sistema de transmisi\u00f3n: cadena, platos, pi\u00f1ones, cambios, etc. El cepillo, adem\u00e1s, posee una punta m\u00e1s fina para remover la suciedad localizada entre los eslabones de la cadena o en partes de dif\u00edcil acceso.<\/p>\n<p class=\"bold\">Presentaci\u00f3n:<\/p>\n<p>Bolsa con 1 un.<\/p>\n<p>Usos:<\/p>\n<div class=\"util\">En el sistema de transmisi\u00f3n de la bicicleta.<\/div>\n<div><\/div>\n<div class=\"util\">Modos de uso:<\/div>\n<div class=\"util\">Utilizar el cepillo refregando hasta remover toda la suciedad. Ideal para utilizar en conjunto con el Desengrasante de Alto Poder Penetrit Bike. En caso se suciedades muy adheridas, repetir la operaci\u00f3n.<\/div>\n","protected":false},"excerpt":{"rendered":"<p class=\"bold\">La rigidez justa para ayudar en la correcta remoci\u00f3n de la suciedad.<\/p>\n<p class=\"bold\">Cepillo desarrollado con cerdas duras especiales para remover la suciedad del sistema de transmisi\u00f3n: cadena, platos, pi\u00f1ones, cambios, etc. El cepillo, adem\u00e1s, posee una punta m\u00e1s fina para remover la suciedad localizada entre los eslabones de la cadena o en partes de dif\u00edcil acceso.<\/p>\n","protected":false},"featured_media":5636,"template":"","meta":{"_joinchat":[]},"product_cat":[1046],"product_tag":[1065],"class_list":{"0":"post-5635","1":"product","2":"type-product","3":"status-publish","4":"has-post-thumbnail","6":"product_cat-bike","7":"product_tag-cepillo","9":"first","10":"instock","11":"product-type-simple"},"_links":{"self":[{"href":"https:\/\/lidertecsa.com.ar\/catalogo\/wp-json\/wp\/v2\/product\/5635"}],"collection":[{"href":"https:\/\/lidertecsa.com.ar\/catalogo\/wp-json\/wp\/v2\/product"}],"about":[{"href":"https:\/\/lidertecsa.com.ar\/catalogo\/wp-json\/wp\/v2\/types\/product"}],"wp:featuredmedia":[{"embeddable":true,"href":"https:\/\/lidertecsa.com.ar\/catalogo\/wp-json\/wp\/v2\/media\/5636"}],"wp:attachment":[{"href":"https:\/\/lidertecsa.com.ar\/catalogo\/wp-json\/wp\/v2\/media?parent=5635"}],"wp:term":[{"taxonomy":"product_cat","embeddable":true,"href":"https:\/\/lidertecsa.com.ar\/catalogo\/wp-json\/wp\/v2\/product_cat?post=5635"},{"taxonomy":"product_tag","embeddable":true,"href":"https:\/\/lidertecsa.com.ar\/catalogo\/wp-json\/wp\/v2\/product_tag?post=5635"}],"curies":[{"name":"wp","href":"https:\/\/api.w.org\/{rel}","templated":true}]}}