{"id":5631,"date":"2023-12-20T09:37:42","date_gmt":"2023-12-20T12:37:42","guid":{"rendered":"https:\/\/lidertecsa.com.ar\/catalogo\/?post_type=product&#038;p=5631"},"modified":"2024-12-13T16:37:38","modified_gmt":"2024-12-13T19:37:38","slug":"solucion-espuma-limpiadora-recarga","status":"publish","type":"product","link":"https:\/\/lidertecsa.com.ar\/catalogo\/producto\/solucion-espuma-limpiadora-recarga\/","title":{"rendered":"SOLUCION ESPUMA LIMPIADORA (Recarga)"},"content":{"rendered":"<p class=\"bold\">Ecol\u00f3gico y Biodegradable. F\u00f3rmula Exclusiva con Surf-D\u00ae.<\/p>\n<p class=\"bold\">Producto ecol\u00f3gico a base de part\u00edculas limpiadoras que remueven la suciedad m\u00e1s rebelde dej\u00e1ndo la bicicleta hermosa y brillante.<\/p>\n<p class=\"bold\">Presentaci\u00f3n:<\/p>\n<p>Botella 500cm3 con Gatillo<\/p>\n<p>Ventajas y beneficios<\/p>\n<p>Su exclusiva f\u00f3rmula con Surf-D\u00ae es altamente efectiva para limpiar, aflojar y remover barro, lodo, tierra, polvo y dem\u00e1s suciedades rebeldes. No deja residuos grasosos ni afecta el accionar de los frenos. Es apto para la limpieza de superficies tales como fibra de carbono, titanio, aluminio, acero, cromo o pl\u00e1stico.<\/p>\n<p>Usos:<\/p>\n<div class=\"util\">Todo tipo de bicicletas, triciclos y veh\u00edculos con tracci\u00f3n a sangre.<\/div>\n<div><\/div>\n<div class=\"util\">Modos de uso:<\/div>\n<div class=\"util\">1) Colocar la bicicleta de forma que permanezca firme y recta. 2) Quitar la suciedad gruesa por medio de chorro de agua. 3) Aplicar Penetrit Bike\u00ae Espuma Limpiadora rociando el producto sobre toda la bicicleta en forma abundante. 4) Dejar actuar unos segundos y refregar todas las superficies con una esponja o un cepillo de cerdas suaves. Si a\u00fan quedara suciedad sin remover, repetir los pasos 3 y 4. 5) Enjuagar cuidadosamente con agua limpia. 6) Secar utilizando un trapo seco que no deje pelusa para todas las superficies limpias (cuadro, asiento, manubrio, etc) y otro trapo para la cadena, ruedas y frenos. 7) Lubricar las partes m\u00f3viles (cadena, sistema de cambio de marchas, etc.) y lustrar el resto (cuadro, manubrio, asiento, etc) con productos Penetrit\u00ae o Penetrit Bike\u00ae seg\u00fan corresponda, para un acabado perfecto.<\/div>\n<div><\/div>\n<div class=\"util\">Precauciones:<\/div>\n<p>Mantener fuera del alcance de los ni\u00f1os. En caso de contacto con los ojos o la piel, lave inmediatamente con abundante agua. En caso de ingesti\u00f3n, no provoque el v\u00f3mito y consulte inmediatamente al Centro de Intoxicaciones o a su m\u00e9dico, llevando el envase o r\u00f3tulo del producto. Disponer los envases vac\u00edos de acuerdo a la normativa local vigente. Centro Nacional de Intoxicaciones 0800-333-0160.<\/p>\n","protected":false},"excerpt":{"rendered":"<p class=\"bold\">Ecol\u00f3gico y Biodegradable. F\u00f3rmula Exclusiva con Surf-D\u00ae.<\/p>\n<p class=\"bold\">Producto ecol\u00f3gico a base de part\u00edculas limpiadoras que remueven la suciedad m\u00e1s rebelde dej\u00e1ndo la bicicleta hermosa y brillante.<\/p>\n","protected":false},"featured_media":5632,"template":"","meta":{"_joinchat":[]},"product_cat":[1046],"product_tag":[1063],"class_list":{"0":"post-5631","1":"product","2":"type-product","3":"status-publish","4":"has-post-thumbnail","6":"product_cat-bike","7":"product_tag-espuma-limpiadora","9":"first","10":"instock","11":"product-type-simple"},"_links":{"self":[{"href":"https:\/\/lidertecsa.com.ar\/catalogo\/wp-json\/wp\/v2\/product\/5631"}],"collection":[{"href":"https:\/\/lidertecsa.com.ar\/catalogo\/wp-json\/wp\/v2\/product"}],"about":[{"href":"https:\/\/lidertecsa.com.ar\/catalogo\/wp-json\/wp\/v2\/types\/product"}],"wp:featuredmedia":[{"embeddable":true,"href":"https:\/\/lidertecsa.com.ar\/catalogo\/wp-json\/wp\/v2\/media\/5632"}],"wp:attachment":[{"href":"https:\/\/lidertecsa.com.ar\/catalogo\/wp-json\/wp\/v2\/media?parent=5631"}],"wp:term":[{"taxonomy":"product_cat","embeddable":true,"href":"https:\/\/lidertecsa.com.ar\/catalogo\/wp-json\/wp\/v2\/product_cat?post=5631"},{"taxonomy":"product_tag","embeddable":true,"href":"https:\/\/lidertecsa.com.ar\/catalogo\/wp-json\/wp\/v2\/product_tag?post=5631"}],"curies":[{"name":"wp","href":"https:\/\/api.w.org\/{rel}","templated":true}]}}