{"id":5623,"date":"2023-12-20T09:25:36","date_gmt":"2023-12-20T12:25:36","guid":{"rendered":"https:\/\/lidertecsa.com.ar\/catalogo\/?post_type=product&#038;p=5623"},"modified":"2024-12-13T16:37:37","modified_gmt":"2024-12-13T19:37:37","slug":"desengrasante-de-alto-poder","status":"publish","type":"product","link":"https:\/\/lidertecsa.com.ar\/catalogo\/producto\/desengrasante-de-alto-poder\/","title":{"rendered":"DESENGRASANTE DE ALTO PODER"},"content":{"rendered":"<p class=\"bold\">NUEVO FORMATO EN AEROSOL. Ecol\u00f3gico y Biodegradable. Contiene Orange-T\u00ae.<\/p>\n<p class=\"bold\">Limpiador desengrasante ecol\u00f3gico altamente efectivo, dise\u00f1ado para disolver y remover de forma segura el aceite o la grasa acumulada en el cuadro y en todos los componentes del sistema de transmisi\u00f3n. Gracias a su viscosidad y a su exclusiva f\u00f3rmula con Orange-T\u00ae, se adhiere a las superficies para una limpieza sumamente efectiva. Penetra en los huecos m\u00e1s peque\u00f1os, seca sin dejar residuos y no corroe la superficie tratada. Es apta para desengrasar superficies tales como fibra de carbono, titanio, aluminio, acero, cromo, goma o pl\u00e1stico.<\/p>\n<p class=\"bold\">Presentaci\u00f3n:<\/p>\n<p>Aerosol 250g\/360cm3<\/p>\n<p>Ventajas y beneficios<\/p>\n<p>Gracias a su viscosidad y a su exclusiva f\u00f3rmula con Orange-T\u00ae, se adhiere a las superficies para una limpieza sumamente efectiva. Penetra en los huecos m\u00e1s peque\u00f1os, seca sin dejar residuos y no corroe la superficie tratada. Es apta para desengrasar superficies tales como fibra de carbono, titanio, aluminio, acero, cromo, goma o pl\u00e1stico.<\/p>\n<p>Usos:<\/p>\n<div class=\"util\">Todo tipo de bicicletas, triciclos y veh\u00edculos con tracci\u00f3n a sangre.<\/div>\n<div><\/div>\n<div class=\"util\">Modos de uso:<\/div>\n<div class=\"util\">1) Colocar la bicicleta de forma que la cadena sea accesible f\u00e1cilmente (soporte elevado o coloc\u00e1ndola invertida sobre el piso). 2) Eliminar la suciedad gruesa de la cadena, plato, pi\u00f1ones y sistema de cambios. 3) Aplicar Desengrasante de Alto Poder Penetrit Bike\u00ae en toda la cadena, pi\u00f1ones, platos y sistema de marchas, y dejar actuar unos minutos. 4) Aplicar un cepillo o pincel suave sobre la cadena mientras se le da impulso con la pedalera, de modo tal de que el cepillo penetre en cada eslab\u00f3n. Repetir este procedimiento con los pi\u00f1ones y los platos. Si la cantidad de suciedad o grasa fuera importante, se recomienda repetir la aplicaci\u00f3n. 5) Mientras se aplica movimiento a la cadena, limpiar entre cada pi\u00f1\u00f3n para eliminar la grasa que ah\u00ed se deposita. Se recomienda realizar este procedimiento con la ayuda de una punta pl\u00e1stica, para no da\u00f1ar los mecanismos. 6) Si fuera necesario, realizar una nueva aplicaci\u00f3n del producto para barrer la suciedad remanente. 7) Eliminar todo el producto sobrante absorbi\u00e9ndolo con un trapo seco y limpio, mientras se aplica movimiento a la cadena y dem\u00e1s sistemas con el pedal. 8) Dejar orear unos minutos y lubricar.<\/div>\n<div><\/div>\n<div class=\"util\">Precauciones:<\/div>\n<div class=\"util\">MANTENGA LEJOS DEL ALCANCE DE LOS NI\u00d1OS. Trabaje siempre en condiciones bien ventiladas, teniendo cuidado de evitar la inhalaci\u00f3n de vapores. Desconecte los enseres y herramientas el\u00e9ctricas antes de aplicar. No perfore el envase vac\u00edo. No pulverice cerca de llama, mant\u00e9ngalo lejos del fuego y de superficies calientes. No arroje el envase al fuego o al incinerador. Prohibido su rellenado. No exponer a temperatura mayor a 50\u00ba C. Peligro!! Inflamable. Contiene hidrocarburos. No comer, beber ni fumar mientras manipula estos productos. No lo utilice sobre sustratos decorativos en los que pueden verse afectados los revestimientos. No aplique sobre pl\u00e1sticos y gomas blandas sin antes averiguar si son aptos para su uso. Luego de usarlo, asegure el buen cierre del envase. Almacenar en lugar fresco, bien ventilado, al resguardo de las inclemencias clim\u00e1ticas y del sol. En caso de contacto con los ojos o la piel, lave inmediatamente con abundante agua. No inhale. \u00a1CUIDADO! Peligrosa su ingesti\u00f3n. En tal caso, no provoque el v\u00f3mito y consulte inmediatamente al Centro de Intoxicaciones o a su m\u00e9dico, llevando el envase o r\u00f3tulo del producto. Disponga los envases vac\u00edos de acuerdo a la normativa local vigente. Centro Nacional de Intoxicaciones 0800-333-0160.<\/div>\n<p>Composici\u00f3n:<\/p>\n<p>Alcoholes, mezcla de terpenos, terpenoides de origen vegetal y gas propelente.<\/p>\n","protected":false},"excerpt":{"rendered":"<p>&nbsp;<\/p>\n<p>&nbsp;<\/p>\n<p class=\"bold\">NUEVO FORMATO EN AEROSOL. Ecol\u00f3gico y Biodegradable. Contiene Orange-T\u00ae.<\/p>\n<p class=\"bold\">Limpiador desengrasante ecol\u00f3gico altamente efectivo, dise\u00f1ado para disolver y remover de forma segura el aceite o la grasa acumulada en el cuadro y en todos los componentes del sistema de transmisi\u00f3n. Gracias a su viscosidad y a su exclusiva f\u00f3rmula con Orange-T\u00ae, se adhiere a las superficies para una limpieza sumamente efectiva. Penetra en los huecos m\u00e1s peque\u00f1os, seca sin dejar residuos y no corroe la superficie tratada. Es apta para desengrasar superficies tales como fibra de carbono, titanio, aluminio, acero, cromo, goma o pl\u00e1stico.<\/p>\n","protected":false},"featured_media":5624,"template":"","meta":{"_joinchat":[]},"product_cat":[1046],"product_tag":[1050],"class_list":{"0":"post-5623","1":"product","2":"type-product","3":"status-publish","4":"has-post-thumbnail","6":"product_cat-bike","7":"product_tag-desengrasante","9":"first","10":"instock","11":"product-type-simple"},"_links":{"self":[{"href":"https:\/\/lidertecsa.com.ar\/catalogo\/wp-json\/wp\/v2\/product\/5623"}],"collection":[{"href":"https:\/\/lidertecsa.com.ar\/catalogo\/wp-json\/wp\/v2\/product"}],"about":[{"href":"https:\/\/lidertecsa.com.ar\/catalogo\/wp-json\/wp\/v2\/types\/product"}],"wp:featuredmedia":[{"embeddable":true,"href":"https:\/\/lidertecsa.com.ar\/catalogo\/wp-json\/wp\/v2\/media\/5624"}],"wp:attachment":[{"href":"https:\/\/lidertecsa.com.ar\/catalogo\/wp-json\/wp\/v2\/media?parent=5623"}],"wp:term":[{"taxonomy":"product_cat","embeddable":true,"href":"https:\/\/lidertecsa.com.ar\/catalogo\/wp-json\/wp\/v2\/product_cat?post=5623"},{"taxonomy":"product_tag","embeddable":true,"href":"https:\/\/lidertecsa.com.ar\/catalogo\/wp-json\/wp\/v2\/product_tag?post=5623"}],"curies":[{"name":"wp","href":"https:\/\/api.w.org\/{rel}","templated":true}]}}