{"id":5619,"date":"2023-12-20T09:17:40","date_gmt":"2023-12-20T12:17:40","guid":{"rendered":"https:\/\/lidertecsa.com.ar\/catalogo\/?post_type=product&#038;p=5619"},"modified":"2024-12-13T16:37:36","modified_gmt":"2024-12-13T19:37:36","slug":"quita-cera","status":"publish","type":"product","link":"https:\/\/lidertecsa.com.ar\/catalogo\/producto\/quita-cera\/","title":{"rendered":"QUITA CERA"},"content":{"rendered":"<p class=\"bold\">Hace m\u00e1s f\u00e1cil el proceso de remoci\u00f3n.<\/p>\n<p class=\"bold\">Producto l\u00edquido de f\u00e1cil y r\u00e1pida aplicaci\u00f3n que posibilita la remoci\u00f3n de ceras envejecidas, opacadas o indeseadas en todo tipo de pisos y revestimientos.<\/p>\n<p class=\"bold\">Presentaci\u00f3n:<\/p>\n<p>Botella 1Lt<\/p>\n<p>Ventajas y beneficios<\/p>\n<p>El \u00abQuita Cera Penetrit\u00bb disuelve y elimina las capas de ceras viejas y nuevas, tanto en pisos de interior como de exterior. Posee una evaporaci\u00f3n lenta, lo que posibilita una profunda acci\u00f3n removedora. Deja la superficie limpia, libre de manchas y lista para encerar.<\/p>\n<p>Usos:<\/p>\n<div class=\"util\">Elimina ceras en pisos y revestimientos, ya sean estas nuevas o muy viejas. Tambi\u00e9n puede utilizarse para eliminar grasas, aceites, siliconas, alquitr\u00e1n, adhesivos, brea, etc. en superficies pl\u00e1sticas, met\u00e1licas, de madera, etc.<\/div>\n<div><\/div>\n<div class=\"util\">Modos de uso:<\/div>\n<div class=\"util\">Humedezca el piso con un trapo limpio empapado en \u00abQuita Cera Penetrit\u00bb. Luego de 10 minutos de aplicado, frote con el mismo trapo hasta eliminar la cera. En caso de ceras muy duras, repita el procedimiento, aumentando el tiempo de acci\u00f3n del producto. Elimine los restos de \u00abQuita Cera Penetrit\u00bb con un trapo limpio y seco. Ventile el lugar por un par de horas antes de volver a encerar.<\/div>\n<div><\/div>\n<div class=\"util\">Precauciones:<\/div>\n<p>Mantener el envase cerrado y fuera del alcance de los ni\u00f1os. Producto inflamable de 2\u00ba categor\u00eda. No usar cerca de fuentes de calor o artefactos de llama abierta. En caso de incendio, no usar agua para su extinci\u00f3n; emplear arena, espuma o polvo qu\u00edmico. Usar preferiblemente en ambientes aireados y bien ventilados. En caso de contacto con la piel, lavar con agua y jab\u00f3n. En caso de ingesti\u00f3n, no provocar el v\u00f3mito y procurar ayuda m\u00e9dica inmediata. Su inhalaci\u00f3n puede producir mareos y\/o desvanecimiento, en tal caso llevar a la persona afectada a un \u00e1rea bien ventilada, en lo posible al aire libre, y dejar que repose. De persistir los s\u00edntomas, consultar al m\u00e9dico inmediatamente. Centro Nacional de Intoxicaciones: 0800-333-0160, (011) 4658-7777 \/ 4654-6648. Hospital de Ni\u00f1os: (011) 4962-6666 \/ 4962-2247<\/p>\n","protected":false},"excerpt":{"rendered":"<p class=\"bold\">Hace m\u00e1s f\u00e1cil el proceso de remoci\u00f3n.<\/p>\n<p class=\"bold\">Producto l\u00edquido de f\u00e1cil y r\u00e1pida aplicaci\u00f3n que posibilita la remoci\u00f3n de ceras envejecidas, opacadas o indeseadas en todo tipo de pisos y revestimientos.<\/p>\n","protected":false},"featured_media":5620,"template":"","meta":{"_joinchat":[]},"product_cat":[1045],"product_tag":[1062],"class_list":{"0":"post-5619","1":"product","2":"type-product","3":"status-publish","4":"has-post-thumbnail","6":"product_cat-pisos","7":"product_tag-removedor-de-cera","9":"first","10":"outofstock","11":"product-type-simple"},"_links":{"self":[{"href":"https:\/\/lidertecsa.com.ar\/catalogo\/wp-json\/wp\/v2\/product\/5619"}],"collection":[{"href":"https:\/\/lidertecsa.com.ar\/catalogo\/wp-json\/wp\/v2\/product"}],"about":[{"href":"https:\/\/lidertecsa.com.ar\/catalogo\/wp-json\/wp\/v2\/types\/product"}],"wp:featuredmedia":[{"embeddable":true,"href":"https:\/\/lidertecsa.com.ar\/catalogo\/wp-json\/wp\/v2\/media\/5620"}],"wp:attachment":[{"href":"https:\/\/lidertecsa.com.ar\/catalogo\/wp-json\/wp\/v2\/media?parent=5619"}],"wp:term":[{"taxonomy":"product_cat","embeddable":true,"href":"https:\/\/lidertecsa.com.ar\/catalogo\/wp-json\/wp\/v2\/product_cat?post=5619"},{"taxonomy":"product_tag","embeddable":true,"href":"https:\/\/lidertecsa.com.ar\/catalogo\/wp-json\/wp\/v2\/product_tag?post=5619"}],"curies":[{"name":"wp","href":"https:\/\/api.w.org\/{rel}","templated":true}]}}