{"id":5617,"date":"2023-12-20T09:14:06","date_gmt":"2023-12-20T12:14:06","guid":{"rendered":"https:\/\/lidertecsa.com.ar\/catalogo\/?post_type=product&#038;p=5617"},"modified":"2024-12-13T16:37:36","modified_gmt":"2024-12-13T19:37:36","slug":"liquido-para-lampazo","status":"publish","type":"product","link":"https:\/\/lidertecsa.com.ar\/catalogo\/producto\/liquido-para-lampazo\/","title":{"rendered":"LIQUIDO PARA LAMPAZO"},"content":{"rendered":"<p class=\"bold\">Pisos limpios y brillantes en un solo paso.<\/p>\n<p>&nbsp;<\/p>\n<p class=\"bold\">Producto l\u00edquido agradablemente perfumado, dise\u00f1ado especialmente para aplicar con lampazo en pisos cer\u00e1micos, veredas, baldosas, mosaicos, granito, etc.<\/p>\n<p class=\"bold\">Presentaci\u00f3n:<\/p>\n<p>Botella 1Lt<\/p>\n<p>Ventajas y beneficios<\/p>\n<p>El \u00abL\u00edquido para Lampazo Penetrit\u00bb viene listo para usar. Deja sus pisos limpios, brillantes y con un agradable aroma por m\u00e1s tiempo. Atrapa la suciedad, dejando los pisos libres de polvo. Disuelve y elimina sin esfuerzos los restos de grasas, aceites y ceras, de pisos y revestimientos, tanto de interior como de exterior.<\/p>\n<p>Usos:<\/p>\n<p>Limpieza de pisos y revestimientos. Se emplea para limpiar y eliminar suciedades y manchas de grasas y\/o aceitosas en cualquier tipo de piso.<\/p>\n<div><\/div>\n<div class=\"util\">Modos de uso:<\/div>\n<div class=\"util\">Humedezca el piso con un lampazo limpio empapado en \u00abL\u00edquido para Lampazo Penetrit\u00bb. Trapee la superficie con el mismo hasta eliminar la suciedad. En caso de suciedad resistente, repita el procedimiento. Elimine los restos con un trapo seco y limpio, o bien, deje orear por un par de horas.<\/div>\n<div><\/div>\n<div class=\"util\">Precauciones:<\/div>\n<p>Mantener el envase cerrado y fuera del alcance de los ni\u00f1os. Producto inflamable de 2\u00ba categor\u00eda. No usar cerca de fuentes de calor o artefactos de llama abierta. En caso de incendio, no usar agua para su extinci\u00f3n; emplear arena, espuma o polvo qu\u00edmico. Usar preferiblemente en ambientes aireados y bien ventilados. En caso de contacto con la piel, lavar con agua y jab\u00f3n. En caso de ingesti\u00f3n, no provocar el v\u00f3mito y procurar ayuda m\u00e9dica inmediata. Su inhalaci\u00f3n puede producir mareos y\/o desvanecimiento, en tal caso llevar a la persona afectada a un \u00e1rea bien ventilada, en lo posible al aire libre, y dejar que repose. De persistir los s\u00edntomas, consultar al m\u00e9dico inmediatamente. Centro Nacional de Intoxicaciones: 0800-333-0160, (011) 4658-7777 \/ 4654-6648. Hospital de Ni\u00f1os: (011) 4962-6666 \/ 4962-2247<\/p>\n","protected":false},"excerpt":{"rendered":"<p class=\"bold\">El producto que todo piso poroso necesita.<\/p>\n<p class=\"bold\">Producto l\u00edquido de f\u00e1cil y r\u00e1pida aplicaci\u00f3n que posibilita su uso en cualquier tipo de material poroso o cer\u00e1mico no esmaltado.<\/p>\n","protected":false},"featured_media":5618,"template":"","meta":{"_joinchat":[]},"product_cat":[1045],"product_tag":[1061],"class_list":{"0":"post-5617","1":"product","2":"type-product","3":"status-publish","4":"has-post-thumbnail","6":"product_cat-pisos","7":"product_tag-liquido-para-lamazo","9":"first","10":"instock","11":"product-type-simple"},"_links":{"self":[{"href":"https:\/\/lidertecsa.com.ar\/catalogo\/wp-json\/wp\/v2\/product\/5617"}],"collection":[{"href":"https:\/\/lidertecsa.com.ar\/catalogo\/wp-json\/wp\/v2\/product"}],"about":[{"href":"https:\/\/lidertecsa.com.ar\/catalogo\/wp-json\/wp\/v2\/types\/product"}],"wp:featuredmedia":[{"embeddable":true,"href":"https:\/\/lidertecsa.com.ar\/catalogo\/wp-json\/wp\/v2\/media\/5618"}],"wp:attachment":[{"href":"https:\/\/lidertecsa.com.ar\/catalogo\/wp-json\/wp\/v2\/media?parent=5617"}],"wp:term":[{"taxonomy":"product_cat","embeddable":true,"href":"https:\/\/lidertecsa.com.ar\/catalogo\/wp-json\/wp\/v2\/product_cat?post=5617"},{"taxonomy":"product_tag","embeddable":true,"href":"https:\/\/lidertecsa.com.ar\/catalogo\/wp-json\/wp\/v2\/product_tag?post=5617"}],"curies":[{"name":"wp","href":"https:\/\/api.w.org\/{rel}","templated":true}]}}