{"id":5614,"date":"2023-12-20T09:11:03","date_gmt":"2023-12-20T12:11:03","guid":{"rendered":"https:\/\/lidertecsa.com.ar\/catalogo\/?post_type=product&#038;p=5614"},"modified":"2024-12-13T16:37:36","modified_gmt":"2024-12-13T19:37:36","slug":"curador-para-pisos-rojos","status":"publish","type":"product","link":"https:\/\/lidertecsa.com.ar\/catalogo\/producto\/curador-para-pisos-rojos\/","title":{"rendered":"CURADOR PARA PISOS ROJOS"},"content":{"rendered":"<p class=\"bold\">El producto que todo piso poroso necesita.<\/p>\n<p class=\"bold\">Producto l\u00edquido de f\u00e1cil y r\u00e1pida aplicaci\u00f3n que posibilita su uso en cualquier tipo de material poroso o cer\u00e1mico no esmaltado.<\/p>\n<p class=\"bold\">Presentaci\u00f3n:<\/p>\n<p>Botella 1Lt<\/p>\n<p>Ventajas y beneficios<\/p>\n<p>El Curador Penetrit viene listo para usar, protege los pisos y revestimientos, tanto de interior como de exterior, evitando la formaci\u00f3n de manchas blancas y verd\u00edn. Se presenta en una variada gama de colores.<\/p>\n<p>Usos:<\/p>\n<div class=\"util\">Cura, resalta, impermeabiliza y da color a pisos cer\u00e1micos, lajas, mosaicos, baldosas, ladrillos a la vista o cualquier material poroso no esmaltados. Resalta y uniforma el color disimulando las imperfecciones. RENDIMIENTO: 1 L rinde 10m2 como promedio, dependiendo de la absorci\u00f3n del revestimiento.<\/div>\n<div><\/div>\n<div class=\"util\">Modos de uso:<\/div>\n<div class=\"util\">Agite bien el envase para homogeneizar el curador. Extienda una pel\u00edcula pareja de Curador Penetrit sobre el piso bien limpio. Para un mejor resultado repita la operaci\u00f3n dejando secar entre pasadas.<\/div>\n<div><\/div>\n<div class=\"util\">Precauciones:<\/div>\n<p>MANTENER LEJOS DEL ALCANCE DE LOS NI\u00d1OS. Evite el contacto prolongado. En caso de contacto con piel o los ojos, lave inmediatamente con abundante agua. En caso de ingesti\u00f3n no provoque el v\u00f3mito y consulte inmediatamente al Centro Nacional de Intoxicaciones 0800-333-0160 o al M\u00e9dico llevando el envase o r\u00f3tulo del producto. Luego de su uso asegure el buen cierre del envase. Guardar en lugar fresco, al resguardo de los rayos solares y bien ventilado.<\/p>\n","protected":false},"excerpt":{"rendered":"<p class=\"bold\">El producto que todo piso poroso necesita.<\/p>\n<p class=\"bold\">Producto l\u00edquido de f\u00e1cil y r\u00e1pida aplicaci\u00f3n que posibilita su uso en cualquier tipo de material poroso o cer\u00e1mico no esmaltado.<\/p>\n","protected":false},"featured_media":5615,"template":"","meta":{"_joinchat":[]},"product_cat":[1045],"product_tag":[1060],"class_list":{"0":"post-5614","1":"product","2":"type-product","3":"status-publish","4":"has-post-thumbnail","6":"product_cat-pisos","7":"product_tag-curador-para-pisos","9":"first","10":"instock","11":"product-type-simple"},"_links":{"self":[{"href":"https:\/\/lidertecsa.com.ar\/catalogo\/wp-json\/wp\/v2\/product\/5614"}],"collection":[{"href":"https:\/\/lidertecsa.com.ar\/catalogo\/wp-json\/wp\/v2\/product"}],"about":[{"href":"https:\/\/lidertecsa.com.ar\/catalogo\/wp-json\/wp\/v2\/types\/product"}],"wp:featuredmedia":[{"embeddable":true,"href":"https:\/\/lidertecsa.com.ar\/catalogo\/wp-json\/wp\/v2\/media\/5615"}],"wp:attachment":[{"href":"https:\/\/lidertecsa.com.ar\/catalogo\/wp-json\/wp\/v2\/media?parent=5614"}],"wp:term":[{"taxonomy":"product_cat","embeddable":true,"href":"https:\/\/lidertecsa.com.ar\/catalogo\/wp-json\/wp\/v2\/product_cat?post=5614"},{"taxonomy":"product_tag","embeddable":true,"href":"https:\/\/lidertecsa.com.ar\/catalogo\/wp-json\/wp\/v2\/product_tag?post=5614"}],"curies":[{"name":"wp","href":"https:\/\/api.w.org\/{rel}","templated":true}]}}