{"id":5610,"date":"2023-12-19T12:52:41","date_gmt":"2023-12-19T15:52:41","guid":{"rendered":"https:\/\/lidertecsa.com.ar\/catalogo\/?post_type=product&#038;p=5610"},"modified":"2024-12-13T16:37:35","modified_gmt":"2024-12-13T19:37:35","slug":"lubricante-para-armas","status":"publish","type":"product","link":"https:\/\/lidertecsa.com.ar\/catalogo\/producto\/lubricante-para-armas\/","title":{"rendered":"LUBRICANTE PARA ARMAS"},"content":{"rendered":"<p>Otorga mayor velocidad de disparo. Protege el arma como ninguno.<\/p>\n<p>Lubricante formulado con aceites refinados y aditivos espec\u00edficos desarrollado para mejorar el mantenimiento y limpieza de las armas de fuego, protegi\u00e9ndolas contra la corrosi\u00f3n, la oxidaci\u00f3n y la humedad.<\/p>\n<p>Presentaci\u00f3n:<br \/>\nAerosol 163g\/200cm3<\/p>\n<p>Ventajas y beneficios<br \/>\nAumenta la velocidad de salida del proyectil. Posee propiedades anti fricci\u00f3n, anti abrasi\u00f3n, anti adherente de polvo y esquirlas, anti humedad, anti corrosivo, anti congelante (soporta -20\u00b0C), anti desgaste y anti dieseling. Alto poder de penetraci\u00f3n potenciado por aditivos que mejoran el contacto aceite metal y brindan mayor lubricaci\u00f3n a las partes m\u00f3viles. Asegura el buen funcionamiento de los mecanismos, a\u00fan luego de per\u00edodos prolongados fuera de uso. Contiene hidro repelentes y dispersantes que favorecen sustancialmente la protecci\u00f3n de los metales en condiciones severas de uso, facilitando a su vez la posterior limpieza. Queda lista para su empleo, sin necesidad de una limpieza previa.<\/p>\n<p>Usos:<br \/>\nSe aplica para la limpieza, lubricaci\u00f3n, protecci\u00f3n, deshumectaci\u00f3n de armas de fuego. Almacenamiento y mantenimiento peri\u00f3dico. Protecci\u00f3n del armamento contra la corrosi\u00f3n y humedad.<\/p>\n<p>Modos de uso:<br \/>\nAGITE BIEN ANTES DE USAR. Luego de utilizar el arma, aplique el producto y deje actuar varios minutos, limpiando con un trapo los excesos.<\/p>\n<p>Precauciones:<br \/>\nMANTENER LEJOS DEL ALCANCE DE LOS NI\u00d1OS. Desconecte los enseres y herramientas el\u00e9ctricas antes de aplicar. No perforar el envase, No pulverizar cerca de llama. No arrojar al incinerador. Prohibido su rellenado. No exponer a temperatura mayor a 50\u00ba C. Peligro!! Inflamable. Contiene hidrocarburos. Mantener lejos del fuego y de superficies calientes. No comer, beber ni fumar mientras manipula estos productos. Usar en ambientes ventilados. No inhalar. Luego de su uso asegure el buen cierre del envase. En contacto con los ojos lavar con abundante agua. En caso de ingesti\u00f3n accidental beber agua. Consultar a un Centro Asistencial o Toxicol\u00f3gico llevando el envase o r\u00f3tulo. Centro Nacional de Intoxicaciones: 0800-333-0160.<\/p>\n","protected":false},"excerpt":{"rendered":"<p>Otorga mayor velocidad de disparo. Protege el arma como ninguno.<\/p>\n<p>Lubricante formulado con aceites refinados y aditivos espec\u00edficos desarrollado para mejorar el mantenimiento y limpieza de las armas de fuego, protegi\u00e9ndolas contra la corrosi\u00f3n, la oxidaci\u00f3n y la humedad.<\/p>\n","protected":false},"featured_media":5611,"template":"","meta":{"_joinchat":[]},"product_cat":[1049],"product_tag":[140],"class_list":{"0":"post-5610","1":"product","2":"type-product","3":"status-publish","4":"has-post-thumbnail","6":"product_cat-outdoors","7":"product_tag-lubricante-multiuso","9":"first","10":"instock","11":"product-type-simple"},"_links":{"self":[{"href":"https:\/\/lidertecsa.com.ar\/catalogo\/wp-json\/wp\/v2\/product\/5610"}],"collection":[{"href":"https:\/\/lidertecsa.com.ar\/catalogo\/wp-json\/wp\/v2\/product"}],"about":[{"href":"https:\/\/lidertecsa.com.ar\/catalogo\/wp-json\/wp\/v2\/types\/product"}],"wp:featuredmedia":[{"embeddable":true,"href":"https:\/\/lidertecsa.com.ar\/catalogo\/wp-json\/wp\/v2\/media\/5611"}],"wp:attachment":[{"href":"https:\/\/lidertecsa.com.ar\/catalogo\/wp-json\/wp\/v2\/media?parent=5610"}],"wp:term":[{"taxonomy":"product_cat","embeddable":true,"href":"https:\/\/lidertecsa.com.ar\/catalogo\/wp-json\/wp\/v2\/product_cat?post=5610"},{"taxonomy":"product_tag","embeddable":true,"href":"https:\/\/lidertecsa.com.ar\/catalogo\/wp-json\/wp\/v2\/product_tag?post=5610"}],"curies":[{"name":"wp","href":"https:\/\/api.w.org\/{rel}","templated":true}]}}