{"id":561,"date":"2023-06-17T19:57:49","date_gmt":"2023-06-17T22:57:49","guid":{"rendered":"https:\/\/lidertecsa.com.ar\/catalogo\/?post_type=product&#038;p=561"},"modified":"2024-12-13T16:30:40","modified_gmt":"2024-12-13T19:30:40","slug":"rotomartillo-sds-plus-800-w","status":"publish","type":"product","link":"https:\/\/lidertecsa.com.ar\/catalogo\/producto\/rotomartillo-sds-plus-800-w\/","title":{"rendered":"Rotomartillo SDS Plus &#8211; 800 W"},"content":{"rendered":"<p>El taladro de martillo Einhell TC-RH 800 4F es un ayudante de 800 vatios con cuatro funciones b\u00e1sicas para trabajos de renovaci\u00f3n y renovaci\u00f3n: taladrado, taladrado con martillo y cincelado con y sin fijaci\u00f3n. Los taladros de martillo se utilizan cuando las cosas se ponen dif\u00edciles. Golpean y perforan materiales rebeldes como piedra y concreto. Debido a los impulsos de impacto, el material est\u00e1 literalmente \u00abdesgastado\u00bb, el filo de corte se come el material debido al movimiento de rotaci\u00f3n y lo rompe. Los taladros de martillo son tan adecuados para trabajos de demolici\u00f3n como para rasgar o romper materiales duros como hormig\u00f3n, ladrillo o piedra. El taladro de martillo transfiere hasta 2,6 julios a la herramienta y, con el mecanismo de impacto neum\u00e1tico, crea una muy buena propulsi\u00f3n para una capacidad de perforaci\u00f3n de hasta 26 mm en hormig\u00f3n. El interruptor de posici\u00f3n es pr\u00e1ctico para todas las funciones, mientras que las grandes superficies de agarre suave garantizan un agarre firme y, por lo tanto, un manejo seguro. El taladro de martillo est\u00e1 equipado con un mecanismo de bloqueo continuo para un trabajo agradable y f\u00e1cil y un robusto portaherramientas SDS-plus con semiautom\u00e1tico. A pesar de toda la potencia, la electr\u00f3nica de velocidad garantiza que el trabajo se adapte al material y la aplicaci\u00f3n, y el embrague de deslizamiento de sobrecarga garantiza la seguridad. El tope de profundidad de perforaci\u00f3n infinitamente ajustable est\u00e1 hecho de pl\u00e1stico resistente. La entrega se realiza en la caja de transporte y almacenaje E-Box Basic.<\/p>\n","protected":false},"excerpt":{"rendered":"<ul>\n<li class=\" meta\">4 funciones: taladrado \/ taladrado con martillo \/ cincelado con y sin fijaci\u00f3n<\/li>\n<li class=\" meta\">Embrague deslizante de sobrecarga para mayor seguridad del usuario<\/li>\n<li class=\" meta\">Un interruptor de posici\u00f3n para todas las funciones<\/li>\n<li class=\" meta\">Grandes superficies de agarre suave para un trabajo c\u00f3modo<\/li>\n<li class=\" meta\">Bloqueo de resistencia para un trabajo c\u00f3modo y f\u00e1cil<\/li>\n<li class=\"meta\">Mecanismo de impacto neum\u00e1tico para una muy buena propulsi\u00f3n<\/li>\n<li class=\"meta\">Robusto portaherramientas SDS-plus con semiautom\u00e1tico<\/li>\n<li class=\"meta\">Electr\u00f3nica de velocidad para trabajos espec\u00edficos de materiales y aplicaciones<\/li>\n<li class=\"meta\">Tope de profundidad de perforaci\u00f3n infinitamente ajustable hecho de pl\u00e1stico<\/li>\n<li class=\"meta\">Se suministra en un estuche de transporte y almacenamiento E-Box Basic<\/li>\n<\/ul>\n","protected":false},"featured_media":562,"template":"","meta":{"_joinchat":[]},"product_cat":[181],"product_tag":[187],"class_list":{"0":"post-561","1":"product","2":"type-product","3":"status-publish","4":"has-post-thumbnail","6":"product_cat-herramientas-electricas","7":"product_tag-rotomartillo-sds-plus","9":"first","10":"instock","11":"product-type-simple"},"_links":{"self":[{"href":"https:\/\/lidertecsa.com.ar\/catalogo\/wp-json\/wp\/v2\/product\/561"}],"collection":[{"href":"https:\/\/lidertecsa.com.ar\/catalogo\/wp-json\/wp\/v2\/product"}],"about":[{"href":"https:\/\/lidertecsa.com.ar\/catalogo\/wp-json\/wp\/v2\/types\/product"}],"wp:featuredmedia":[{"embeddable":true,"href":"https:\/\/lidertecsa.com.ar\/catalogo\/wp-json\/wp\/v2\/media\/562"}],"wp:attachment":[{"href":"https:\/\/lidertecsa.com.ar\/catalogo\/wp-json\/wp\/v2\/media?parent=561"}],"wp:term":[{"taxonomy":"product_cat","embeddable":true,"href":"https:\/\/lidertecsa.com.ar\/catalogo\/wp-json\/wp\/v2\/product_cat?post=561"},{"taxonomy":"product_tag","embeddable":true,"href":"https:\/\/lidertecsa.com.ar\/catalogo\/wp-json\/wp\/v2\/product_tag?post=561"}],"curies":[{"name":"wp","href":"https:\/\/api.w.org\/{rel}","templated":true}]}}