{"id":5607,"date":"2023-12-19T12:48:55","date_gmt":"2023-12-19T15:48:55","guid":{"rendered":"https:\/\/lidertecsa.com.ar\/catalogo\/?post_type=product&#038;p=5607"},"modified":"2024-12-13T16:37:35","modified_gmt":"2024-12-13T19:37:35","slug":"polish-para-autos","status":"publish","type":"product","link":"https:\/\/lidertecsa.com.ar\/catalogo\/producto\/polish-para-autos\/","title":{"rendered":"POLISH PARA AUTOS"},"content":{"rendered":"<p>La suavidad de las siliconas junto a un delicado pulido para recuperar el brillo original de tu auto. Deja una pel\u00edcula protectora.<\/p>\n<p>Emulsi\u00f3n de base siliconada con sustancias limpiadoras y abrasivos suaves. Desarrollada para proteger las superficies pintadas y remover s\u00f3lo la suciedad y las part\u00edculas de pintura envejecida, otorgando al mismo tiempo un brillo duradero.<\/p>\n<p>Presentaci\u00f3n:<br \/>\nBotella 500cm3<\/p>\n<p>Ventajas y beneficios<br \/>\nRealza el brillo y el color de superficies pintadas con laca o esmaltadas de cualquier tipo, devolviendo el color original. Su base siliconada protege y prolonga la duraci\u00f3n de la pintura. Disimula rayones.<\/p>\n<p>Usos:<br \/>\nCualquier tipo de veh\u00edculo. Heladeras, lavarropas, freezers, cocinas y dem\u00e1s electrodom\u00e9sticos. Marcos y ventanas de aluminio. Ba\u00f1eras, piletas y dem\u00e1s sanitarios esmaltados.<\/p>\n<p>Modos de uso:<br \/>\nAGITE BIEN ANTES DE USAR. Aseg\u00farese que la superficie est\u00e9 limpia. No lo use sobre la chapa caliente ni a la luz del sol. Aplique Polish para Autos Penetrit sobre la superficie, distribuya y frote con un trapo limpio. Deje secar. Frote hasta obtener el brillo deseado. Mantenga el envase bien tapado mientras no lo use.<\/p>\n<p>Precauciones:<br \/>\nMANTENER LEJOS DEL ALCANCE DE LOS NI\u00d1OS. No inhale. Usar en ambientes ventilados. En contacto con los ojos o la piel, lave inmediatamente con abundante agua. En caso de ingesti\u00f3n, no provoque el v\u00f3mito y consulte inmediatamente al Centro de Intoxicaciones 0800-333-0160 o al M\u00e9dico llevando el envase o r\u00f3tulo del producto. Guardar el recipiente herm\u00e9ticamente cerrado en lugar fresco, cerrado y bien ventilado.<\/p>\n","protected":false},"excerpt":{"rendered":"<p>La suavidad de las siliconas junto a un delicado pulido para recuperar el brillo original de tu auto. Deja una pel\u00edcula protectora.<\/p>\n<p>Emulsi\u00f3n de base siliconada con sustancias limpiadoras y abrasivos suaves. Desarrollada para proteger las superficies pintadas y remover s\u00f3lo la suciedad y las part\u00edculas de pintura envejecida, otorgando al mismo tiempo un brillo duradero.<\/p>\n","protected":false},"featured_media":5609,"template":"","meta":{"_joinchat":[]},"product_cat":[1048],"product_tag":[946],"class_list":{"0":"post-5607","1":"product","2":"type-product","3":"status-publish","4":"has-post-thumbnail","6":"product_cat-auto","7":"product_tag-pasta-de-pulir","9":"first","10":"instock","11":"product-type-simple"},"_links":{"self":[{"href":"https:\/\/lidertecsa.com.ar\/catalogo\/wp-json\/wp\/v2\/product\/5607"}],"collection":[{"href":"https:\/\/lidertecsa.com.ar\/catalogo\/wp-json\/wp\/v2\/product"}],"about":[{"href":"https:\/\/lidertecsa.com.ar\/catalogo\/wp-json\/wp\/v2\/types\/product"}],"wp:featuredmedia":[{"embeddable":true,"href":"https:\/\/lidertecsa.com.ar\/catalogo\/wp-json\/wp\/v2\/media\/5609"}],"wp:attachment":[{"href":"https:\/\/lidertecsa.com.ar\/catalogo\/wp-json\/wp\/v2\/media?parent=5607"}],"wp:term":[{"taxonomy":"product_cat","embeddable":true,"href":"https:\/\/lidertecsa.com.ar\/catalogo\/wp-json\/wp\/v2\/product_cat?post=5607"},{"taxonomy":"product_tag","embeddable":true,"href":"https:\/\/lidertecsa.com.ar\/catalogo\/wp-json\/wp\/v2\/product_tag?post=5607"}],"curies":[{"name":"wp","href":"https:\/\/api.w.org\/{rel}","templated":true}]}}