{"id":5605,"date":"2023-12-19T12:46:25","date_gmt":"2023-12-19T15:46:25","guid":{"rendered":"https:\/\/lidertecsa.com.ar\/catalogo\/?post_type=product&#038;p=5605"},"modified":"2024-12-13T16:37:35","modified_gmt":"2024-12-13T19:37:35","slug":"lubricante-en-grasa-para-cadenas","status":"publish","type":"product","link":"https:\/\/lidertecsa.com.ar\/catalogo\/producto\/lubricante-en-grasa-para-cadenas\/","title":{"rendered":"LUBRICANTE EN GRASA PARA CADENAS"},"content":{"rendered":"<p>F\u00f3rmula exclusiva con PTFE (Tefl\u00f3n\u00ae). Lubricaci\u00f3n de alt\u00edsima performance. Compatible con o\u2019rings O, X y Z.<\/p>\n<p>Producto dise\u00f1ado a base de grasa de litio de extrema presi\u00f3n que se adhiere fuertemente a la cadena otorg\u00e1ndole una excelente lubricaci\u00f3n. Sus propiedades adhesivas lo hacen ideal para ser aplicado en cadenas de motos sometidas a alta velocidad y alto stress. Su aplicaci\u00f3n por spray permite la penetraci\u00f3n en los pernos antes de tomar su consistencia natural de grasa, lo cual le confiere cualidades muy superiores en cuanto a prestaciones, durabilidad y resistencia al agua.<\/p>\n<p>Presentaci\u00f3n:<br \/>\nAerosol 242g\/360cm3<\/p>\n<p>Ventajas y beneficios<br \/>\nLubricante de alt\u00edsima duraci\u00f3n gracias al agregado de PTFE (Tefl\u00f3n\u00ae) en su f\u00f3rmula. Penetra y se espesa al poco tiempo. Contiene aditivos anti-desgaste y de extrema presi\u00f3n de alto grado que mejoran su resistencia a la carga. Los aditivos anticorrosivos brindan una protecci\u00f3n superior del metal. Posee gran resistencia al agua lo que proporciona una excelente protecci\u00f3n contra la corrosi\u00f3n. Dise\u00f1ada con f\u00f3rmula antiproyecci\u00f3n. Su aplicaci\u00f3n en spray genera precisi\u00f3n y minimiza las p\u00e9rdidas. Es compatible con anillos de cadenas tipo O, X y Z.<\/p>\n<p>Usos:<br \/>\nDise\u00f1ado principalmente para ser usada en cadenas de motos de alta velocidad, pudiendo tambi\u00e9n utilizarse en cualquier parte met\u00e1lica m\u00f3vil para mejorar su lubricaci\u00f3n y ayudar a prevenir el mal funcionamiento, la rotura y\/o el clavado.<\/p>\n<p>Modos de uso:<br \/>\nAgite bien antes de usar. Mantenga el envase en posici\u00f3n vertical y roc\u00ede directamente sobre la cadena. Aguarde unos minutos para permitir que el lubricante penetre y espese. Repita la operaci\u00f3n en caso de ser necesario.<\/p>\n<p>Precauciones:<br \/>\nMANTENGA LEJOS DEL ALCANCE DE LOS NI\u00d1OS. Trabaje siempre en condiciones bien ventiladas, teniendo cuidado de evitar la inhalaci\u00f3n de vapores. Desconecte los enseres y herramientas el\u00e9ctricas antes de aplicar. No perfore el envase vac\u00edo. No pulverice cerca de llama, mant\u00e9ngalo lejos del fuego y de superficies calientes. No arroje el envase al fuego o al incinerador. Prohibido su rellenado. No exponer a temperatura mayor a 50\u00ba C. Peligro!! Inflamable. Contiene hidrocarburos. No comer, beber ni fumar mientras manipula estos productos. No lo utilice sobre sustratos decorativos en los que pueden verse afectados los revestimientos. No aplique sobre pl\u00e1sticos y gomas blandas sin antes averiguar si son aptos para su uso. Luego de usarlo, asegure el buen cierre del envase. Almacenar en lugar fresco, bien ventilado, al resguardo de las inclemencias clim\u00e1ticas y del sol. En caso de contacto con los ojos o la piel, lave inmediatamente con abundante agua. No inhale. \u00a1CUIDADO! Peligrosa su ingesti\u00f3n. En tal caso, no provoque el v\u00f3mito y consulte inmediatamente al Centro de Intoxicaciones o a su m\u00e9dico, llevando el envase o r\u00f3tulo del producto. Disponga los envases vac\u00edos de acuerdo a la normativa local vigente. Centro Nacional de Intoxicaciones 0800-333-0160.<\/p>\n","protected":false},"excerpt":{"rendered":"<p>F\u00f3rmula exclusiva con PTFE (Tefl\u00f3n\u00ae). Lubricaci\u00f3n de alt\u00edsima performance. Compatible con o\u2019rings O, X y Z.<\/p>\n<p>Producto dise\u00f1ado a base de grasa de litio de extrema presi\u00f3n que se adhiere fuertemente a la cadena otorg\u00e1ndole una excelente lubricaci\u00f3n. Sus propiedades adhesivas lo hacen ideal para ser aplicado en cadenas de motos sometidas a alta velocidad y alto stress. Su aplicaci\u00f3n por spray permite la penetraci\u00f3n en los pernos antes de tomar su consistencia natural de grasa, lo cual le confiere cualidades muy superiores en cuanto a prestaciones, durabilidad y resistencia al agua.<\/p>\n","protected":false},"featured_media":5606,"template":"","meta":{"_joinchat":[]},"product_cat":[1047],"product_tag":[142],"class_list":{"0":"post-5605","1":"product","2":"type-product","3":"status-publish","4":"has-post-thumbnail","6":"product_cat-moto","7":"product_tag-lubricante-para-cadenas","9":"first","10":"instock","11":"product-type-simple"},"_links":{"self":[{"href":"https:\/\/lidertecsa.com.ar\/catalogo\/wp-json\/wp\/v2\/product\/5605"}],"collection":[{"href":"https:\/\/lidertecsa.com.ar\/catalogo\/wp-json\/wp\/v2\/product"}],"about":[{"href":"https:\/\/lidertecsa.com.ar\/catalogo\/wp-json\/wp\/v2\/types\/product"}],"wp:featuredmedia":[{"embeddable":true,"href":"https:\/\/lidertecsa.com.ar\/catalogo\/wp-json\/wp\/v2\/media\/5606"}],"wp:attachment":[{"href":"https:\/\/lidertecsa.com.ar\/catalogo\/wp-json\/wp\/v2\/media?parent=5605"}],"wp:term":[{"taxonomy":"product_cat","embeddable":true,"href":"https:\/\/lidertecsa.com.ar\/catalogo\/wp-json\/wp\/v2\/product_cat?post=5605"},{"taxonomy":"product_tag","embeddable":true,"href":"https:\/\/lidertecsa.com.ar\/catalogo\/wp-json\/wp\/v2\/product_tag?post=5605"}],"curies":[{"name":"wp","href":"https:\/\/api.w.org\/{rel}","templated":true}]}}