{"id":5594,"date":"2023-12-19T12:26:37","date_gmt":"2023-12-19T15:26:37","guid":{"rendered":"https:\/\/lidertecsa.com.ar\/catalogo\/?post_type=product&#038;p=5594"},"modified":"2024-12-13T16:37:34","modified_gmt":"2024-12-13T19:37:34","slug":"desliza-facil","status":"publish","type":"product","link":"https:\/\/lidertecsa.com.ar\/catalogo\/producto\/desliza-facil\/","title":{"rendered":"DESLIZA FACIL"},"content":{"rendered":"<p>Hace que todo se deslice mejor y suavemente.<\/p>\n<p>Producto dise\u00f1ado para lubricar gu\u00edas y correderas horizontales y verticales, con el fin de suavizar el deslizamiento de los mecanismos.<\/p>\n<p>Presentaci\u00f3n:<br \/>\nAerosol 170g\/250cm3<\/p>\n<p>Ventajas y beneficios<br \/>\nProtege y reduce el desgaste de gu\u00edas y correderas, evitando los atascamientos, roturas o movimientos bruscos t\u00edpicos de los mecanismos en mal estado. No mancha, por lo que resulta ideal para ser aplicado sobre todo tipo de material: madera, aluminio, acero, pl\u00e1stico, etc. Con aplicaciones peri\u00f3dicas de Desliza F\u00e1cil Penetrit notar\u00e1 un deslizamiento perfecto de los bienes tratados.<\/p>\n<p>Usos:<br \/>\nGu\u00edas y correderas de puertas y ventanas. Gu\u00edas de persianas, puertas corredizas, placares, muebles de cocina y de ba\u00f1o. Correderas de cajones, mesas de teclados, escritorios y muebles de oficina. Rodamientos pl\u00e1sticos. Persianas de diversos materiales.<\/p>\n<p>Modos de uso:<br \/>\nAGITE BIEN ANTES DE USAR y durante el uso. Aplique y deje actuar; repita la operaci\u00f3n en caso de ser necesario.<\/p>\n<p>Precauciones:<br \/>\nMANTENER LEJOS DEL ALCANCE DE LOS NI\u00d1OS. Desconecte los enseres y herramientas el\u00e9ctricas antes de aplicar. No perforar el envase, No pulverizar cerca de llama. No arrojar al incinerador. Prohibido su rellenado. No exponer a temperatura mayor a 50\u00ba C. Peligro!! Inflamable. Contiene hidrocarburos. Mantener lejos del fuego y de superficies calientes. No comer, beber ni fumar mientras manipula estos productos. Usar en ambientes ventilados. No inhalar. Luego de su uso asegure el buen cierre del envase. En contacto con los ojos lavar con abundante agua. En caso de ingesti\u00f3n accidental beber agua. Consultar a un Centro Asistencial o Toxicol\u00f3gico llevando el envase o r\u00f3tulo. Centro Nacional de Intoxicaciones: 0800-333-0160.<\/p>\n","protected":false},"excerpt":{"rendered":"<p>Hace que todo se deslice mejor y suavemente.<\/p>\n<p>Producto dise\u00f1ado para lubricar gu\u00edas y correderas horizontales y verticales, con el fin de suavizar el deslizamiento de los mecanismos.<\/p>\n","protected":false},"featured_media":5596,"template":"","meta":{"_joinchat":[]},"product_cat":[1044],"product_tag":[140],"class_list":{"0":"post-5594","1":"product","2":"type-product","3":"status-publish","4":"has-post-thumbnail","6":"product_cat-hogar","7":"product_tag-lubricante-multiuso","9":"first","10":"instock","11":"product-type-simple"},"_links":{"self":[{"href":"https:\/\/lidertecsa.com.ar\/catalogo\/wp-json\/wp\/v2\/product\/5594"}],"collection":[{"href":"https:\/\/lidertecsa.com.ar\/catalogo\/wp-json\/wp\/v2\/product"}],"about":[{"href":"https:\/\/lidertecsa.com.ar\/catalogo\/wp-json\/wp\/v2\/types\/product"}],"wp:featuredmedia":[{"embeddable":true,"href":"https:\/\/lidertecsa.com.ar\/catalogo\/wp-json\/wp\/v2\/media\/5596"}],"wp:attachment":[{"href":"https:\/\/lidertecsa.com.ar\/catalogo\/wp-json\/wp\/v2\/media?parent=5594"}],"wp:term":[{"taxonomy":"product_cat","embeddable":true,"href":"https:\/\/lidertecsa.com.ar\/catalogo\/wp-json\/wp\/v2\/product_cat?post=5594"},{"taxonomy":"product_tag","embeddable":true,"href":"https:\/\/lidertecsa.com.ar\/catalogo\/wp-json\/wp\/v2\/product_tag?post=5594"}],"curies":[{"name":"wp","href":"https:\/\/api.w.org\/{rel}","templated":true}]}}