{"id":5584,"date":"2023-12-19T12:14:40","date_gmt":"2023-12-19T15:14:40","guid":{"rendered":"https:\/\/lidertecsa.com.ar\/catalogo\/?post_type=product&#038;p=5584"},"modified":"2024-12-13T16:37:33","modified_gmt":"2024-12-13T19:37:33","slug":"destapa-canerias-domestico","status":"publish","type":"product","link":"https:\/\/lidertecsa.com.ar\/catalogo\/producto\/destapa-canerias-domestico\/","title":{"rendered":"DESTAPA CA\u00d1ER\u00cdAS DOM\u00c9STICO"},"content":{"rendered":"<p>Ideal para uso dom\u00e9stico.<\/p>\n<p>Destapa y limpia ca\u00f1er\u00edas, cloacas y desag\u00fces sin provocar da\u00f1o alguno en las ca\u00f1er\u00edas. Desintegra hilachas, restos de alimentos, residuos de papel, algod\u00f3n, textiles, jab\u00f3n, filtros de cigarrillos, toallas sanitarias, cascaras, grasas, cabello. No ataca cemento, pl\u00e1stico ni hierro. Pero s\u00ed aluminio, galvanizados y algunos tipos de resina utilizadas en la construcci\u00f3n de sanitarios.<\/p>\n<p>Presentaci\u00f3n:<br \/>\nBotella 500cm3<\/p>\n<p>Usos:<br \/>\nTodo tipo de ca\u00f1er\u00edas cloacales y sistemas de desag\u00fce. Trampas de grasa, letrinas, sumideros, piletas de patio. Sifones mingitorios, inodoros, etc.<\/p>\n<p>Modos de uso:<br \/>\nTapa de seguridad: para abrir el envase, presione la tapa hacia abajo y luego gire en la direcci\u00f3n que indica la flecha. Para cerrar, simplemente gire sin hacer presi\u00f3n. Se recomienda hacer una prueba en una zona de la superficie a tratar, para comprobar que el producto no la da\u00f1e. Para prevenir salpicaduras, aplique siempre escurriendo el producto directamente del envase contra una de las paredes del lugar de aplicaci\u00f3n. Para ca\u00f1er\u00edas muy obstruidas, vierta 500 cm3 de producto en la misma, deje actuar 12 horas y enjuague con abundante agua caliente. De ser necesario, repita el procedimiento. Para ca\u00f1er\u00edas semi-obstruidas vierta 500 cm3 de producto, deje actuar 6 horas y luego enjuague con abundante agua caliente. Mant\u00e9ngalo guardado en un lugar seco, bien ventilado y al resguardo del sol.<\/p>\n<p>Precauciones:<br \/>\nPELIGRO!! CAUSA QUEMADURAS GRAVES. CONTIENE UN PRODUCTO FUERTEMENTE ALCALINO (HIDROXIDO DE SODIO). CUIDADO!! PELIGROSA SU INGESTI\u00d3N, USE EQUIPAMIENTO DE PROTECCI\u00d3N ADECUADA (GUANTES, PROTECCI\u00d3N OCULAR Y DELANTAL PARA MANIPULAR EL PRODUCTO). NO APLIQUE SOBRE SUPERFICIES CALIENTES. MANTENGA EL PRODUCTO EN SU ENVASE ORIGINAL. NO REUTILICE EL ENVASE VAC\u00cdO CON OTROS FINES.<br \/>\nMANTENGA LEJOS DEL ALCANCE DE LOS NI\u00d1OS. Luego de su uso, asegure el buen cierre del envase. En caso de contacto con los ojos, lave inmediatamente con abundante agua con los p\u00e1rpados levantados. En caso de contacto con la piel, lave inmediatamente con abundante agua a la zona afectada. En caso de ingesti\u00f3n accidental, beba abundante agua, no provoque el v\u00f3mito y consulte inmediatamente al centro de intoxicaciones o al m\u00e9dico llevando el envase o r\u00f3tulo del producto. Centro Nacional de Intoxicaciones: 0800-333-0160. No mezclar con \u00e1cidos u otras sustancias qu\u00edmicas, pueden provocarse reacciones violentas. Mezclar s\u00f3lo con agua. El contacto con los ojos puede provocar ceguera.<\/p>\n<p>Composici\u00f3n:<br \/>\nHidr\u00f3xido de sodio 4% final, viscosante y agua. TLV-C: 2mg\/m3 para el hidr\u00f3xido de sodio puro.<\/p>\n","protected":false},"excerpt":{"rendered":"<p>Ideal para uso dom\u00e9stico.<\/p>\n<p>Destapa y limpia ca\u00f1er\u00edas, cloacas y desag\u00fces sin provocar da\u00f1o alguno en las ca\u00f1er\u00edas. Desintegra hilachas, restos de alimentos, residuos de papel, algod\u00f3n, textiles, jab\u00f3n, filtros de cigarrillos, toallas sanitarias, cascaras, grasas, cabello. No ataca cemento, pl\u00e1stico ni hierro. Pero s\u00ed aluminio, galvanizados y algunos tipos de resina utilizadas en la construcci\u00f3n de sanitarios.<\/p>\n","protected":false},"featured_media":5585,"template":"","meta":{"_joinchat":[]},"product_cat":[1044],"product_tag":[1056],"class_list":{"0":"post-5584","1":"product","2":"type-product","3":"status-publish","4":"has-post-thumbnail","6":"product_cat-hogar","7":"product_tag-destapa-canerias","9":"first","10":"instock","11":"product-type-simple"},"_links":{"self":[{"href":"https:\/\/lidertecsa.com.ar\/catalogo\/wp-json\/wp\/v2\/product\/5584"}],"collection":[{"href":"https:\/\/lidertecsa.com.ar\/catalogo\/wp-json\/wp\/v2\/product"}],"about":[{"href":"https:\/\/lidertecsa.com.ar\/catalogo\/wp-json\/wp\/v2\/types\/product"}],"wp:featuredmedia":[{"embeddable":true,"href":"https:\/\/lidertecsa.com.ar\/catalogo\/wp-json\/wp\/v2\/media\/5585"}],"wp:attachment":[{"href":"https:\/\/lidertecsa.com.ar\/catalogo\/wp-json\/wp\/v2\/media?parent=5584"}],"wp:term":[{"taxonomy":"product_cat","embeddable":true,"href":"https:\/\/lidertecsa.com.ar\/catalogo\/wp-json\/wp\/v2\/product_cat?post=5584"},{"taxonomy":"product_tag","embeddable":true,"href":"https:\/\/lidertecsa.com.ar\/catalogo\/wp-json\/wp\/v2\/product_tag?post=5584"}],"curies":[{"name":"wp","href":"https:\/\/api.w.org\/{rel}","templated":true}]}}