{"id":5571,"date":"2023-12-19T11:55:44","date_gmt":"2023-12-19T14:55:44","guid":{"rendered":"https:\/\/lidertecsa.com.ar\/catalogo\/?post_type=product&#038;p=5571"},"modified":"2024-12-13T16:37:31","modified_gmt":"2024-12-13T19:37:31","slug":"quita-zarro-y-oxido-1-l","status":"publish","type":"product","link":"https:\/\/lidertecsa.com.ar\/catalogo\/producto\/quita-zarro-y-oxido-1-l\/","title":{"rendered":"QUITA SARRO Y \u00d3XIDO 1 l"},"content":{"rendered":"<p class=\"bold\">Gran poder de remoci\u00f3n. Alto porcentaje de materia activa. Eficaz como ninguno.<\/p>\n<p class=\"bold\">Producto a base de \u00e1cido clorh\u00eddrico que solubiliza sales y \u00f3xidos depositados en distintas superficies. Remueve el sarro y el \u00f3xido de metales, sanitarios, duchas, herramientas, utensilios de cocina sin ning\u00fan esfuerzo. Convierte y desaloja incrustaciones y capas de material oxidado.<\/p>\n<p class=\"bold\">Presentaci\u00f3n:<\/p>\n<p>Jarra 1Lt<\/p>\n<p>Usos:<\/p>\n<div class=\"util\">Recomendado para eliminar el sarro y\/o el \u00f3xido generado por el propio uso o las condiciones externas de herramientas, equipos, ca\u00f1er\u00edas, serpentinas de calefacci\u00f3n, radiadores, rejas, elementos de cocina o cualquier superficie que se pueda ver afectada por estos factores.<\/div>\n<div><\/div>\n<div class=\"util\">Modos de uso:<\/div>\n<div class=\"util\">Para abrir el envase, presione la tapa hacia abajo y luego gire en la direcci\u00f3n que indica la flecha. Para cerrar, simplemente gire sin hacer presi\u00f3n. Se recomienda hacer una prueba en una zona de la superficie a tratar, para comprobar que el producto no la da\u00f1e o afecte las terminaciones (cromado, galvanizado, anodizado, etc.) que pueda tener. Mezcle una parte de \u00abQuita Sarro y \u00d3xido\u00bb en un recipiente de vidrio o pl\u00e1stico, con tres partes de agua, cuidando de agregar el producto sobre el agua. Moje un trapo con esa soluci\u00f3n y frote hasta quitar totalmente las manchas; luego lave con abundante agua. Para quitar el sarro en recipientes, pavas, cafeteras, etc. diluya una parte de \u00abQuita Sarro y \u00d3xido\u00bb en cuatro partes de agua, llene los recipientes hasta la mitad con esta soluci\u00f3n. Deje actuar durante 15 minutos mientras controla visualmente el progreso del tratamiento. De ser necesario, deje m\u00e1s tiempo pero siempre controlando a lo sumo cada 15 minutos. Vac\u00ede, frote con lana de acero y enjuague. Descarte adecuadamente el producto usado. Hierva agua limpia dos veces antes de volver a usar el recipiente. Para duchas, coloque la flor en un recipiente, c\u00fabralo con agua, vierta la soluci\u00f3n hecha con una parte de \u00abQuita Sarro y \u00d3xido\u00bb y cuatro de agua. Deje actuar 15 minutos controlando visualmente y luego lave con abundante agua. Use guantes de goma y protecci\u00f3n ocular para su aplicaci\u00f3n. El ambiente debe estar ventilado. Se recomienda observar cada tanto el accionar del producto dado su car\u00e1cter corrosivo. Mant\u00e9ngalo guardado en un lugar seco, bien ventilado y al resguardo del sol.<\/div>\n<div><\/div>\n<div class=\"util\">Precauciones:<\/div>\n<p>Producto Corrosivo. Lea atentamente las instrucciones del r\u00f3tulo y la hoja de seguridad antes de utilizarlo. Restringido a Uso Profesional. Prohibida su Venta Libre. PELIGRO!! DA\u00d1INA O FATAL SU INGESTI\u00d3N. CAUSA QUEMADURAS. CONTIENE UN PRODUCTO FUERTEMENTE \u00c1CIDO (\u00c1CIDO CLORH\u00cdDRICO). CUIDADO!! USE EQUIPAMIENTO DE PROTECCI\u00d3N ADECUADA (GUANTES, BOTAS DE GOMA, DELANTAL Y PROTECCI\u00d3N OCULAR PARA MANIPULAR EL PRODUCTO). NO APLIQUE SOBRE SUPERFICIES CALIENTES. MANTENGA EL PRODUCTO EN SU ENVASE ORIGINAL. NO REUTILICE EL ENVASE VAC\u00cdO CON OTRO FIN. MANTENGA LEJOS DEL ALCANCE DE LOS NI\u00d1OS. Luego de su uso asegure el buen cierre del envase. En caso de contacto con los ojos, lave inmediatamente con abundante agua manteniendo los p\u00e1rpados levantados. En caso de contacto con la piel, lave inmediatamente con abundante agua la zona afectada. En caso de ingesti\u00f3n accidental, no provoque el v\u00f3mito, beba abundante agua y consulte inmediatamente al centro de intoxicaciones o al m\u00e9dico llevando el envase o r\u00f3tulo del producto. Centro Nacional de Intoxicaciones: 0800-333-0160. Medidas en caso de derrames: use equipo de protecci\u00f3n personal adecuado. Cubra el derrame con material inerte (por ejemplo: cal, arena seca, tierra) y rec\u00f3jalo para su eliminaci\u00f3n adecuada. No permita que el material derramado o el agua de lavado ingresen en el alcantarillado, aguas superficiales o sistemas de aguas subterr\u00e1neas. Neutralizador: cal. Luego de neutralizada, lave el \u00e1rea del derrame con agua, recoja el producto neutralizado en contenedores pl\u00e1sticos y elim\u00ednelo de acuerdo con las leyes y regulaciones nacionales, provinciales y municipales. No mezclar con \u00e1lcalis u otras sustancias qu\u00edmicas pueden provocarse reacciones violentas. Mezclar s\u00f3lo con agua.<\/p>\n","protected":false},"excerpt":{"rendered":"<p class=\"bold\">Gran poder de remoci\u00f3n. Alto porcentaje de materia activa. Eficaz como ninguno.<\/p>\n<p class=\"bold\">Producto a base de \u00e1cido clorh\u00eddrico que solubiliza sales y \u00f3xidos depositados en distintas superficies. Remueve el sarro y el \u00f3xido de metales, sanitarios, duchas, herramientas, utensilios de cocina sin ning\u00fan esfuerzo. Convierte y desaloja incrustaciones y capas de material oxidado.<\/p>\n","protected":false},"featured_media":5572,"template":"","meta":{"_joinchat":[]},"product_cat":[1043],"product_tag":[1057],"class_list":{"0":"post-5571","1":"product","2":"type-product","3":"status-publish","4":"has-post-thumbnail","6":"product_cat-plus","7":"product_tag-quita-sarro-y-oxido","9":"first","10":"instock","11":"taxable","12":"shipping-taxable","13":"product-type-simple"},"_links":{"self":[{"href":"https:\/\/lidertecsa.com.ar\/catalogo\/wp-json\/wp\/v2\/product\/5571"}],"collection":[{"href":"https:\/\/lidertecsa.com.ar\/catalogo\/wp-json\/wp\/v2\/product"}],"about":[{"href":"https:\/\/lidertecsa.com.ar\/catalogo\/wp-json\/wp\/v2\/types\/product"}],"wp:featuredmedia":[{"embeddable":true,"href":"https:\/\/lidertecsa.com.ar\/catalogo\/wp-json\/wp\/v2\/media\/5572"}],"wp:attachment":[{"href":"https:\/\/lidertecsa.com.ar\/catalogo\/wp-json\/wp\/v2\/media?parent=5571"}],"wp:term":[{"taxonomy":"product_cat","embeddable":true,"href":"https:\/\/lidertecsa.com.ar\/catalogo\/wp-json\/wp\/v2\/product_cat?post=5571"},{"taxonomy":"product_tag","embeddable":true,"href":"https:\/\/lidertecsa.com.ar\/catalogo\/wp-json\/wp\/v2\/product_tag?post=5571"}],"curies":[{"name":"wp","href":"https:\/\/api.w.org\/{rel}","templated":true}]}}