{"id":5569,"date":"2023-12-19T11:53:48","date_gmt":"2023-12-19T14:53:48","guid":{"rendered":"https:\/\/lidertecsa.com.ar\/catalogo\/?post_type=product&#038;p=5569"},"modified":"2024-12-13T16:37:31","modified_gmt":"2024-12-13T19:37:31","slug":"destapa-canerias-500cm3","status":"publish","type":"product","link":"https:\/\/lidertecsa.com.ar\/catalogo\/producto\/destapa-canerias-500cm3\/","title":{"rendered":"DESTAPA CA\u00d1ERIAS 500cm3"},"content":{"rendered":"<p>Gran poder disolvente. La mayor concentraci\u00f3n de materia activa del mercado. Mucho m\u00e1s efectivo que los destapa ca\u00f1er\u00edas comunes.<\/p>\n<p>Destapa y limpia ca\u00f1er\u00edas, cloacas y desag\u00fces. Desintegra hilachas, restos de alimentos, residuos de papel, algod\u00f3n, textiles, jab\u00f3n, filtros de cigarrillos, toallas sanitarias, c\u00e1scaras, grasas, cabello, materia org\u00e1nica y caucho. No ataca cemento, pl\u00e1stico ni hierro pero s\u00ed aluminio, galvanizados y algunos tipos de resina utilizadas en la construcci\u00f3n de sanitarios.<\/p>\n<p>Presentaci\u00f3n:<br \/>\nBotella de 500 cm3<\/p>\n<p>Usos:<br \/>\nTodo tipo de ca\u00f1er\u00edas cloacales y sistemas de desag\u00fce. Trampas de grasa, letrinas, sumideros, piletas de patio. Sifones mingitorios, inodoros, etc.<\/p>\n<p>Modos de uso:<br \/>\nTapa de seguridad: para abrir el envase, presione la tapa hacia abajo y luego gire en la direcci\u00f3n que indica la flecha. Para cerrar, simplemente gire sin hacer presi\u00f3n. Antes de utilizar, se recomienda hacer una prueba en una zona de la superficie a tratar, para comprobar que el producto no la da\u00f1e. Para prevenir salpicaduras, aplique siempre escurriendo el producto directamente del envase contra una de las paredes del lugar de aplicaci\u00f3n. Para ca\u00f1er\u00edas muy obstruidas, verter 500 cm3 de producto en la misma, dejar actuar 12 horas y enjuagar con abundante agua caliente. Para ca\u00f1er\u00edas semi-obstruidas verter 250 cm3 de producto, dejar actuar 12 horas y luego enjuagar con abundante agua caliente. Ante la menor duda consulte nuestro Depto. T\u00e9cnico. \u00daselo peri\u00f3dicamente en forma preventiva para mantener sus ca\u00f1er\u00edas limpias y libres de obstrucciones. Mant\u00e9ngalo guardado en un lugar seco, bien ventilado y al resguardo del sol.<\/p>\n<p>Precauciones:<br \/>\nRestringido a Uso Profesional. Prohibida su Venta Libre. MANTENGA FUERA DEL ALCANCE DE LOS NI\u00d1OS. Producto C\u00e1ustico. Lea atentamente las instrucciones del r\u00f3tulo y la hoja de seguridad antes de utilizarlo. PELIGRO!! DA\u00d1INA O FATAL SU INGESTI\u00d3N. CAUSA QUEMADURAS. CONTIENE UN PRODUCTO FUERTEMENTE ALCALINO (HIDR\u00d3XIDO DE SODIO). CUIDADO!! USE EQUIPAMIENTO DE PROTECCI\u00d3N ADECUADO (GUANTES, PROTECCI\u00d3N OCULAR Y DELANTAL PARA MANIPULAR EL PRODUCTO). NO APLIQUE SOBRE SUPERFICIES CALIENTES. MANTENGA EL PRODUCTO EN SU ENVASE ORIGINAL. NO REUTILICE EL ENVASE VAC\u00cdO CON OTRO FIN. MANTENGA LEJOS DEL ALCANCE DE LOS NI\u00d1OS. Luego de su uso asegure el buen cierre del envase. En caso de contacto con los ojos, lave inmediatamente con abundante agua con los p\u00e1rpados levantados. En caso de contacto con la piel, lave inmediatamente con abundante agua a la zona afectada. En caso de ingesti\u00f3n accidental, no provoque el v\u00f3mito y consulte inmediatamente al centro de intoxicaciones o al m\u00e9dico llevando el envase o r\u00f3tulo del producto. Centro Nacional de Intoxicaciones: 0800-333-0160. En caso de derrame, usar equipo de protecci\u00f3n personal adecuado. Cubrir el derrame con material inerte (por ejemplo, arena seca o tierra) y recoger para su eliminaci\u00f3n adecuada. No permita que el material derramado o el agua de lavado ingresen en el alcantarillado, aguas superficiales o sistemas de aguas subterr\u00e1neas. Descontaminante\/Neutralizador: Soluci\u00f3n diluida de \u00e1cido ac\u00e9tico. Lave el \u00e1rea del derrame con agua luego de neutralizada. Eliminar de acuerdo con las leyes y regulaciones nacionales, provinciales y municipales. No mezclar con \u00e1cidos u otras sustancias qu\u00edmicas, pueden provocarse reacciones violentas. Mezclar s\u00f3lo con agua. El contacto con los ojos puede provocar ceguera.<\/p>\n","protected":false},"excerpt":{"rendered":"<p>Gran poder disolvente. La mayor concentraci\u00f3n de materia activa del mercado. Mucho m\u00e1s efectivo que los destapa ca\u00f1er\u00edas comunes.<\/p>\n<p>Destapa y limpia ca\u00f1er\u00edas, cloacas y desag\u00fces. Desintegra hilachas, restos de alimentos, residuos de papel, algod\u00f3n, textiles, jab\u00f3n, filtros de cigarrillos, toallas sanitarias, c\u00e1scaras, grasas, cabello, materia org\u00e1nica y caucho. No ataca cemento, pl\u00e1stico ni hierro pero s\u00ed aluminio, galvanizados y algunos tipos de resina utilizadas en la construcci\u00f3n de sanitarios.<\/p>\n","protected":false},"featured_media":5570,"template":"","meta":{"_joinchat":[]},"product_cat":[1043],"product_tag":[1056],"class_list":{"0":"post-5569","1":"product","2":"type-product","3":"status-publish","4":"has-post-thumbnail","6":"product_cat-plus","7":"product_tag-destapa-canerias","9":"first","10":"instock","11":"product-type-simple"},"_links":{"self":[{"href":"https:\/\/lidertecsa.com.ar\/catalogo\/wp-json\/wp\/v2\/product\/5569"}],"collection":[{"href":"https:\/\/lidertecsa.com.ar\/catalogo\/wp-json\/wp\/v2\/product"}],"about":[{"href":"https:\/\/lidertecsa.com.ar\/catalogo\/wp-json\/wp\/v2\/types\/product"}],"wp:featuredmedia":[{"embeddable":true,"href":"https:\/\/lidertecsa.com.ar\/catalogo\/wp-json\/wp\/v2\/media\/5570"}],"wp:attachment":[{"href":"https:\/\/lidertecsa.com.ar\/catalogo\/wp-json\/wp\/v2\/media?parent=5569"}],"wp:term":[{"taxonomy":"product_cat","embeddable":true,"href":"https:\/\/lidertecsa.com.ar\/catalogo\/wp-json\/wp\/v2\/product_cat?post=5569"},{"taxonomy":"product_tag","embeddable":true,"href":"https:\/\/lidertecsa.com.ar\/catalogo\/wp-json\/wp\/v2\/product_tag?post=5569"}],"curies":[{"name":"wp","href":"https:\/\/api.w.org\/{rel}","templated":true}]}}