{"id":5565,"date":"2023-12-19T11:42:31","date_gmt":"2023-12-19T14:42:31","guid":{"rendered":"https:\/\/lidertecsa.com.ar\/catalogo\/?post_type=product&#038;p=5565"},"modified":"2024-12-13T16:37:31","modified_gmt":"2024-12-13T19:37:31","slug":"vaselina-en-spray","status":"publish","type":"product","link":"https:\/\/lidertecsa.com.ar\/catalogo\/producto\/vaselina-en-spray\/","title":{"rendered":"VASELINA EN SPRAY"},"content":{"rendered":"<p class=\"bold\">Lubricante refinado y muy vers\u00e1til.<\/p>\n<p class=\"bold\">\u00danico producto en el mercado que contiene vaselina refinada de primera calidad en aerosol, con aditivos anticorrosivos, desarrollada para proteger contra la oxidaci\u00f3n y otorgar un alto poder de lubricaci\u00f3n.<\/p>\n<p class=\"bold\">Presentaci\u00f3n:<\/p>\n<p>Aerosol 170g\/250cm3<\/p>\n<p>Ventajas y beneficios<\/p>\n<p>No mancha a diferencia de otro tipo de lubricantes. No es t\u00f3xica, puede usarse tanto en la protecci\u00f3n de burletes de heladeras como en las correderas de cajones de madera. Por su gran poder de lubricaci\u00f3n resulta un excelente desmoldante. En la industria se recomienda su uso a temperaturas inferiores a 60\u00b0C y en mecanismos que no exijan alto esfuerzo de trabajo.<\/p>\n<p>Usos:<\/p>\n<div class=\"util\">Correderas de cajones, bisagras y molinetes. Reeles de pesca. Roldanas de cortinas. Burletes de heladeras y freezer, colocaci\u00f3n de soporte de goma, caucho, levanta cristales, etc. En el autom\u00f3vil, en pinos del capot, polos de bater\u00eda y puertas, donde la temperatura sea inferior a 60\u00b0C<\/div>\n<div><\/div>\n<div class=\"util\">Modos de uso:<\/div>\n<div class=\"util\">AGITE BIEN ANTES DE USAR y durante el uso. Aplique y deje actuar; repita la operaci\u00f3n en caso de ser necesario.<\/div>\n<div><\/div>\n<div class=\"util\">Precauciones:<\/div>\n<p>MANTENER LEJOS DEL ALCANCE DE LOS NI\u00d1OS. Desconecte los enseres y herramientas el\u00e9ctricas antes de aplicar. No perforar el envase, No pulverizar cerca de llama. No arrojar al incinerador. Prohibido su rellenado. No exponer a temperatura mayor a 50\u00ba C. Peligro!! Inflamable. Contiene hidrocarburos. Mantener lejos del fuego y de superficies calientes. No comer, beber ni fumar mientras manipula estos productos. Usar en ambientes ventilados. No inhalar. Luego de su uso asegure el buen cierre del envase. En contacto con los ojos lavar con abundante agua. En caso de ingesti\u00f3n accidental beber agua. Consultar a un Centro Asistencial o Toxicol\u00f3gico llevando el envase o r\u00f3tulo. Centro Nacional de Intoxicaciones: 0800-333-0160.<\/p>\n","protected":false},"excerpt":{"rendered":"<p class=\"bold\">Lubricante refinado y muy vers\u00e1til.<\/p>\n<p class=\"bold\">\u00danico producto en el mercado que contiene vaselina refinada de primera calidad en aerosol, con aditivos anticorrosivos, desarrollada para proteger contra la oxidaci\u00f3n y otorgar un alto poder de lubricaci\u00f3n.<\/p>\n","protected":false},"featured_media":5566,"template":"","meta":{"_joinchat":[]},"product_cat":[1042],"product_tag":[1055],"class_list":{"0":"post-5565","1":"product","2":"type-product","3":"status-publish","4":"has-post-thumbnail","6":"product_cat-experto","7":"product_tag-vaselina","9":"first","10":"instock","11":"product-type-simple"},"_links":{"self":[{"href":"https:\/\/lidertecsa.com.ar\/catalogo\/wp-json\/wp\/v2\/product\/5565"}],"collection":[{"href":"https:\/\/lidertecsa.com.ar\/catalogo\/wp-json\/wp\/v2\/product"}],"about":[{"href":"https:\/\/lidertecsa.com.ar\/catalogo\/wp-json\/wp\/v2\/types\/product"}],"wp:featuredmedia":[{"embeddable":true,"href":"https:\/\/lidertecsa.com.ar\/catalogo\/wp-json\/wp\/v2\/media\/5566"}],"wp:attachment":[{"href":"https:\/\/lidertecsa.com.ar\/catalogo\/wp-json\/wp\/v2\/media?parent=5565"}],"wp:term":[{"taxonomy":"product_cat","embeddable":true,"href":"https:\/\/lidertecsa.com.ar\/catalogo\/wp-json\/wp\/v2\/product_cat?post=5565"},{"taxonomy":"product_tag","embeddable":true,"href":"https:\/\/lidertecsa.com.ar\/catalogo\/wp-json\/wp\/v2\/product_tag?post=5565"}],"curies":[{"name":"wp","href":"https:\/\/api.w.org\/{rel}","templated":true}]}}