{"id":5563,"date":"2023-12-19T11:39:29","date_gmt":"2023-12-19T14:39:29","guid":{"rendered":"https:\/\/lidertecsa.com.ar\/catalogo\/?post_type=product&#038;p=5563"},"modified":"2024-12-26T12:12:44","modified_gmt":"2024-12-26T15:12:44","slug":"lubricante-pasacables","status":"publish","type":"product","link":"https:\/\/lidertecsa.com.ar\/catalogo\/producto\/lubricante-pasacables\/","title":{"rendered":"LUBRICANTE PASACABLES"},"content":{"rendered":"<p class=\"bold\">Gran capacidad lubricante. Ahorra tiempo y esfuerzo.<\/p>\n<p class=\"bold\">Lubricante de alta performance pensado para facilitar el pasaje de cables y tramados de todo tipo, as\u00ed como la colocaci\u00f3n de soportes y piezas de goma, caucho y pl\u00e1stico.<\/p>\n<p class=\"bold\">Presentaci\u00f3n:<\/p>\n<p>Aerosol 170g\/250cm3<\/p>\n<p>Ventajas y beneficios<\/p>\n<p>Gracias a sus excelentes propiedades deslizantes, facilita las tareas de pasajes de cables y tramados de fibra \u00f3ptica, logrando un importante ahorro de tiempo y esfuerzo. Su uso tambi\u00e9n es altamente recomendable en el caso de colocaciones de soportes y piezas de goma, caucho, pl\u00e1stico, etc. sobre las que se requiere ejercer una cierta presi\u00f3n. No mancha, no atasca y el material queda colocado con el m\u00ednimo esfuerzo.<\/p>\n<p>Usos:<\/p>\n<div class=\"util\">Pasaje de cables de electricidad y telefon\u00eda, cable coaxil y tramados de fibra \u00f3ptica. Colocaci\u00f3n de soportes y piezas de goma, caucho, pl\u00e1stico, etc.<\/div>\n<div><\/div>\n<div class=\"util\">Modos de uso:<\/div>\n<div class=\"util\">AGITE BIEN ANTES DE USAR y durante el uso. Aplique y deje actuar; repita la operaci\u00f3n en caso de ser necesario.<\/div>\n<div><\/div>\n<div class=\"util\">Precauciones:<\/div>\n<p>MANTENER LEJOS DEL ALCANCE DE LOS NI\u00d1OS. Desconecte los enseres y herramientas el\u00e9ctricas antes de aplicar. No perforar el envase, No pulverizar cerca de llama. No arrojar al incinerador. Prohibido su rellenado. No exponer a temperatura mayor a 50\u00ba C. Peligro!! Inflamable. Contiene hidrocarburos. Mantener lejos del fuego y de superficies calientes. No comer, beber ni fumar mientras manipula estos productos. Usar en ambientes ventilados. No inhalar. Luego de su uso asegure el buen cierre del envase. En contacto con los ojos lavar con abundante agua. En caso de ingesti\u00f3n accidental beber agua. Consultar a un Centro Asistencial o Toxicol\u00f3gico llevando el envase o r\u00f3tulo. Centro Nacional de Intoxicaciones: 0800-333-0160.<\/p>\n","protected":false},"excerpt":{"rendered":"<p class=\"bold\">Gran capacidad lubricante. Ahorra tiempo y esfuerzo.<\/p>\n<p class=\"bold\">Lubricante de alta performance pensado para facilitar el pasaje de cables y tramados de todo tipo, as\u00ed como la colocaci\u00f3n de soportes y piezas de goma, caucho y pl\u00e1stico.<\/p>\n","protected":false},"featured_media":5564,"template":"","meta":{"_joinchat":[]},"product_cat":[1042],"product_tag":[140],"class_list":{"0":"post-5563","1":"product","2":"type-product","3":"status-publish","4":"has-post-thumbnail","6":"product_cat-experto","7":"product_tag-lubricante-multiuso","9":"first","10":"instock","11":"product-type-simple"},"_links":{"self":[{"href":"https:\/\/lidertecsa.com.ar\/catalogo\/wp-json\/wp\/v2\/product\/5563"}],"collection":[{"href":"https:\/\/lidertecsa.com.ar\/catalogo\/wp-json\/wp\/v2\/product"}],"about":[{"href":"https:\/\/lidertecsa.com.ar\/catalogo\/wp-json\/wp\/v2\/types\/product"}],"wp:featuredmedia":[{"embeddable":true,"href":"https:\/\/lidertecsa.com.ar\/catalogo\/wp-json\/wp\/v2\/media\/5564"}],"wp:attachment":[{"href":"https:\/\/lidertecsa.com.ar\/catalogo\/wp-json\/wp\/v2\/media?parent=5563"}],"wp:term":[{"taxonomy":"product_cat","embeddable":true,"href":"https:\/\/lidertecsa.com.ar\/catalogo\/wp-json\/wp\/v2\/product_cat?post=5563"},{"taxonomy":"product_tag","embeddable":true,"href":"https:\/\/lidertecsa.com.ar\/catalogo\/wp-json\/wp\/v2\/product_tag?post=5563"}],"curies":[{"name":"wp","href":"https:\/\/api.w.org\/{rel}","templated":true}]}}