{"id":5555,"date":"2023-12-19T11:27:35","date_gmt":"2023-12-19T14:27:35","guid":{"rendered":"https:\/\/lidertecsa.com.ar\/catalogo\/?post_type=product&#038;p=5555"},"modified":"2024-12-13T16:37:29","modified_gmt":"2024-12-13T19:37:29","slug":"lubricante-multiuso-250cm3","status":"publish","type":"product","link":"https:\/\/lidertecsa.com.ar\/catalogo\/producto\/lubricante-multiuso-250cm3\/","title":{"rendered":"LUBRICANTE MULTIUSO 250cm3"},"content":{"rendered":"<p class=\"bold\">Lubrica. Limpia. Protege. Afloja. Desplaza la humedad.<\/p>\n<p class=\"bold\">Lubricante compuesto por aceites minerales de baja viscosidad con aditivos antioxidantes, anticorrosivos y antiespumantes que forman una pel\u00edcula antidesgaste y desplazante de humedad. Su exclusiva f\u00f3rmula le otorga una ampl\u00edsima gama de aplicaciones.<\/p>\n<p class=\"bold\">Presentaci\u00f3n:<\/p>\n<p>Aerosol 163g\/250cm3<\/p>\n<p>Ventajas y beneficios<\/p>\n<p>Desplaza la humedad en los contactos el\u00e9ctricos, optimizando su funcionamiento. Su alto poder de lubricaci\u00f3n elimina ruidos molestos y destraba mecanismos atascados. Protege contra la corrosi\u00f3n estableciendo una pel\u00edcula seca que act\u00faa contra los agentes externos causantes de la formaci\u00f3n de \u00f3xido. No ataca ning\u00fan metal, ni superficies pintadas, ni pl\u00e1sticas lo que le otorga un amplio espectro de usos.<\/p>\n<p>Usos:<\/p>\n<div class=\"util\">Protector de piezas cromadas, niqueladas o tratadas electrol\u00edticamente. Electrodom\u00e9sticos, distribuidores, bobinas, contactos, sistemas de arranque. M\u00e1quinas, herramientas, bulones, bisagras, cerraduras, candados y muchos m\u00e1s.<\/div>\n<div><\/div>\n<div class=\"util\">Modos de uso:<\/div>\n<div class=\"util\">AGITE BIEN ANTES DE USAR. Aplique y deje actuar; repita la operaci\u00f3n en caso de ser necesario.<\/div>\n<div><\/div>\n<div class=\"util\">Precauciones:<\/div>\n<p>Usar en \u00e1rea ventilada. Mantener lejos del alcance de los ni\u00f1os y de los animales dom\u00e9sticos, contenido bajo presi\u00f3n. No exponer a temperatura superior a 50 \u00b0C ni al sol. No arrojar al incinerador ni al fuego. Inflamable. Desconecte los enseres y herramientas el\u00e9ctricas antes de aplicar. No perforar. Prohibido su rellenado. No pulverizar cerca de la llama. Producto levemente t\u00f3xico, puede causar irritaci\u00f3n en mucosas y pieles sensibles. Si es ingerido puede ser nocivo o mortal. En ese caso no induzca el v\u00f3mito y procure ayuda m\u00e9dica urgente. Evite el contacto con los ojos. En tal caso lave con agua copiosamente. Si la irritaci\u00f3n contin\u00faa, consulte al oculista inmediatamente.<\/p>\n","protected":false},"excerpt":{"rendered":"<p class=\"bold\">Lubrica. Limpia. Protege. Afloja. Desplaza la humedad.<\/p>\n<p class=\"bold\">Lubricante compuesto por aceites minerales de baja viscosidad con aditivos antioxidantes, anticorrosivos y antiespumantes que forman una pel\u00edcula antidesgaste y desplazante de humedad. Su exclusiva f\u00f3rmula le otorga una ampl\u00edsima gama de aplicaciones.<\/p>\n","protected":false},"featured_media":5556,"template":"","meta":{"_joinchat":[]},"product_cat":[1042],"product_tag":[140],"class_list":{"0":"post-5555","1":"product","2":"type-product","3":"status-publish","4":"has-post-thumbnail","6":"product_cat-experto","7":"product_tag-lubricante-multiuso","9":"first","10":"instock","11":"product-type-simple"},"_links":{"self":[{"href":"https:\/\/lidertecsa.com.ar\/catalogo\/wp-json\/wp\/v2\/product\/5555"}],"collection":[{"href":"https:\/\/lidertecsa.com.ar\/catalogo\/wp-json\/wp\/v2\/product"}],"about":[{"href":"https:\/\/lidertecsa.com.ar\/catalogo\/wp-json\/wp\/v2\/types\/product"}],"wp:featuredmedia":[{"embeddable":true,"href":"https:\/\/lidertecsa.com.ar\/catalogo\/wp-json\/wp\/v2\/media\/5556"}],"wp:attachment":[{"href":"https:\/\/lidertecsa.com.ar\/catalogo\/wp-json\/wp\/v2\/media?parent=5555"}],"wp:term":[{"taxonomy":"product_cat","embeddable":true,"href":"https:\/\/lidertecsa.com.ar\/catalogo\/wp-json\/wp\/v2\/product_cat?post=5555"},{"taxonomy":"product_tag","embeddable":true,"href":"https:\/\/lidertecsa.com.ar\/catalogo\/wp-json\/wp\/v2\/product_tag?post=5555"}],"curies":[{"name":"wp","href":"https:\/\/api.w.org\/{rel}","templated":true}]}}