{"id":5553,"date":"2023-12-19T11:23:52","date_gmt":"2023-12-19T14:23:52","guid":{"rendered":"https:\/\/lidertecsa.com.ar\/catalogo\/?post_type=product&#038;p=5553"},"modified":"2024-12-26T12:12:56","modified_gmt":"2024-12-26T15:12:56","slug":"lubricante-seco-250cm3","status":"publish","type":"product","link":"https:\/\/lidertecsa.com.ar\/catalogo\/producto\/lubricante-seco-250cm3\/","title":{"rendered":"LUBRICANTE SECO 250cm3"},"content":{"rendered":"<p class=\"bold\">Puro Tefl\u00f3n\u00ae<\/p>\n<p class=\"bold\">Es un lubricante de pel\u00edcula seca de PTFE (politetrafluoretileno). Proporciona una excelente lubricaci\u00f3n, no ensucia y es ideal para aplicar en lugares donde es importante mantener la pulcritud y limpieza de los sistemas a lubricar. Es anti-adherente y soporta temperaturas de trabajo permanente de 260\u00baC y picos de hasta 320\u00baC.<\/p>\n<p class=\"bold\">Presentaci\u00f3n:<\/p>\n<p>Aerosol 115g\/250cm3<\/p>\n<p>Ventajas y beneficios<\/p>\n<p>Seca en forma instant\u00e1nea sin dejar manchas. Resiste agentes qu\u00edmicos, altas temperaturas, cargas y presiones medias y altas. Es inerte y compatible con productos alimenticios (cumple FDA 21 &#8211; CRF 177.1550). F\u00e1cilmente removible con solventes convencionales.<\/p>\n<p>Usos:<\/p>\n<div class=\"util\">M\u00e1quinas procesadoras de alimentos. Cadenas de transmisi\u00f3n, correas pl\u00e1sticas o de goma. Engranajes pl\u00e1sticos. Sistemas electromec\u00e1nicos. Gu\u00edas de cajoneras y ventanas. M\u00e1quinas de oficina y del hogar (impresoras, videos, filmadoras, etc.). Puede utilizarse incluso como agente desmoldante.<\/div>\n<div><\/div>\n<div class=\"util\">Modos de uso:<\/div>\n<div class=\"util\">AGITE BIEN ANTES DE USAR y durante el uso. Aplique y deje actuar; repita la operaci\u00f3n en caso de ser necesario.<\/div>\n<div><\/div>\n<div class=\"util\">Precauciones:<\/div>\n<p>MANTENER LEJOS DEL ALCANCE DE LOS NI\u00d1OS. Desconecte los enseres y herramientas el\u00e9ctricas antes de aplicar. No perforar el envase, No pulverizar cerca de llama. No arrojar al incinerador. Prohibido su rellenado. No exponer a temperatura mayor a 50\u00ba C. Peligro!! Inflamable. Contiene hidrocarburos. Mantener lejos del fuego y de superficies calientes. No comer, beber ni fumar mientras manipula estos productos. Usar en ambientes ventilados. No inhalar. Luego de su uso asegure el buen cierre del envase. En contacto con los ojos lavar con abundante agua. En caso de ingesti\u00f3n accidental beber agua. Consultar a un Centro Asistencial o Toxicol\u00f3gico llevando el envase o r\u00f3tulo. Centro Nacional de Intoxicaciones: 0800-333-0160.<\/p>\n","protected":false},"excerpt":{"rendered":"<p class=\"bold\">Puro Tefl\u00f3n\u00ae<\/p>\n<p class=\"bold\">Es un lubricante de pel\u00edcula seca de PTFE (politetrafluoretileno). Proporciona una excelente lubricaci\u00f3n, no ensucia y es ideal para aplicar en lugares donde es importante mantener la pulcritud y limpieza de los sistemas a lubricar. Es anti-adherente y soporta temperaturas de trabajo permanente de 260\u00baC y picos de hasta 320\u00baC.<\/p>\n","protected":false},"featured_media":5554,"template":"","meta":{"_joinchat":[]},"product_cat":[1042],"product_tag":[1054],"class_list":{"0":"post-5553","1":"product","2":"type-product","3":"status-publish","4":"has-post-thumbnail","6":"product_cat-experto","7":"product_tag-lubricante-con-teflon","9":"first","10":"instock","11":"product-type-simple"},"_links":{"self":[{"href":"https:\/\/lidertecsa.com.ar\/catalogo\/wp-json\/wp\/v2\/product\/5553"}],"collection":[{"href":"https:\/\/lidertecsa.com.ar\/catalogo\/wp-json\/wp\/v2\/product"}],"about":[{"href":"https:\/\/lidertecsa.com.ar\/catalogo\/wp-json\/wp\/v2\/types\/product"}],"wp:featuredmedia":[{"embeddable":true,"href":"https:\/\/lidertecsa.com.ar\/catalogo\/wp-json\/wp\/v2\/media\/5554"}],"wp:attachment":[{"href":"https:\/\/lidertecsa.com.ar\/catalogo\/wp-json\/wp\/v2\/media?parent=5553"}],"wp:term":[{"taxonomy":"product_cat","embeddable":true,"href":"https:\/\/lidertecsa.com.ar\/catalogo\/wp-json\/wp\/v2\/product_cat?post=5553"},{"taxonomy":"product_tag","embeddable":true,"href":"https:\/\/lidertecsa.com.ar\/catalogo\/wp-json\/wp\/v2\/product_tag?post=5553"}],"curies":[{"name":"wp","href":"https:\/\/api.w.org\/{rel}","templated":true}]}}