{"id":5547,"date":"2023-12-19T11:12:28","date_gmt":"2023-12-19T14:12:28","guid":{"rendered":"https:\/\/lidertecsa.com.ar\/catalogo\/?post_type=product&#038;p=5547"},"modified":"2024-12-13T16:37:28","modified_gmt":"2024-12-13T19:37:28","slug":"alcohol-isopropilico","status":"publish","type":"product","link":"https:\/\/lidertecsa.com.ar\/catalogo\/producto\/alcohol-isopropilico\/","title":{"rendered":"ALCOHOL ISOPROP\u00cdLICO"},"content":{"rendered":"<p class=\"bold\">Lo mejor para limpiar y desengrasar aparatos el\u00e9ctricos y electr\u00f3nicos.<\/p>\n<p class=\"bold\">Alcohol isoprop\u00edlico de m\u00e1xima pureza y r\u00e1pida evaporaci\u00f3n.<\/p>\n<p class=\"bold\">Presentaci\u00f3n:<\/p>\n<p>Aerosol 290g \/ 440cm3<\/p>\n<p>Ventajas y beneficios<\/p>\n<p>Ideal para desengrasar y eliminar restos de oxido provenientes de soportes magn\u00e9ticos. No contiene humedad ni deja residuos. Disuelve de manera efectiva los restos de tinta de cabezales de impresoras. Se recomienda tambi\u00e9n para la limpieza de placas y componentes electr\u00f3nicos. Limpia, inactiva y elimina virus y bacterias de superficies pl\u00e1sticas y met\u00e1licas.<\/p>\n<p>Usos:<\/p>\n<div class=\"util\">LIMPIEZA\/USOS<br \/>\n1. Cabezales de impresoras de matriz de punto y las tipo inkjet.<br \/>\n2. Cabezales magn\u00e9ticos de audio y v\u00eddeo.<br \/>\n3. Motherboards y conectores de computaci\u00f3n.<br \/>\n4. Todo tipo de placas electr\u00f3nicas.<br \/>\n5. Mecanismos de precisi\u00f3n, joyer\u00eda y relojer\u00eda.<br \/>\n6. Superficies pl\u00e1sticas, laminadas, met\u00e1licas, de vidrio y otras.<br \/>\n7. Mouses y teclados.<br \/>\n8. Dispositivos externos de almacenamiento.LIMPIEZA &amp; DESINFECCI\u00d3N DE SUPERFICIES \/ USOS<br \/>\n1. Mouses.<br \/>\n2. Aparatos telef\u00f3nicos (NO utilizar en tel\u00e9fonos celulares).<br \/>\n3. Picaportes.<br \/>\n4. Equipamiento inform\u00e1tico.<\/div>\n<div><\/div>\n<div class=\"util\">Modos de uso:<\/div>\n<div class=\"util\">INFORMACI\u00d3N IMPORTANTE PARA EL USO CORRECTO<br \/>\nSE ACONSEJA HACER UNA PRUEBA SOBRE LA SUPERFICIE A UTILIZAR. NO UTILIZAR SOBRE SUPERFICIES DE GOMA YA QUE PUEDE RESECAR ALGUNOS TIPOS. Producto inflamable. No utilizar cerca de una fuente potencial de ignici\u00f3n o llama abierta. Utilizar SIEMPRE con el equipo apagado.<br \/>\nAGITE BIEN ANTES DE USAR. APAGUE EL EQUIPO ANTES DE UTILIZAR EL PRODUCTO.PARA LIMPIAR: Aplique el producto en forma homog\u00e9nea sobre la superficie a limpiar; utilice un pa\u00f1uelo de papel, algod\u00f3n, hisopo o pa\u00f1o seco y limpio que no desprenda pelusa para facilitar la remoci\u00f3n de la suciedad acumulada. Verifique la completa evaporaci\u00f3n del producto antes de volver a enceder el equipo. Repita la operaci\u00f3n en caso de ser necesario.<br \/>\nPARA LIMPIAR &amp; DESINFECTAR: Limpie la superficie seg\u00fan las indicaciones de punto anterior. A seguir, pulverice la superficie con \u00abAlcohol Isopropilico Chau Polvo\u00bb cuidando que las mismas permanezcan h\u00famedas al menos por 10 minutos. Deje evaporar o limpie el exceso con pa\u00f1o absorvente o papel.<\/p>\n<\/div>\n<div><\/div>\n<div class=\"util\">Precauciones:<\/div>\n<p>Usar en \u00e1rea ventilada. Mantener lejos del alcance de los ni\u00f1os y de los animales dom\u00e9sticos, contenido bajo presi\u00f3n. No exponer a temperatura superior a 50\u00ba C ni al sol. No arrojar al incinerador ni al fuego. Inflamable. Desconecte los enseres y herramientas el\u00e9ctricas antes de aplicar. No perforar. Prohibido su relleno. No pulverizar cerca de la llama. Producto levemente toxico, puede causar irritaci\u00f3n en mucosas y pieles sensibles. Si es ingerido puede ser nocivo o mortal. En ese caso no induzca el vomito y procure ayuda m\u00e9dica urgente.Evite el contacto con los ojos. En tal caso lave con agua copiosamente. Si la irritaci\u00f3n continua, consulte al oculista inmediatamente. Evite su inhalaci\u00f3n, puede causar irritaci\u00f3n en las v\u00edas respiratorias, dolor de cabeza y mareos. En tal caso, lleve a la persona afectada a un \u00e1rea abierta con buena ventilaci\u00f3n. Si los s\u00edntomas contin\u00faan, procure asistencia m\u00e9dica.<\/p>\n","protected":false},"excerpt":{"rendered":"<p class=\"bold\">Lo mejor para limpiar y desengrasar aparatos el\u00e9ctricos y electr\u00f3nicos.<\/p>\n<p class=\"bold\">Alcohol isoprop\u00edlico de m\u00e1xima pureza y r\u00e1pida evaporaci\u00f3n.<\/p>\n","protected":false},"featured_media":5550,"template":"","meta":{"_joinchat":[]},"product_cat":[1042],"product_tag":[154],"class_list":{"0":"post-5547","1":"product","2":"type-product","3":"status-publish","4":"has-post-thumbnail","6":"product_cat-experto","7":"product_tag-limpiadores","9":"first","10":"instock","11":"product-type-simple"},"_links":{"self":[{"href":"https:\/\/lidertecsa.com.ar\/catalogo\/wp-json\/wp\/v2\/product\/5547"}],"collection":[{"href":"https:\/\/lidertecsa.com.ar\/catalogo\/wp-json\/wp\/v2\/product"}],"about":[{"href":"https:\/\/lidertecsa.com.ar\/catalogo\/wp-json\/wp\/v2\/types\/product"}],"wp:featuredmedia":[{"embeddable":true,"href":"https:\/\/lidertecsa.com.ar\/catalogo\/wp-json\/wp\/v2\/media\/5550"}],"wp:attachment":[{"href":"https:\/\/lidertecsa.com.ar\/catalogo\/wp-json\/wp\/v2\/media?parent=5547"}],"wp:term":[{"taxonomy":"product_cat","embeddable":true,"href":"https:\/\/lidertecsa.com.ar\/catalogo\/wp-json\/wp\/v2\/product_cat?post=5547"},{"taxonomy":"product_tag","embeddable":true,"href":"https:\/\/lidertecsa.com.ar\/catalogo\/wp-json\/wp\/v2\/product_tag?post=5547"}],"curies":[{"name":"wp","href":"https:\/\/api.w.org\/{rel}","templated":true}]}}