{"id":5545,"date":"2023-12-19T11:09:15","date_gmt":"2023-12-19T14:09:15","guid":{"rendered":"https:\/\/lidertecsa.com.ar\/catalogo\/?post_type=product&#038;p=5545"},"modified":"2025-06-27T18:07:37","modified_gmt":"2025-06-27T21:07:37","slug":"removedor-de-particulas","status":"publish","type":"product","link":"https:\/\/lidertecsa.com.ar\/catalogo\/producto\/removedor-de-particulas\/","title":{"rendered":"REMOVEDOR DE PART\u00cdCULAS"},"content":{"rendered":"<p class=\"bold\">El famoso \u00abaire comprimido\u00bb con miles de usos.<\/p>\n<p class=\"bold\">GAS INERTE PRESURIZADO. ES ECOLOGICO Y NO DA\u00d1A EL MEDIO AMBIENTE. Elimina como ninguno el polvo y las part\u00edculas de superficies fr\u00e1giles, delicadas o de dif\u00edcil acceso. No ejerce acci\u00f3n abrasiva sobre los materiales. Es un producto seco y no corrosivo. Est\u00e1 provisto de un actuador a gatillo y una v\u00e1lvula de alto caudal, los cuales optimizan el rendimiento y las posibilidades de aplicaci\u00f3n. Es compatible con todos los materiales en su fase gaseosa, por lo que posee innumerables usos.<\/p>\n<p class=\"bold\">Presentaci\u00f3n:<\/p>\n<p>Aerosol 200g<\/p>\n<p>Usos:<\/p>\n<div class=\"util\">1. Inform\u00e1tica (impresoras, teclados, mouses, CPUs, discos, placas, circuitos, etc.). 2. Aparatos de comunicaci\u00f3n (tel\u00e9fonos, fax, celulares, etc.). 3. Aparatos el\u00e9ctricos (heladeras, aire acond., ventiladores, m\u00e1q. coser, afeitadoras, m\u00e1q. cortar pelo, etc.). 4. Audio y video (TVs, plasmas, videograbadoras, DVDs, equipos de m\u00fasica, etc.). 5. Oficina (fotocopiadoras, escritorios, cajones, portapapeles, archivos, etc.). 6. Limpieza hogare\u00f1a (muebles, adornos, porta-retratos, marcos, rincones, canaletas, flores artificiales, etc.). 7. Coleccionables (mu\u00f1equitos, autitos, soldaditos, etc.). 8. Joyas. 9.Carpinter\u00eda (desempolvar herramientas, remover virutas, polvo, etc.). 10. Industrias (todas donde la acumulaci\u00f3n de polvo en m\u00e1quinas sea un problema, como imprentas, etc.). 11. Autom\u00f3vil (antes de aspirar, para limpiar ceniceros, ventiladores, est\u00e9reos, portaobjetos, asientos, etc.). 12. Fotograf\u00eda (c\u00e1maras, negativos, diapositivas, etc.). 13. Instrumentos musicales (de viento, teclas de piano, etc.). 14. Hobbies y Modelismo (ferro, aero, auto y plastimodelismo, Scalextric\u00ae, maquetas, etc.). 15. Varios (detectores de humo, l\u00e1mparas, etc.) y much\u00edsimos m\u00e1s.<\/div>\n<div><\/div>\n<div class=\"util\">Modos de uso:<\/div>\n<div class=\"util\">1. Rompa la traba que se encuentra en la parte superior de la v\u00e1lvula de aerosol. 2. Apunte la v\u00e1lvula lejos de uno mismo y de otras personas. 3. Mantenga el envase en posici\u00f3n vertical y presione el gatillo para limpiar la v\u00e1lvula de restos de gas l\u00edquido. Durante el uso: 1. Mantenga el envase en posici\u00f3n vertical y a 10 cm aprox. de la superficie a limpiar. 2. Presione el gatillo varias veces, en una serie de r\u00e1fagas cortas. Es normal que el envase se enfr\u00ede y pierda cierta presi\u00f3n. En ese caso, d\u00e9jelo reposar unos minutos y espere que vuelva a temperatura ambiente. De esta forma, recobrar\u00e1 su presi\u00f3n original y estar\u00e1 listo para ser usado nuevamente. Evite mantenerlo presionado en forma cont\u00ednua. Esto aumentar\u00e1 la p\u00e9rdida de temperatura y har\u00e1 que disminuya la presi\u00f3n del envase. 3. Para limpiar lugares de dif\u00edcil acceso, utilice la c\u00e1nula. INFORMACI\u00d3N IMPORTANTE PARA EL USO CORRECTO No sacudir ni colocar a 90\u00ba antes o durante el uso. Utilizar SIEMPRE en posici\u00f3n vertical. No utilizar cerca de una fuente potencial de ignici\u00f3n o llama abierta. No utilizar en los lentes org\u00e1nicos de c\u00e1maras fotogr\u00e1ficas o cristales org\u00e1nicos. Evitar el contacto del producto en forma l\u00edquida con la piel. Evitar el contacto del producto en forma l\u00edquida con pl\u00e1stico, ya que puede hacer que \u00e9ste se descoloree.<\/div>\n<div><\/div>\n<div class=\"util\">Precauciones:<\/div>\n<p>El uso indebido, concentrando e inhalando deliberadamente el contenido de este envase, puede ser da\u00f1ino o fatal. Por favor, utilizar el producto de manera responsable. La inhalaci\u00f3n abusiva es ilegal y puede causar lesi\u00f3n permanente o ser fatal. Mantener fuera del alcance de los ni\u00f1os. Usar en \u00e1rea bien ventilada. Almacenar en lugar fresco. No exponer el producto a la luz directa del sol, ni guardar dentro de un veh\u00edculo. No exponer a temparatura mayor a 50\u00baC (120\u00baF). El calentamiento del envase podr\u00eda causar que el mismo pueda estallar. No perforar ni incinenar, incluso despu\u00e9s de uso. Composici\u00f3n: Mezcla de gases inertes comprimidos. Este Removedor de part\u00edculas es 100% no inflamable y fue dise\u00f1ado para el uso en ambientes sensibles donde exista preocupaci\u00f3n por la inflamabilidad. Por favor, recicle el envase cuando el mismo est\u00e9 vac\u00edo. PRIMEROS AUXILIOS: 1. Atenci\u00f3n toxicol\u00f3gica: Centro Nacional de Intoxicaciones: 0800-333-0160, (011) 4658-7777 \/ 4654-6648. Hospital de Ni\u00f1os: (011) 4962-6666 \/ 4962-2247. 2. Inhalaci\u00f3n: Lleve a la persona a un lugar fresco e aireado. 3. Ojos: Lave inmediatamente con abundante agua. 4. Piel: Moje inmediatamente con agua caliente. Trate la congelaci\u00f3n en caso de ser necesario.<\/p>\n","protected":false},"excerpt":{"rendered":"<p class=\"bold\">El famoso \u00abaire comprimido\u00bb con miles de usos.<\/p>\n<p class=\"bold\">GAS INERTE PRESURIZADO. ES ECOLOGICO Y NO DA\u00d1A EL MEDIO AMBIENTE. Elimina como ninguno el polvo y las part\u00edculas de superficies fr\u00e1giles, delicadas o de dif\u00edcil acceso. No ejerce acci\u00f3n abrasiva sobre los materiales. Es un producto seco y no corrosivo. Est\u00e1 provisto de un actuador a gatillo y una v\u00e1lvula de alto caudal, los cuales optimizan el rendimiento y las posibilidades de aplicaci\u00f3n. Es compatible con todos los materiales en su fase gaseosa, por lo que posee innumerables usos.<\/p>\n","protected":false},"featured_media":5546,"template":"","meta":{"_joinchat":[]},"product_cat":[1042],"product_tag":[1053],"class_list":{"0":"post-5545","1":"product","2":"type-product","3":"status-publish","4":"has-post-thumbnail","6":"product_cat-experto","7":"product_tag-aire-comprimido","9":"first","10":"instock","11":"product-type-simple"},"_links":{"self":[{"href":"https:\/\/lidertecsa.com.ar\/catalogo\/wp-json\/wp\/v2\/product\/5545"}],"collection":[{"href":"https:\/\/lidertecsa.com.ar\/catalogo\/wp-json\/wp\/v2\/product"}],"about":[{"href":"https:\/\/lidertecsa.com.ar\/catalogo\/wp-json\/wp\/v2\/types\/product"}],"wp:featuredmedia":[{"embeddable":true,"href":"https:\/\/lidertecsa.com.ar\/catalogo\/wp-json\/wp\/v2\/media\/5546"}],"wp:attachment":[{"href":"https:\/\/lidertecsa.com.ar\/catalogo\/wp-json\/wp\/v2\/media?parent=5545"}],"wp:term":[{"taxonomy":"product_cat","embeddable":true,"href":"https:\/\/lidertecsa.com.ar\/catalogo\/wp-json\/wp\/v2\/product_cat?post=5545"},{"taxonomy":"product_tag","embeddable":true,"href":"https:\/\/lidertecsa.com.ar\/catalogo\/wp-json\/wp\/v2\/product_tag?post=5545"}],"curies":[{"name":"wp","href":"https:\/\/api.w.org\/{rel}","templated":true}]}}