{"id":5541,"date":"2023-12-19T11:04:24","date_gmt":"2023-12-19T14:04:24","guid":{"rendered":"https:\/\/lidertecsa.com.ar\/catalogo\/?post_type=product&#038;p=5541"},"modified":"2024-12-13T16:37:27","modified_gmt":"2024-12-13T19:37:27","slug":"limpia-contactos-100cm3","status":"publish","type":"product","link":"https:\/\/lidertecsa.com.ar\/catalogo\/producto\/limpia-contactos-100cm3\/","title":{"rendered":"LIMPIA CONTACTOS 100cm3"},"content":{"rendered":"<p class=\"bold\">Gran poder limpiador. Evapora r\u00e1pidamente y no deja residuos.<\/p>\n<p class=\"bold\">Producto de alta pureza especialmente desarrollado para la limpieza de contactos el\u00e9ctricos y electr\u00f3nicos en sistemas de baja y media tensi\u00f3n.<\/p>\n<p class=\"bold\">Presentaci\u00f3n:<\/p>\n<p>Aerosol 120g\/100cm3<\/p>\n<p>Ventajas y beneficios<\/p>\n<p>Limpia, desengrasa y restaura la continuidad el\u00e9ctrica y mec\u00e1nica en todo tipo de contactos con gran econom\u00eda. Es de r\u00e1pida evaporaci\u00f3n y no deja residuos ni humedad. Es inflamable y no ataca la gran mayor\u00eda de los pl\u00e1sticos. Su presentaci\u00f3n en aerosol permite llegar a lugares de dif\u00edcil acceso o inc\u00f3modos para limpiar.<\/p>\n<p>Usos:<\/p>\n<div class=\"util\">Equipos de audio, computaci\u00f3n, video, electro-control, electro-medicina, etc. Mecanismos de precisi\u00f3n, placas electr\u00f3nicas, relays, instrumentales, relojes, etc. Contactos telef\u00f3nicos, z\u00f3calos, conectores, cabezales magn\u00e9ticos. M\u00e1quinas de oficina, etc.<\/div>\n<div><\/div>\n<div class=\"util\">Modos de uso:<\/div>\n<div class=\"util\">AGITE BIEN ANTES DE USAR. Roc\u00ede la superficie a limpiar durante 1 o 2 seg. desde una distancia de 10 cm. Use la c\u00e1nula aplicadora en lugares de dif\u00edcil acceso.<\/div>\n<div><\/div>\n<div class=\"util\">Precauciones:<\/div>\n<p>MANTENER LEJOS DEL ALCANCE DE LOS NI\u00d1OS. Desconecte los enseres y herramientas el\u00e9ctricas antes de aplicar. No perforar el envase, No pulverizar cerca de llama. No arrojar al incinerador. Prohibido su rellenado. No exponer a temperatura mayor a 50\u00ba C. Peligro!! Inflamable. Contiene hidrocarburos. Mantener lejos del fuego y de superficies calientes. No comer, beber ni fumar mientras manipula estos productos. Usar en ambientes ventilados. No inhalar. Luego de su uso asegure el buen cierre del envase. En contacto con los ojos lavar con abundante agua. En caso de ingesti\u00f3n accidental beber agua. Consultar a un Centro Asistencial o Toxicol\u00f3gico llevando el envase o r\u00f3tulo. Centro Nacional de Intoxicaciones: 0800-333-0160.<\/p>\n","protected":false},"excerpt":{"rendered":"<p class=\"bold\">Gran poder limpiador. Evapora r\u00e1pidamente y no deja residuos.<\/p>\n<p class=\"bold\">Producto de alta pureza especialmente desarrollado para la limpieza de contactos el\u00e9ctricos y electr\u00f3nicos en sistemas de baja y media tensi\u00f3n.<\/p>\n","protected":false},"featured_media":5542,"template":"","meta":{"_joinchat":[]},"product_cat":[1042],"product_tag":[145],"class_list":{"0":"post-5541","1":"product","2":"type-product","3":"status-publish","4":"has-post-thumbnail","6":"product_cat-experto","7":"product_tag-limpia-contactos","9":"first","10":"instock","11":"product-type-simple"},"_links":{"self":[{"href":"https:\/\/lidertecsa.com.ar\/catalogo\/wp-json\/wp\/v2\/product\/5541"}],"collection":[{"href":"https:\/\/lidertecsa.com.ar\/catalogo\/wp-json\/wp\/v2\/product"}],"about":[{"href":"https:\/\/lidertecsa.com.ar\/catalogo\/wp-json\/wp\/v2\/types\/product"}],"wp:featuredmedia":[{"embeddable":true,"href":"https:\/\/lidertecsa.com.ar\/catalogo\/wp-json\/wp\/v2\/media\/5542"}],"wp:attachment":[{"href":"https:\/\/lidertecsa.com.ar\/catalogo\/wp-json\/wp\/v2\/media?parent=5541"}],"wp:term":[{"taxonomy":"product_cat","embeddable":true,"href":"https:\/\/lidertecsa.com.ar\/catalogo\/wp-json\/wp\/v2\/product_cat?post=5541"},{"taxonomy":"product_tag","embeddable":true,"href":"https:\/\/lidertecsa.com.ar\/catalogo\/wp-json\/wp\/v2\/product_tag?post=5541"}],"curies":[{"name":"wp","href":"https:\/\/api.w.org\/{rel}","templated":true}]}}