{"id":554,"date":"2023-06-17T19:35:56","date_gmt":"2023-06-17T22:35:56","guid":{"rendered":"https:\/\/lidertecsa.com.ar\/catalogo\/?post_type=product&#038;p=554"},"modified":"2024-12-13T16:30:39","modified_gmt":"2024-12-13T19:30:39","slug":"taladro-de-impacto-te-id-650-e-650-w","status":"publish","type":"product","link":"https:\/\/lidertecsa.com.ar\/catalogo\/producto\/taladro-de-impacto-te-id-650-e-650-w\/","title":{"rendered":"Taladro de impacto TE-ID 650 E &#8211; 650 W"},"content":{"rendered":"<p>El taladro de impacto TE-ID 650 E es una herramienta de alta calidad, potente y compacta que cumple con los requisitos de expertos para trabajos de perforaci\u00f3n y perforaci\u00f3n por impacto en la casa, el taller y el garaje. Su mandril de metal de alta calidad con anillo de empuje, funci\u00f3n de bloqueo y el bloqueo del husillo \u00abPress &amp; Lock\u00bb permiten cambios de herramientas convenientes. La velocidad del TE-ID 650 E se puede dosificar y preseleccionar con precisi\u00f3n a trav\u00e9s de la electr\u00f3nica de control incorporada. Las profundidades de perforaci\u00f3n exactamente repetibles son posibles con el tope de profundidad de perforaci\u00f3n de metal s\u00f3lido y ajustable. La rotaci\u00f3n en sentido horario y antihorario permite un trabajo preciso de atornillado. Gracias al agarre suave y al asa adicional con protecci\u00f3n antirrotaci\u00f3n, que tambi\u00e9n est\u00e1 equipada con una empu\u00f1adura suave, la m\u00e1quina se puede guiar de forma c\u00f3moda y segura. Un dep\u00f3sito de taladros en el mango adicional siempre mantiene taladros de diferentes tama\u00f1os listos en la m\u00e1quina. El orden perfecto en muy poco tiempo es creado por el clip del cable para fijar el cable enrollado. El TE-ID 650 E se guarda de forma ordenada y segura en la pr\u00e1ctica caja de transporte y almacenamiento.<\/p>\n","protected":false},"excerpt":{"rendered":"<ul>\n<li class=\" meta\">Portabrocas de calidad con funci\u00f3n de bloqueo de metal<\/li>\n<li class=\" meta\">Bloqueo del husillo \u00abpress&amp;lock\u00bb<\/li>\n<li class=\" meta\">Electr\u00f3nica de control de velocidad con preselecci\u00f3n de velocidad<\/li>\n<li class=\" meta\">Rotaci\u00f3n en sentido horario y antihorario<\/li>\n<li class=\" meta\">Funci\u00f3n: Perforaci\u00f3n \/ perforaci\u00f3n por impacto<\/li>\n<li class=\"meta\">Tope de profundidad de perforaci\u00f3n de metal<\/li>\n<li class=\"meta\">Agarre suave (tambi\u00e9n en el asa adicional)<\/li>\n<li class=\"meta\">Dep\u00f3sito de perforaci\u00f3n en el mango adicional<\/li>\n<li class=\"meta\">Mango adicional con dispositivo anti-rotaci\u00f3n<\/li>\n<li class=\"meta\">Clip de cable para fijar el cable enrollado<\/li>\n<\/ul>\n","protected":false},"featured_media":555,"template":"","meta":{"_joinchat":[]},"product_cat":[181],"product_tag":[185],"class_list":{"0":"post-554","1":"product","2":"type-product","3":"status-publish","4":"has-post-thumbnail","6":"product_cat-herramientas-electricas","7":"product_tag-taladro-electrico","9":"first","10":"instock","11":"product-type-simple"},"_links":{"self":[{"href":"https:\/\/lidertecsa.com.ar\/catalogo\/wp-json\/wp\/v2\/product\/554"}],"collection":[{"href":"https:\/\/lidertecsa.com.ar\/catalogo\/wp-json\/wp\/v2\/product"}],"about":[{"href":"https:\/\/lidertecsa.com.ar\/catalogo\/wp-json\/wp\/v2\/types\/product"}],"wp:featuredmedia":[{"embeddable":true,"href":"https:\/\/lidertecsa.com.ar\/catalogo\/wp-json\/wp\/v2\/media\/555"}],"wp:attachment":[{"href":"https:\/\/lidertecsa.com.ar\/catalogo\/wp-json\/wp\/v2\/media?parent=554"}],"wp:term":[{"taxonomy":"product_cat","embeddable":true,"href":"https:\/\/lidertecsa.com.ar\/catalogo\/wp-json\/wp\/v2\/product_cat?post=554"},{"taxonomy":"product_tag","embeddable":true,"href":"https:\/\/lidertecsa.com.ar\/catalogo\/wp-json\/wp\/v2\/product_tag?post=554"}],"curies":[{"name":"wp","href":"https:\/\/api.w.org\/{rel}","templated":true}]}}