{"id":5517,"date":"2023-12-19T10:21:17","date_gmt":"2023-12-19T13:21:17","guid":{"rendered":"https:\/\/lidertecsa.com.ar\/catalogo\/?post_type=product&#038;p=5517"},"modified":"2024-12-13T16:37:24","modified_gmt":"2024-12-13T19:37:24","slug":"greasa-de-litio-250cm3","status":"publish","type":"product","link":"https:\/\/lidertecsa.com.ar\/catalogo\/producto\/greasa-de-litio-250cm3\/","title":{"rendered":"GRASA DE LITIO 250cm3"},"content":{"rendered":"<p class=\"bold\">Producto de alt\u00edsima calidad. El mejor poder de lubricidad del mercado.<\/p>\n<p class=\"bold\">Grasa de \u00faltima generaci\u00f3n desarrollada para la lubricaci\u00f3n de rodamientos en condiciones severas de temperatura, carga y resistencia.<\/p>\n<p class=\"bold\">Presentaci\u00f3n:<\/p>\n<p>Aerosol 180g\/250cm3<\/p>\n<p>Ventajas y beneficios<\/p>\n<p>Preparada para trabajar con temperaturas y presiones extremas, altas o bajas. Soporta bajas temperaturas (m\u00edn. -20\u00b0C) y altas temperaturas (m\u00e1x. 150\u00b0C), y cargas de hasta 350 Kg x cm2. Resiste ambientes muy h\u00famedos y no se va con el agua. Es resistente al agua fr\u00eda. No se ablanda con el trabajo. No corroe el material. Posee gran adherencia al metal. Tiene gran estabilidad y alto poder lubricante. Con la c\u00e1nula es posible alcanzar los lugares m\u00e1s inaccesibles.<\/p>\n<p>Usos:<\/p>\n<div class=\"util\">Talleres mec\u00e1nicos (todo rodamiento del autom\u00f3vil): su principal aplicaci\u00f3n es en rulemanes de todo tipo y marca (MAR, 2KL, FAG, RIV, SKF, STEYR, KOYO, etc.). Cojinetes lisos o de rodamientos, cadenas, engranajes, lubricaci\u00f3n de chasis, crucetas, etc. Equipos de refrigeraci\u00f3n (puertas, c\u00e1maras, motores, etc.). Bobinadores de motores el\u00e9ctricos. Electricidad del autom\u00f3vil en general. Bombas de agua.<\/div>\n<div><\/div>\n<div class=\"util\">Modos de uso:<\/div>\n<div class=\"util\">AGITE BIEN ANTES DE USAR y durante el uso. Aplique y deje actuar; repita la operaci\u00f3n en caso de ser necesario.<\/div>\n<div><\/div>\n<div class=\"util\">Precauciones:<\/div>\n<p>MANTENER LEJOS DEL ALCANCE DE LOS NI\u00d1OS. Desconecte los enseres y herramientas el\u00e9ctricas antes de aplicar. No perforar el envase, No pulverizar cerca de llama. No arrojar al incinerador. Prohibido su rellenado. No exponer a temperatura mayor a 50\u00ba C. Peligro!! Inflamable. Contiene hidrocarburos. Mantener lejos del fuego y de superficies calientes. No comer, beber ni fumar mientras manipula estos productos. Usar en ambientes ventilados. No inhalar. Luego de su uso asegure el buen cierre del envase. En contacto con los ojos lavar con abundante agua. En caso de ingesti\u00f3n accidental beber agua. Consultar a un Centro Asistencial o Toxicol\u00f3gico llevando el envase o r\u00f3tulo. Centro Nacional de Intoxicaciones: 0800-333-0160.<\/p>\n","protected":false},"excerpt":{"rendered":"<p class=\"bold\">Producto de alt\u00edsima calidad. El mejor poder de lubricidad del mercado.<\/p>\n<p class=\"bold\">Grasa de \u00faltima generaci\u00f3n desarrollada para la lubricaci\u00f3n de rodamientos en condiciones severas de temperatura, carga y resistencia.<\/p>\n","protected":false},"featured_media":5518,"template":"","meta":{"_joinchat":[]},"product_cat":[1042],"product_tag":[148],"class_list":{"0":"post-5517","1":"product","2":"type-product","3":"status-publish","4":"has-post-thumbnail","6":"product_cat-experto","7":"product_tag-grasa-de-litio","9":"first","10":"instock","11":"product-type-simple"},"_links":{"self":[{"href":"https:\/\/lidertecsa.com.ar\/catalogo\/wp-json\/wp\/v2\/product\/5517"}],"collection":[{"href":"https:\/\/lidertecsa.com.ar\/catalogo\/wp-json\/wp\/v2\/product"}],"about":[{"href":"https:\/\/lidertecsa.com.ar\/catalogo\/wp-json\/wp\/v2\/types\/product"}],"wp:featuredmedia":[{"embeddable":true,"href":"https:\/\/lidertecsa.com.ar\/catalogo\/wp-json\/wp\/v2\/media\/5518"}],"wp:attachment":[{"href":"https:\/\/lidertecsa.com.ar\/catalogo\/wp-json\/wp\/v2\/media?parent=5517"}],"wp:term":[{"taxonomy":"product_cat","embeddable":true,"href":"https:\/\/lidertecsa.com.ar\/catalogo\/wp-json\/wp\/v2\/product_cat?post=5517"},{"taxonomy":"product_tag","embeddable":true,"href":"https:\/\/lidertecsa.com.ar\/catalogo\/wp-json\/wp\/v2\/product_tag?post=5517"}],"curies":[{"name":"wp","href":"https:\/\/api.w.org\/{rel}","templated":true}]}}