{"id":5515,"date":"2023-12-19T10:17:46","date_gmt":"2023-12-19T13:17:46","guid":{"rendered":"https:\/\/lidertecsa.com.ar\/catalogo\/?post_type=product&#038;p=5515"},"modified":"2024-12-13T16:37:24","modified_gmt":"2024-12-13T19:37:24","slug":"greasa-blanca-250cm3","status":"publish","type":"product","link":"https:\/\/lidertecsa.com.ar\/catalogo\/producto\/greasa-blanca-250cm3\/","title":{"rendered":"GRASA BLANCA 250cm3"},"content":{"rendered":"<p class=\"bold\">Soporta bajas y altas temperaturas. Soporta cargas de hasta 9000 kg.x cm2. Es resistente al agua fr\u00eda.<\/p>\n<p class=\"bold\">Grasa de litio de extrema pureza elaborada con aceites viscosos refinados, aditivos antioxidantes y anticorrosivos que le confieren buena adherencia al metal y extrema presi\u00f3n.<\/p>\n<p class=\"bold\">Presentaci\u00f3n:<\/p>\n<p>Aerosol 180g\/250cm3<\/p>\n<p>Ventajas y beneficios<\/p>\n<p>Lubrica piezas met\u00e1licas protegi\u00e9ndolas contra la corrosi\u00f3n en el interior de guardabarros, puertas, trabas de capot, etc. Su sistema de aplicaci\u00f3n (en aerosol) permite lubricar y proteger todas las piezas y mecanismos ubicados en lugares de dif\u00edcil acceso o distantes.<\/p>\n<p>Usos:<\/p>\n<p>Autom\u00f3viles y motos. Camiones, camionetas, \u00f3mnibus. Lanchas, peque\u00f1os barcos, motos de agua, etc.<\/p>\n<p>Modos de uso:<\/p>\n<div class=\"util\">AGITE BIEN ANTES DE USAR y durante el uso. Aplique y deje actuar; repita la operaci\u00f3n en caso de ser necesario.<\/div>\n<div><\/div>\n<div class=\"util\">Precauciones:<\/div>\n<p>MANTENER LEJOS DEL ALCANCE DE LOS NI\u00d1OS. Desconecte los enseres y herramientas el\u00e9ctricas antes de aplicar. No perforar el envase, No pulverizar cerca de llama. No arrojar al incinerador. Prohibido su rellenado. No exponer a temperatura mayor a 50\u00ba C. Peligro!! Inflamable. Contiene hidrocarburos. Mantener lejos del fuego y de superficies calientes. No comer, beber ni fumar mientras manipula estos productos. Usar en ambientes ventilados. No inhalar. Luego de su uso asegure el buen cierre del envase. En contacto con los ojos lavar con abundante agua. En caso de ingesti\u00f3n accidental beber agua. Consultar a un Centro Asistencial o Toxicol\u00f3gico llevando el envase o r\u00f3tulo. Centro Nacional de Intoxicaciones: 0800-333-0160.<\/p>\n","protected":false},"excerpt":{"rendered":"<p class=\"bold\">Soporta bajas y altas temperaturas. Soporta cargas de hasta 9000 kg.x cm2. Es resistente al agua fr\u00eda.<\/p>\n<p class=\"bold\">Grasa de litio de extrema pureza elaborada con aceites viscosos refinados, aditivos antioxidantes y anticorrosivos que le confieren buena adherencia al metal y extrema presi\u00f3n.<\/p>\n","protected":false},"featured_media":5516,"template":"","meta":{"_joinchat":[]},"product_cat":[1042],"product_tag":[1052],"class_list":{"0":"post-5515","1":"product","2":"type-product","3":"status-publish","4":"has-post-thumbnail","6":"product_cat-experto","7":"product_tag-grasa-blanca","9":"first","10":"instock","11":"taxable","12":"shipping-taxable","13":"product-type-simple"},"_links":{"self":[{"href":"https:\/\/lidertecsa.com.ar\/catalogo\/wp-json\/wp\/v2\/product\/5515"}],"collection":[{"href":"https:\/\/lidertecsa.com.ar\/catalogo\/wp-json\/wp\/v2\/product"}],"about":[{"href":"https:\/\/lidertecsa.com.ar\/catalogo\/wp-json\/wp\/v2\/types\/product"}],"wp:featuredmedia":[{"embeddable":true,"href":"https:\/\/lidertecsa.com.ar\/catalogo\/wp-json\/wp\/v2\/media\/5516"}],"wp:attachment":[{"href":"https:\/\/lidertecsa.com.ar\/catalogo\/wp-json\/wp\/v2\/media?parent=5515"}],"wp:term":[{"taxonomy":"product_cat","embeddable":true,"href":"https:\/\/lidertecsa.com.ar\/catalogo\/wp-json\/wp\/v2\/product_cat?post=5515"},{"taxonomy":"product_tag","embeddable":true,"href":"https:\/\/lidertecsa.com.ar\/catalogo\/wp-json\/wp\/v2\/product_tag?post=5515"}],"curies":[{"name":"wp","href":"https:\/\/api.w.org\/{rel}","templated":true}]}}